{"id":10051,"date":"2023-07-05T09:08:08","date_gmt":"2023-07-05T07:08:08","guid":{"rendered":"https:\/\/huisartsenspoedpostzeeland.nl\/?page_id=10051"},"modified":"2024-05-13T14:14:42","modified_gmt":"2024-05-13T12:14:42","slug":"how-to-work-the-gp-notrufstation","status":"publish","type":"page","link":"https:\/\/huisartsenspoedpostzeeland.nl\/de\/how-to-work-the-gp-notrufstation\/","title":{"rendered":"Verfahren"},"content":{"rendered":"\n<p><strong>Wie funktioniert die Hausarzt-Notrufstation?<\/strong><\/p>\n\n\n\n\n\n<p><strong>Gehen Sie zun\u00e4chst die Fragen durch (Soll ich zum Arzt gehen?)<\/strong><\/p>\n\n\n\n<p>Sie k\u00f6nnen nicht einfach in der Notaufnahme des Hausarztes vorbeischauen. Die Hausarzt-Notrufstation ist nur f\u00fcr Beschwerden gedacht, die nicht bis zum n\u00e4chsten Werktag warten k\u00f6nnen. Gehen Sie zun\u00e4chst einige Fragen auf dieser Website durch, um zu beurteilen, ob Sie sich mit uns in Verbindung setzen m\u00fcssen. Dann erhalten Sie schnellstm\u00f6glich die Hilfe, die Sie ben\u00f6tigen. Wenn Ihnen empfohlen wird, anzurufen und die Nummer der haus\u00e4rztlichen Notrufstation De Bevelanden (Goes), Schouwen-Duiveland (Zierikzee) oder Walcheren (Middelburg) anzurufen, h\u00f6ren Sie eine kurze Speisekarte. W\u00e4hlen Sie im Falle einer potenziell lebensbedrohlichen Situation 1. Wir helfen Ihnen vorrangig.<\/p>\n\n\n\n<p><strong>Informationen bei einem Anruf zur Hand<\/strong><\/p>\n\n\n\n<p>Rufen Sie die Notrufstation des Hausarztes an? Dann stellen Sie sicher, dass Sie die folgenden Informationen zur Hand haben:<\/p>\n\n\n\n<ul class=\"wp-block-list\">\n<li>Ihre B\u00fcrgerservicenummer (BSN). Dies ist auf Ihrem Ausweisdokument (Reisepass, Personalausweis oder F\u00fchrerschein) angegeben und hat 9 Ziffern;<\/li>\n\n\n\n<li>Geburtsdatum, Adresse und Telefonnummer;<\/li>\n\n\n\n<li>den Namen Ihres Hausarztes oder Ihrer Hausarztpraxis.<\/li>\n<\/ul>\n\n\n\n<p>Am Telefon k\u00f6nnen Sie auch fragen \u00fcber:<\/p>\n\n\n\n<ul class=\"wp-block-list\">\n<li>Ihre Krankengeschichte (soweit dies f\u00fcr Ihre Hilfeanfrage relevant ist);<\/li>\n\n\n\n<li>alle Medikamente, die Sie m\u00f6glicherweise einnehmen.<\/li>\n<\/ul>\n\n\n\n<p>Die haus\u00e4rztliche Notaufnahme kann \u00fcber den LSP (nationale Schaltstelle) eine Zusammenfassung der Krankenakte des eigenen Hausarztes einsehen. Sie k\u00f6nnen die Erlaubnis dazu \u00fcber&nbsp;<a href=\"http:\/\/www.volgjezorg.nl\" target=\"_blank\" rel=\"noreferrer noopener\">www.volgjezorg.nl<\/a>&nbsp;oder Ihren eigenen Hausarzt erteilen.<\/p>\n\n\n\n<p><strong>Rufen Sie nach jemand anderem?<\/strong><\/p>\n\n\n\n<p>Wenn m\u00f6glich, lassen Sie den Patienten die Notaufnahme des Hausarztes selbst kontaktieren. Ist das nicht m\u00f6glich? Geben Sie dann alle Details der Person an, die Hilfe ben\u00f6tigt. Stellen Sie au\u00dferdem sicher, dass Sie sich in der N\u00e4he des Patienten befinden, wenn Sie anrufen. Sie k\u00f6nnen dann die Beschwerden so gut wie m\u00f6glich beschreiben. Manchmal m\u00f6chte die Triage-Krankenschwester (Arzthelferin oder Krankenschwester) dem Patienten auch selbst einige Fragen stellen. <\/p>\n\n\n\n<p><strong>Was k\u00f6nnen Sie erwarten?<\/strong><\/p>\n\n\n\n<p>Wenn Sie anrufen, erhalten Sie eine Triage-Krankenschwester am Telefon. Eine Triage-Krankenschwester verf\u00fcgt \u00fcber umfangreiche medizinische Kenntnisse und ist speziell geschult, um schnell festzustellen, wie ernst Ihre Symptome sind und was erforderlich ist. Dies geschieht bei Bedarf in Absprache mit dem Hausarzt, der in der haus\u00e4rztlichen Notaufnahme Dienst hat. Es gibt folgende M\u00f6glichkeiten:<\/p>\n\n\n\n<ol class=\"wp-block-list\">\n<li><strong>Telefonische Beratung.<\/strong> Sie erhalten eine Erkl\u00e4rung und telefonische Beratung durch den Triagisten (anschlie\u00dfend vom Hausarzt \u00fcberpr\u00fcft).&nbsp;Dies wird auch als Triage-Konsultation bezeichnet.<\/li>\n\n\n\n<li><strong>Konsultation.<\/strong> Die&nbsp;Triage-Krankenschwester&nbsp;vereinbart f\u00fcr Sie einen&nbsp;Termin in der haus\u00e4rztlichen Notaufnahme.&nbsp;Dort werden Sie von einem Hausarzt oder einer Fachkrankenschwester\/Arzthelferin&nbsp;&nbsp;untersucht.&nbsp;<\/li>\n\n\n\n<li><strong>Telefonische Beratung.<\/strong> Der Hausarzt oder die Krankenschwester\/Arzthelferin wird Sie zur\u00fcckrufen. Dies wird auch als digitale Beratung bezeichnet, per Videoanruf oder per Telefon.<\/li>\n\n\n\n<li><strong>Besuche<\/strong>. Der Hausarzt wird Sie&nbsp;zu Hause besuchen.&nbsp;Ein Besuch ist nur m\u00f6glich, wenn Sie aus medizinischen Gr\u00fcnden nicht in der Lage sind, den Hausarztdienst au\u00dferhalb der \u00d6ffnungszeiten aufzusuchen.&nbsp;<\/li>\n<\/ol>\n\n\n\n<p><strong>Rezepte<\/strong><\/p>\n\n\n\n<p>Normalerweise vereinbaren Patienten Wiederholungsrezepte mit ihrem eigenen Hausarzt. Nur in dringenden F\u00e4llen ist es m\u00f6glich, dass der diensthabende Hausarzt ein Wiederholungsrezept verschreibt. Der Arzt verschreibt Ihnen dann bis zur n\u00e4chsten Sprechstunde Ihres Hausarztes so viele Medikamente wie n\u00f6tig. Bitte beachten Sie, dass die Apotheke au\u00dferhalb der B\u00fcrozeiten zus\u00e4tzliche Geb\u00fchren erhebt.<\/p>\n\n\n\n<figure class=\"wp-block-embed is-type-video is-provider-youtube wp-block-embed-youtube wp-embed-aspect-16-9 wp-has-aspect-ratio\"><div class=\"wp-block-embed__wrapper\">https:\/\/youtu.be\/yEPjVAd_S7Q<\/div><\/figure>\n\n\n\n<figure class=\"wp-block-embed is-type-video is-provider-vimeo wp-block-embed-vimeo wp-embed-aspect-16-9 wp-has-aspect-ratio\"><div class=\"wp-block-embed__wrapper\">https:\/\/vimeo.com\/306189171<\/div><\/figure>\n","protected":false},"excerpt":{"rendered":"<p>Wie funktioniert die Hausarzt-Notrufstation? Gehen Sie zun\u00e4chst die Fragen durch (Soll ich zum Arzt gehen?) Sie k\u00f6nnen nicht einfach in der Notaufnahme des Hausarztes vorbeischauen. Die Hausarzt-Notrufstation ist nur f\u00fcr Beschwerden gedacht, die nicht bis zum n\u00e4chsten Werktag warten k\u00f6nnen. Gehen Sie zun\u00e4chst einige Fragen auf dieser Website durch, um zu beurteilen, ob Sie sich mit uns in Verbindung setzen m\u00fcssen. Dann erhalten Sie schnellstm\u00f6glich die Hilfe, die Sie ben\u00f6tigen. Wenn Ihnen empfohlen wird, anzurufen und die Nummer der haus\u00e4rztlichen Notrufstation De Bevelanden (Goes), Schouwen-Duiveland (Zierikzee) oder Walcheren (Middelburg) anzurufen, h\u00f6ren Sie eine kurze Speisekarte. W\u00e4hlen Sie im Falle einer potenziell lebensbedrohlichen Situation 1. Wir helfen [&#8230;]<\/p>\n","protected":false},"author":37,"featured_media":0,"parent":0,"menu_order":0,"comment_status":"closed","ping_status":"closed","template":"","meta":{"_acf_changed":false,"_trash_the_other_posts":false,"editor_notices":[],"footnotes":""},"class_list":["post-10051","page","type-page","status-publish","hentry"],"acf":[],"yoast_head":"<!-- This site is optimized with the Yoast SEO plugin v26.6 - https:\/\/yoast.com\/wordpress\/plugins\/seo\/ -->\n<title>Verfahren - Huisartsenspoedpost Zeeland - Deutsch<\/title>\n<meta name=\"robots\" content=\"index, follow, max-snippet:-1, max-image-preview:large, max-video-preview:-1\" \/>\n<link rel=\"canonical\" href=\"https:\/\/huisartsenspoedpostzeeland.nl\/de\/how-to-work-the-gp-notrufstation\/\" \/>\n<meta property=\"og:locale\" content=\"de_DE\" \/>\n<meta property=\"og:type\" content=\"article\" \/>\n<meta property=\"og:title\" content=\"Verfahren - Huisartsenspoedpost Zeeland - Deutsch\" \/>\n<meta property=\"og:description\" content=\"Wie funktioniert die Hausarzt-Notrufstation? Gehen Sie zun\u00e4chst die Fragen durch (Soll ich zum Arzt gehen?) Sie k\u00f6nnen nicht einfach in der Notaufnahme des Hausarztes vorbeischauen. Die Hausarzt-Notrufstation ist nur f\u00fcr Beschwerden gedacht, die nicht bis zum n\u00e4chsten Werktag warten k\u00f6nnen. Gehen Sie zun\u00e4chst einige Fragen auf dieser Website durch, um zu beurteilen, ob Sie sich mit uns in Verbindung setzen m\u00fcssen. Dann erhalten Sie schnellstm\u00f6glich die Hilfe, die Sie ben\u00f6tigen. Wenn Ihnen empfohlen wird, anzurufen und die Nummer der haus\u00e4rztlichen Notrufstation De Bevelanden (Goes), Schouwen-Duiveland (Zierikzee) oder Walcheren (Middelburg) anzurufen, h\u00f6ren Sie eine kurze Speisekarte. W\u00e4hlen Sie im Falle einer potenziell lebensbedrohlichen Situation 1. Wir helfen [...]\" \/>\n<meta property=\"og:url\" content=\"https:\/\/huisartsenspoedpostzeeland.nl\/de\/how-to-work-the-gp-notrufstation\/\" \/>\n<meta property=\"og:site_name\" content=\"Huisartsenspoedpost Zeeland - Deutsch\" \/>\n<meta property=\"article:modified_time\" content=\"2024-05-13T12:14:42+00:00\" \/>\n<meta name=\"twitter:card\" content=\"summary_large_image\" \/>\n<meta name=\"twitter:label1\" content=\"Gesch\u00e4tzte Lesezeit\" \/>\n\t<meta name=\"twitter:data1\" content=\"3\u00a0Minuten\" \/>\n<script type=\"application\/ld+json\" class=\"yoast-schema-graph\">{\"@context\":\"https:\/\/schema.org\",\"@graph\":[{\"@type\":\"WebPage\",\"@id\":\"https:\/\/huisartsenspoedpostzeeland.nl\/de\/how-to-work-the-gp-notrufstation\/\",\"url\":\"https:\/\/huisartsenspoedpostzeeland.nl\/de\/how-to-work-the-gp-notrufstation\/\",\"name\":\"Verfahren - Huisartsenspoedpost Zeeland - Deutsch\",\"isPartOf\":{\"@id\":\"https:\/\/huisartsenspoedpostzeeland.nl\/de\/#website\"},\"datePublished\":\"2023-07-05T07:08:08+00:00\",\"dateModified\":\"2024-05-13T12:14:42+00:00\",\"breadcrumb\":{\"@id\":\"https:\/\/huisartsenspoedpostzeeland.nl\/de\/how-to-work-the-gp-notrufstation\/#breadcrumb\"},\"inLanguage\":\"de\",\"potentialAction\":[{\"@type\":\"ReadAction\",\"target\":[\"https:\/\/huisartsenspoedpostzeeland.nl\/de\/how-to-work-the-gp-notrufstation\/\"]}]},{\"@type\":\"BreadcrumbList\",\"@id\":\"https:\/\/huisartsenspoedpostzeeland.nl\/de\/how-to-work-the-gp-notrufstation\/#breadcrumb\",\"itemListElement\":[{\"@type\":\"ListItem\",\"position\":1,\"name\":\"Home\",\"item\":\"https:\/\/huisartsenspoedpostzeeland.nl\/de\/\"},{\"@type\":\"ListItem\",\"position\":2,\"name\":\"Verfahren\"}]},{\"@type\":\"WebSite\",\"@id\":\"https:\/\/huisartsenspoedpostzeeland.nl\/de\/#website\",\"url\":\"https:\/\/huisartsenspoedpostzeeland.nl\/de\/\",\"name\":\"Huisartsenspoedpost Zeeland - Deutsch\",\"description\":\"\",\"potentialAction\":[{\"@type\":\"SearchAction\",\"target\":{\"@type\":\"EntryPoint\",\"urlTemplate\":\"https:\/\/huisartsenspoedpostzeeland.nl\/de\/?s={search_term_string}\"},\"query-input\":{\"@type\":\"PropertyValueSpecification\",\"valueRequired\":true,\"valueName\":\"search_term_string\"}}],\"inLanguage\":\"de\"}]}<\/script>\n<!-- \/ Yoast SEO plugin. -->","yoast_head_json":{"title":"Verfahren - Huisartsenspoedpost Zeeland - Deutsch","robots":{"index":"index","follow":"follow","max-snippet":"max-snippet:-1","max-image-preview":"max-image-preview:large","max-video-preview":"max-video-preview:-1"},"canonical":"https:\/\/huisartsenspoedpostzeeland.nl\/de\/how-to-work-the-gp-notrufstation\/","og_locale":"de_DE","og_type":"article","og_title":"Verfahren - Huisartsenspoedpost Zeeland - Deutsch","og_description":"Wie funktioniert die Hausarzt-Notrufstation? Gehen Sie zun\u00e4chst die Fragen durch (Soll ich zum Arzt gehen?) Sie k\u00f6nnen nicht einfach in der Notaufnahme des Hausarztes vorbeischauen. Die Hausarzt-Notrufstation ist nur f\u00fcr Beschwerden gedacht, die nicht bis zum n\u00e4chsten Werktag warten k\u00f6nnen. Gehen Sie zun\u00e4chst einige Fragen auf dieser Website durch, um zu beurteilen, ob Sie sich mit uns in Verbindung setzen m\u00fcssen. Dann erhalten Sie schnellstm\u00f6glich die Hilfe, die Sie ben\u00f6tigen. Wenn Ihnen empfohlen wird, anzurufen und die Nummer der haus\u00e4rztlichen Notrufstation De Bevelanden (Goes), Schouwen-Duiveland (Zierikzee) oder Walcheren (Middelburg) anzurufen, h\u00f6ren Sie eine kurze Speisekarte. W\u00e4hlen Sie im Falle einer potenziell lebensbedrohlichen Situation 1. Wir helfen [...]","og_url":"https:\/\/huisartsenspoedpostzeeland.nl\/de\/how-to-work-the-gp-notrufstation\/","og_site_name":"Huisartsenspoedpost Zeeland - Deutsch","article_modified_time":"2024-05-13T12:14:42+00:00","twitter_card":"summary_large_image","twitter_misc":{"Gesch\u00e4tzte Lesezeit":"3\u00a0Minuten"},"schema":{"@context":"https:\/\/schema.org","@graph":[{"@type":"WebPage","@id":"https:\/\/huisartsenspoedpostzeeland.nl\/de\/how-to-work-the-gp-notrufstation\/","url":"https:\/\/huisartsenspoedpostzeeland.nl\/de\/how-to-work-the-gp-notrufstation\/","name":"Verfahren - Huisartsenspoedpost Zeeland - Deutsch","isPartOf":{"@id":"https:\/\/huisartsenspoedpostzeeland.nl\/de\/#website"},"datePublished":"2023-07-05T07:08:08+00:00","dateModified":"2024-05-13T12:14:42+00:00","breadcrumb":{"@id":"https:\/\/huisartsenspoedpostzeeland.nl\/de\/how-to-work-the-gp-notrufstation\/#breadcrumb"},"inLanguage":"de","potentialAction":[{"@type":"ReadAction","target":["https:\/\/huisartsenspoedpostzeeland.nl\/de\/how-to-work-the-gp-notrufstation\/"]}]},{"@type":"BreadcrumbList","@id":"https:\/\/huisartsenspoedpostzeeland.nl\/de\/how-to-work-the-gp-notrufstation\/#breadcrumb","itemListElement":[{"@type":"ListItem","position":1,"name":"Home","item":"https:\/\/huisartsenspoedpostzeeland.nl\/de\/"},{"@type":"ListItem","position":2,"name":"Verfahren"}]},{"@type":"WebSite","@id":"https:\/\/huisartsenspoedpostzeeland.nl\/de\/#website","url":"https:\/\/huisartsenspoedpostzeeland.nl\/de\/","name":"Huisartsenspoedpost Zeeland - Deutsch","description":"","potentialAction":[{"@type":"SearchAction","target":{"@type":"EntryPoint","urlTemplate":"https:\/\/huisartsenspoedpostzeeland.nl\/de\/?s={search_term_string}"},"query-input":{"@type":"PropertyValueSpecification","valueRequired":true,"valueName":"search_term_string"}}],"inLanguage":"de"}]}},"_links":{"self":[{"href":"https:\/\/huisartsenspoedpostzeeland.nl\/de\/wp-json\/wp\/v2\/pages\/10051","targetHints":{"allow":["GET"]}}],"collection":[{"href":"https:\/\/huisartsenspoedpostzeeland.nl\/de\/wp-json\/wp\/v2\/pages"}],"about":[{"href":"https:\/\/huisartsenspoedpostzeeland.nl\/de\/wp-json\/wp\/v2\/types\/page"}],"author":[{"embeddable":true,"href":"https:\/\/huisartsenspoedpostzeeland.nl\/de\/wp-json\/wp\/v2\/users\/37"}],"replies":[{"embeddable":true,"href":"https:\/\/huisartsenspoedpostzeeland.nl\/de\/wp-json\/wp\/v2\/comments?post=10051"}],"version-history":[{"count":2,"href":"https:\/\/huisartsenspoedpostzeeland.nl\/de\/wp-json\/wp\/v2\/pages\/10051\/revisions"}],"predecessor-version":[{"id":12608,"href":"https:\/\/huisartsenspoedpostzeeland.nl\/de\/wp-json\/wp\/v2\/pages\/10051\/revisions\/12608"}],"wp:attachment":[{"href":"https:\/\/huisartsenspoedpostzeeland.nl\/de\/wp-json\/wp\/v2\/media?parent=10051"}],"curies":[{"name":"wp","href":"https:\/\/api.w.org\/{rel}","templated":true}]}}