{"id":10078,"date":"2023-07-11T15:06:12","date_gmt":"2023-07-11T13:06:12","guid":{"rendered":"https:\/\/huisartsenspoedpostzeeland.nl\/?page_id=10078"},"modified":"2024-05-13T11:53:23","modified_gmt":"2024-05-13T09:53:23","slug":"belgisch","status":"publish","type":"page","link":"https:\/\/huisartsenspoedpostzeeland.nl\/de\/belgisch\/","title":{"rendered":"Belgisch"},"content":{"rendered":"\n\n\n<div id=\"mindd_widget_embedded\"><\/div>\n<script src=\"https:\/\/moetiknaardedokter.azurewebsites.net\/embed\/index.js\" type=\"text\/javascript\"><\/script>\n<script type=\"text\/javascript\">\n\twindow.addEventListener('DOMContentLoaded', function() {\n\t\twindow.mindd.init({\n\t\t\tApiKey: 'XXb\/K5kLU9X4HuKM8HjXueS8A+JPM2BY',\n\t\t\ttarget: '#mindd_widget_embedded',\n\t\t\ttype: 'widget',\t\t\t\n\t\t\topen: false,\n\t\t\tdefaultLanguageCode: 'BE',\n\t\t\tmodalDisplayMode: 'full',\n\t\t\twidget_showWelcomeText: true,\n\t\t\twidget_background: 'transparent',\n\t\t\twidget_foreground: '#fff',\n\t\t\tlabels: {\n\t\t\t\tQuestionWhatGender: null\n\t\t\t},\n\t\t\tbranding: {\n\t\t\t\ttermsOfUseUrl: '\/gebruiksvoorwaarden\/',\n\t\t\t\tlayout: null,\n\t\t\t\tname: '',\n\t\t\t\tphone_label: '',\n\t\t\t\tphone_number: '',\n\t\t\t}\n\t\t});\n\t});\n<\/script>\n\n\n\n<h2 class=\"wp-block-heading\">Willkommen bei der Huisartsenspoedpost Zeeland!<\/h2>\n\n\n\n<p>Willkommen auf der Website des&nbsp;GP Emergency Post, Teil von The GP Connection.<br>Wenn Sie abends, nachts, am Wochenende oder an einem Feiertag dringend einen Hausarzt ben\u00f6tigen, rufen Sie die Telefonnummer der haus\u00e4rztlichen Notrufstation in Ihrer N\u00e4he an. Ein Betreten ohne Termin ist nicht m\u00f6glich.<\/p>\n\n\n\n<h2 class=\"wp-block-heading\">Akutversorgung<\/h2>\n\n\n\n<p>Die haus\u00e4rztliche Notfallstation ist nur abends, nachts,&nbsp;am Wochenende und an Feiertagen f\u00fcr die haus\u00e4rztliche Notfallversorgung da, die nicht bis zur n\u00e4chsten Sprechstunde des eigenen Hausarztes warten kann.<\/p>\n\n\n\n<h2 class=\"wp-block-heading\">\u00d6ffnungszeiten<\/h2>\n\n\n\n<p>Der Hausarztdienst au\u00dferhalb der \u00d6ffnungszeiten ist von Montag bis Freitag von 17:00 bis 8:00 Uhr verf\u00fcgbar. Samstags, sonntags und an Feiertagen ist der Hausarztdienst au\u00dferhalb der \u00d6ffnungszeiten 24 Stunden am Tag ge\u00f6ffnet. Wir bitten Sie, sich immer zuerst telefonisch mit uns in Verbindung zu setzen, um einen Termin zu vereinbaren.<\/p>\n\n\n\n<p>Brauchen Sie einen Krankenwagen? Rufen Sie 112 an.<\/p>\n\n\n\n<h2 class=\"wp-block-heading\">Linie besetzt<\/h2>\n\n\n\n<p>Rufen Sie zu einer Zeit an, in der alle Leitungen besetzt sind? Dann werden Sie in die Warteschlange gestellt. In diesem Fall warten Sie bitte ruhig, die Triage-Krankenschwester wird so schnell wie m\u00f6glich mit Ihnen sprechen.<\/p>\n\n\n\n<h2 class=\"wp-block-heading\">Notrufnummer<\/h2>\n\n\n\n<p>Ben\u00f6tigen Sie dringend Hilfe? Dr\u00fccken Sie dann eine 1 und Sie werden direkt zur Notrufnummer weitergeleitet.<\/p>\n\n\n\n<h2 class=\"wp-block-heading\">Zeeland Safe<\/h2>\n\n\n\n<p>Wenn es zu einer Krise kommt, an der auch andere Gesundheitsorganisationen und die Sicherheitsregion Zeeland beteiligt sind, finden Sie die neuesten Informationen \u00fcber <a href=\"https:\/\/www.zeelandveilig.nl\/\" target=\"_blank\" rel=\"noreferrer noopener\">Zeeland_Veilig<\/a><\/p>\n\n\n\n<p>\n","protected":false},"excerpt":{"rendered":"<p>Willkommen bei der Huisartsenspoedpost Zeeland! Willkommen auf der Website des&nbsp;GP Emergency Post, Teil von The GP Connection. Wenn Sie abends, nachts, am Wochenende oder an einem Feiertag dringend einen Hausarzt ben\u00f6tigen, rufen Sie die Telefonnummer der haus\u00e4rztlichen Notrufstation in Ihrer N\u00e4he an. Ein Betreten ohne Termin ist nicht m\u00f6glich. Akutversorgung Die haus\u00e4rztliche Notfallstation ist nur f\u00fcr die haus\u00e4rztliche Notfallversorgung an Abenden, N\u00e4chten,&nbsp;Wochenenden und Feiertagen da, die nicht bis zur n\u00e4chsten Sprechstunde des eigenen Hausarztes warten kann. Der Hausarztdienst au\u00dferhalb der \u00d6ffnungszeiten ist von Montag bis Freitag von 17:00 bis 8:00 Uhr verf\u00fcgbar. Samstags und sonntags sowie an offiziellen [&#8230;]<\/p>\n","protected":false},"author":3,"featured_media":0,"parent":0,"menu_order":0,"comment_status":"closed","ping_status":"closed","template":"","meta":{"_acf_changed":false,"_trash_the_other_posts":false,"editor_notices":[],"footnotes":""},"class_list":["post-10078","page","type-page","status-publish","hentry"],"acf":[],"yoast_head":"<!-- This site is optimized with the Yoast SEO plugin v26.6 - https:\/\/yoast.com\/wordpress\/plugins\/seo\/ -->\n<title>Belgisch - Huisartsenspoedpost Zeeland - Deutsch<\/title>\n<meta name=\"robots\" content=\"index, follow, max-snippet:-1, max-image-preview:large, max-video-preview:-1\" \/>\n<link rel=\"canonical\" href=\"https:\/\/huisartsenspoedpostzeeland.nl\/de\/belgisch\/\" \/>\n<meta property=\"og:locale\" content=\"de_DE\" \/>\n<meta property=\"og:type\" content=\"article\" \/>\n<meta property=\"og:title\" content=\"Belgisch - Huisartsenspoedpost Zeeland - Deutsch\" \/>\n<meta property=\"og:description\" content=\"Willkommen bei der Huisartsenspoedpost Zeeland! Willkommen auf der Website des&nbsp;GP Emergency Post, Teil von The GP Connection. Wenn Sie abends, nachts, am Wochenende oder an einem Feiertag dringend einen Hausarzt ben\u00f6tigen, rufen Sie die Telefonnummer der haus\u00e4rztlichen Notrufstation in Ihrer N\u00e4he an. Ein Betreten ohne Termin ist nicht m\u00f6glich. Akutversorgung Die haus\u00e4rztliche Notfallstation ist nur f\u00fcr die haus\u00e4rztliche Notfallversorgung an Abenden, N\u00e4chten,&nbsp;Wochenenden und Feiertagen da, die nicht bis zur n\u00e4chsten Sprechstunde des eigenen Hausarztes warten kann. Der Hausarztdienst au\u00dferhalb der \u00d6ffnungszeiten ist von Montag bis Freitag von 17:00 bis 8:00 Uhr verf\u00fcgbar. Samstags und sonntags sowie an offiziellen [...]\" \/>\n<meta property=\"og:url\" content=\"https:\/\/huisartsenspoedpostzeeland.nl\/de\/belgisch\/\" \/>\n<meta property=\"og:site_name\" content=\"Huisartsenspoedpost Zeeland - Deutsch\" \/>\n<meta property=\"article:modified_time\" content=\"2024-05-13T09:53:23+00:00\" \/>\n<meta name=\"twitter:card\" content=\"summary_large_image\" \/>\n<script type=\"application\/ld+json\" class=\"yoast-schema-graph\">{\"@context\":\"https:\/\/schema.org\",\"@graph\":[{\"@type\":\"WebPage\",\"@id\":\"https:\/\/huisartsenspoedpostzeeland.nl\/de\/belgisch\/\",\"url\":\"https:\/\/huisartsenspoedpostzeeland.nl\/de\/belgisch\/\",\"name\":\"Belgisch - Huisartsenspoedpost Zeeland - Deutsch\",\"isPartOf\":{\"@id\":\"https:\/\/huisartsenspoedpostzeeland.nl\/de\/#website\"},\"datePublished\":\"2023-07-11T13:06:12+00:00\",\"dateModified\":\"2024-05-13T09:53:23+00:00\",\"breadcrumb\":{\"@id\":\"https:\/\/huisartsenspoedpostzeeland.nl\/de\/belgisch\/#breadcrumb\"},\"inLanguage\":\"de\",\"potentialAction\":[{\"@type\":\"ReadAction\",\"target\":[\"https:\/\/huisartsenspoedpostzeeland.nl\/de\/belgisch\/\"]}]},{\"@type\":\"BreadcrumbList\",\"@id\":\"https:\/\/huisartsenspoedpostzeeland.nl\/de\/belgisch\/#breadcrumb\",\"itemListElement\":[{\"@type\":\"ListItem\",\"position\":1,\"name\":\"Home\",\"item\":\"https:\/\/huisartsenspoedpostzeeland.nl\/de\/\"},{\"@type\":\"ListItem\",\"position\":2,\"name\":\"Belgisch\"}]},{\"@type\":\"WebSite\",\"@id\":\"https:\/\/huisartsenspoedpostzeeland.nl\/de\/#website\",\"url\":\"https:\/\/huisartsenspoedpostzeeland.nl\/de\/\",\"name\":\"Huisartsenspoedpost Zeeland - Deutsch\",\"description\":\"\",\"potentialAction\":[{\"@type\":\"SearchAction\",\"target\":{\"@type\":\"EntryPoint\",\"urlTemplate\":\"https:\/\/huisartsenspoedpostzeeland.nl\/de\/?s={search_term_string}\"},\"query-input\":{\"@type\":\"PropertyValueSpecification\",\"valueRequired\":true,\"valueName\":\"search_term_string\"}}],\"inLanguage\":\"de\"}]}<\/script>\n<!-- \/ Yoast SEO plugin. -->","yoast_head_json":{"title":"Belgisch - Huisartsenspoedpost Zeeland - Deutsch","robots":{"index":"index","follow":"follow","max-snippet":"max-snippet:-1","max-image-preview":"max-image-preview:large","max-video-preview":"max-video-preview:-1"},"canonical":"https:\/\/huisartsenspoedpostzeeland.nl\/de\/belgisch\/","og_locale":"de_DE","og_type":"article","og_title":"Belgisch - Huisartsenspoedpost Zeeland - Deutsch","og_description":"Willkommen bei der Huisartsenspoedpost Zeeland! Willkommen auf der Website des&nbsp;GP Emergency Post, Teil von The GP Connection. Wenn Sie abends, nachts, am Wochenende oder an einem Feiertag dringend einen Hausarzt ben\u00f6tigen, rufen Sie die Telefonnummer der haus\u00e4rztlichen Notrufstation in Ihrer N\u00e4he an. Ein Betreten ohne Termin ist nicht m\u00f6glich. Akutversorgung Die haus\u00e4rztliche Notfallstation ist nur f\u00fcr die haus\u00e4rztliche Notfallversorgung an Abenden, N\u00e4chten,&nbsp;Wochenenden und Feiertagen da, die nicht bis zur n\u00e4chsten Sprechstunde des eigenen Hausarztes warten kann. Der Hausarztdienst au\u00dferhalb der \u00d6ffnungszeiten ist von Montag bis Freitag von 17:00 bis 8:00 Uhr verf\u00fcgbar. Samstags und sonntags sowie an offiziellen [...]","og_url":"https:\/\/huisartsenspoedpostzeeland.nl\/de\/belgisch\/","og_site_name":"Huisartsenspoedpost Zeeland - Deutsch","article_modified_time":"2024-05-13T09:53:23+00:00","twitter_card":"summary_large_image","schema":{"@context":"https:\/\/schema.org","@graph":[{"@type":"WebPage","@id":"https:\/\/huisartsenspoedpostzeeland.nl\/de\/belgisch\/","url":"https:\/\/huisartsenspoedpostzeeland.nl\/de\/belgisch\/","name":"Belgisch - Huisartsenspoedpost Zeeland - Deutsch","isPartOf":{"@id":"https:\/\/huisartsenspoedpostzeeland.nl\/de\/#website"},"datePublished":"2023-07-11T13:06:12+00:00","dateModified":"2024-05-13T09:53:23+00:00","breadcrumb":{"@id":"https:\/\/huisartsenspoedpostzeeland.nl\/de\/belgisch\/#breadcrumb"},"inLanguage":"de","potentialAction":[{"@type":"ReadAction","target":["https:\/\/huisartsenspoedpostzeeland.nl\/de\/belgisch\/"]}]},{"@type":"BreadcrumbList","@id":"https:\/\/huisartsenspoedpostzeeland.nl\/de\/belgisch\/#breadcrumb","itemListElement":[{"@type":"ListItem","position":1,"name":"Home","item":"https:\/\/huisartsenspoedpostzeeland.nl\/de\/"},{"@type":"ListItem","position":2,"name":"Belgisch"}]},{"@type":"WebSite","@id":"https:\/\/huisartsenspoedpostzeeland.nl\/de\/#website","url":"https:\/\/huisartsenspoedpostzeeland.nl\/de\/","name":"Huisartsenspoedpost Zeeland - Deutsch","description":"","potentialAction":[{"@type":"SearchAction","target":{"@type":"EntryPoint","urlTemplate":"https:\/\/huisartsenspoedpostzeeland.nl\/de\/?s={search_term_string}"},"query-input":{"@type":"PropertyValueSpecification","valueRequired":true,"valueName":"search_term_string"}}],"inLanguage":"de"}]}},"_links":{"self":[{"href":"https:\/\/huisartsenspoedpostzeeland.nl\/de\/wp-json\/wp\/v2\/pages\/10078","targetHints":{"allow":["GET"]}}],"collection":[{"href":"https:\/\/huisartsenspoedpostzeeland.nl\/de\/wp-json\/wp\/v2\/pages"}],"about":[{"href":"https:\/\/huisartsenspoedpostzeeland.nl\/de\/wp-json\/wp\/v2\/types\/page"}],"author":[{"embeddable":true,"href":"https:\/\/huisartsenspoedpostzeeland.nl\/de\/wp-json\/wp\/v2\/users\/3"}],"replies":[{"embeddable":true,"href":"https:\/\/huisartsenspoedpostzeeland.nl\/de\/wp-json\/wp\/v2\/comments?post=10078"}],"version-history":[{"count":1,"href":"https:\/\/huisartsenspoedpostzeeland.nl\/de\/wp-json\/wp\/v2\/pages\/10078\/revisions"}],"predecessor-version":[{"id":12610,"href":"https:\/\/huisartsenspoedpostzeeland.nl\/de\/wp-json\/wp\/v2\/pages\/10078\/revisions\/12610"}],"wp:attachment":[{"href":"https:\/\/huisartsenspoedpostzeeland.nl\/de\/wp-json\/wp\/v2\/media?parent=10078"}],"curies":[{"name":"wp","href":"https:\/\/api.w.org\/{rel}","templated":true}]}}