{"id":10126,"date":"2023-07-13T10:58:38","date_gmt":"2023-07-13T08:58:38","guid":{"rendered":"https:\/\/huisartsenspoedpostzeeland.nl\/?page_id=10126"},"modified":"2026-03-25T10:59:36","modified_gmt":"2026-03-25T09:59:36","slug":"tarife","status":"publish","type":"page","link":"https:\/\/huisartsenspoedpostzeeland.nl\/de\/tarife\/","title":{"rendered":"Preise"},"content":{"rendered":"\n<p>Wenn Sie in den Niederlanden versichert sind, werden die Kosten an der Hausarztstation erstattet, da dies vom Grundpaket abgedeckt wird. Touristen und Patienten, die nicht nachweisen k\u00f6nnen, dass sie versichert sind oder keine europ\u00e4ische Krankenversicherungskarte (EHIC) besitzen, m\u00fcssen direkt in der Hausarztstation (mit Karte) bezahlen. Sie k\u00f6nnen die Kosten bei ihrer Krankenversicherung geltend machen. Bist du in den Niederlanden nicht versichert, aber kannst du am Schalter eine g\u00fcltige EHIC-Karte vorzeigen? Dann k\u00f6nnen wir eine Rechnung an Ihre Versicherung schicken.<br><\/p>\n\n\n\n<p><\/p>\n\n\n\n<h2 class=\"wp-block-heading\">Unsere Tarife im Jahr 2026<\/h2>\n\n\n\n<p><em>Ermittelt von der niederl\u00e4ndischen Gesundheitsbeh\u00f6rde in Euro:<\/em><\/p>\n\n\n\n<p>Beratung \u20ac 218,99<br>Besuchen Sie \u20ac 328,49<br>Triageberatung 35,00 \u20ac<\/p>\n\n\n\n<p>Haben Sie Fragen zu Ihrer Rechnung? Schicken Sie <a href=\"mailto:administratie@dehuisartsenconnectie.nl\" target=\"_blank\" rel=\"noreferrer noopener\">administratie@dehuisartsenconnectie.nl<\/a>&nbsp;&nbsp;per Post und geben Sie die Rechnung sowie die Schuldnernummer an.<\/p>\n\n\n\n<figure class=\"wp-block-image size-full\"><img decoding=\"async\" width=\"806\" height=\"152\" src=\"https:\/\/huisartsenspoedpostzeeland.nl\/wp-content\/uploads\/sites\/17\/2023\/07\/image.png\" alt=\"\" class=\"wp-image-10127\" srcset=\"https:\/\/huisartsenspoedpostzeeland.nl\/de\/wp-content\/uploads\/sites\/130\/2023\/07\/image.png 806w, https:\/\/huisartsenspoedpostzeeland.nl\/de\/wp-content\/uploads\/sites\/130\/2023\/07\/image-300x57.png 300w, https:\/\/huisartsenspoedpostzeeland.nl\/de\/wp-content\/uploads\/sites\/130\/2023\/07\/image-768x145.png 768w\" sizes=\"(max-width: 806px) 100vw, 806px\" \/><\/figure>\n\n\n\n<p class=\"has-medium-font-size\"><strong>Praktische Informationen<\/strong><\/p>\n\n\n\n<p>Je nach Ihrer Situation erhalten Sie eine:<\/p>\n\n\n\n<ol class=\"wp-block-list\">\n<li><strong>Telefonberatung.<\/strong> Sie erhalten eine Erkl\u00e4rung und eine telefonische Beratung vom Triagisten (anschlie\u00dfend vom Hausarzt&nbsp;\u00fcberpr\u00fcft). Dies wird auch <em>Triage-Beratung<\/em> genannt.<\/li>\n\n\n\n<li><strong>Beratung.<\/strong> Die Triage-Krankenschwester&nbsp;&nbsp;vereinbart einen&nbsp;Termin f\u00fcr Sie in der Hausarztstation.&nbsp;Dort wird Sie von einem Allgemeinarzt oder Pflegefacharzt\/Physician&nbsp;Assistant&nbsp;untersucht.&nbsp;<\/li>\n\n\n\n<li><strong>Telefonkonsultation.<\/strong> Der Allgemeinarzt oder der Pflegefacharzt\/Physician Assistant ruft Sie zur\u00fcck. Dies wird auch <em>als digitale Beratung<\/em> bezeichnet und erfolgt per Videoanruf oder telefonisch.<\/li>\n\n\n\n<li><strong>Besucher<\/strong>. Der Hausarzt wird Sie&nbsp;zu Hause besuchen. Ein Besuch ist nur m\u00f6glich,&nbsp;wenn Sie aus medizinischen Gr\u00fcnden nicht zum \u00c4rztlichen Notdienst Deutsch kommen k\u00f6nnen.&nbsp;<\/li>\n<\/ol>\n\n\n\n<p>Bitte beachten Sie: In der Hausarztstation k\u00f6nnen Sie nur mit Karte bezahlen!<\/p>\n","protected":false},"excerpt":{"rendered":"<p>Wenn Sie in den Niederlanden versichert sind, werden die Kosten an die Notrufstelle des Hausarztes erstattet, da dies im Basispaket enthalten ist. Touristen und Patienten, die nicht nachweisen k\u00f6nnen, dass sie versichert sind oder keine Europ\u00e4ische Krankenversicherungskarte (EHIC) besitzen, m\u00fcssen direkt beim Hausarzt au\u00dferhalb der \u00d6ffnungszeiten (mit Debitkarte) bezahlen. Sie k\u00f6nnen die Kosten bei ihrer Krankenkasse geltend machen. Unsere Preise im Jahr 2023 Festgelegt von der niederl\u00e4ndischen Gesundheitsbeh\u00f6rde in Euro: Beratung \u20ac 182,18Besuch \u20ac 273,27Triageconsult \u20ac 35,00 Haben Sie Fragen zu Ihrer Rechnung? Senden Sie eine E-Mail an&nbsp;administratie@dehuisartsenconnectie.nl&nbsp;und geben Sie die Rechnungs- und Debitorennummer an. Praktische Informationen Je nach Situation erhalten Sie eine: Bitte beachten Sie: An der Notrufstelle des Hausarztes k\u00f6nnen Sie [&#8230;]<\/p>\n","protected":false},"author":37,"featured_media":0,"parent":0,"menu_order":0,"comment_status":"closed","ping_status":"closed","template":"","meta":{"_acf_changed":false,"_trash_the_other_posts":false,"editor_notices":[],"footnotes":""},"class_list":["post-10126","page","type-page","status-publish","hentry"],"acf":[],"yoast_head":"<!-- This site is optimized with the Yoast SEO plugin v26.6 - https:\/\/yoast.com\/wordpress\/plugins\/seo\/ -->\n<title>Preise - Huisartsenspoedpost Zeeland - Deutsch<\/title>\n<meta name=\"robots\" content=\"index, follow, max-snippet:-1, max-image-preview:large, max-video-preview:-1\" \/>\n<link rel=\"canonical\" href=\"https:\/\/huisartsenspoedpostzeeland.nl\/de\/grundsteuer\/\" \/>\n<meta property=\"og:locale\" content=\"de_DE\" \/>\n<meta property=\"og:type\" content=\"article\" \/>\n<meta property=\"og:title\" content=\"Preise - Huisartsenspoedpost Zeeland - Deutsch\" \/>\n<meta property=\"og:description\" content=\"Wenn Sie in den Niederlanden versichert sind, werden die Kosten an die Notrufstelle des Hausarztes erstattet, da dies im Basispaket enthalten ist. Touristen und Patienten, die nicht nachweisen k\u00f6nnen, dass sie versichert sind oder keine Europ\u00e4ische Krankenversicherungskarte (EHIC) besitzen, m\u00fcssen direkt beim Hausarzt au\u00dferhalb der \u00d6ffnungszeiten (mit Debitkarte) bezahlen. Sie k\u00f6nnen die Kosten bei ihrer Krankenkasse geltend machen. Unsere Preise im Jahr 2023 Festgelegt von der niederl\u00e4ndischen Gesundheitsbeh\u00f6rde in Euro: Beratung \u20ac 182,18Besuch \u20ac 273,27Triageconsult \u20ac 35,00 Haben Sie Fragen zu Ihrer Rechnung? Senden Sie eine E-Mail an&nbsp;administratie@dehuisartsenconnectie.nl&nbsp;und geben Sie die Rechnungs- und Debitorennummer an. Praktische Informationen Je nach Situation erhalten Sie eine: Bitte beachten Sie: An der Notrufstelle des Hausarztes k\u00f6nnen Sie [...]\" \/>\n<meta property=\"og:url\" content=\"https:\/\/huisartsenspoedpostzeeland.nl\/de\/grundsteuer\/\" \/>\n<meta property=\"og:site_name\" content=\"Huisartsenspoedpost Zeeland - Deutsch\" \/>\n<meta property=\"article:modified_time\" content=\"2026-03-25T09:59:36+00:00\" \/>\n<meta name=\"twitter:card\" content=\"summary_large_image\" \/>\n<meta name=\"twitter:label1\" content=\"Gesch\u00e4tzte Lesezeit\" \/>\n\t<meta name=\"twitter:data1\" content=\"2\u00a0Minuten\" \/>\n<script type=\"application\/ld+json\" class=\"yoast-schema-graph\">{\"@context\":\"https:\/\/schema.org\",\"@graph\":[{\"@type\":\"WebPage\",\"@id\":\"https:\/\/huisartsenspoedpostzeeland.nl\/de\/grundsteuer\/\",\"url\":\"https:\/\/huisartsenspoedpostzeeland.nl\/de\/grundsteuer\/\",\"name\":\"Preise - Huisartsenspoedpost Zeeland - Deutsch\",\"isPartOf\":{\"@id\":\"https:\/\/huisartsenspoedpostzeeland.nl\/de\/#website\"},\"primaryImageOfPage\":{\"@id\":\"https:\/\/huisartsenspoedpostzeeland.nl\/de\/grundsteuer\/#primaryimage\"},\"image\":{\"@id\":\"https:\/\/huisartsenspoedpostzeeland.nl\/de\/grundsteuer\/#primaryimage\"},\"thumbnailUrl\":\"https:\/\/huisartsenspoedpostzeeland.nl\/wp-content\/uploads\/sites\/17\/2023\/07\/image.png\",\"datePublished\":\"2023-07-13T08:58:38+00:00\",\"dateModified\":\"2026-03-25T09:59:36+00:00\",\"breadcrumb\":{\"@id\":\"https:\/\/huisartsenspoedpostzeeland.nl\/de\/grundsteuer\/#breadcrumb\"},\"inLanguage\":\"de\",\"potentialAction\":[{\"@type\":\"ReadAction\",\"target\":[\"https:\/\/huisartsenspoedpostzeeland.nl\/de\/grundsteuer\/\"]}]},{\"@type\":\"ImageObject\",\"inLanguage\":\"de\",\"@id\":\"https:\/\/huisartsenspoedpostzeeland.nl\/de\/grundsteuer\/#primaryimage\",\"url\":\"https:\/\/huisartsenspoedpostzeeland.nl\/wp-content\/uploads\/sites\/17\/2023\/07\/image.png\",\"contentUrl\":\"https:\/\/huisartsenspoedpostzeeland.nl\/wp-content\/uploads\/sites\/17\/2023\/07\/image.png\"},{\"@type\":\"BreadcrumbList\",\"@id\":\"https:\/\/huisartsenspoedpostzeeland.nl\/de\/grundsteuer\/#breadcrumb\",\"itemListElement\":[{\"@type\":\"ListItem\",\"position\":1,\"name\":\"Home\",\"item\":\"https:\/\/huisartsenspoedpostzeeland.nl\/de\/\"},{\"@type\":\"ListItem\",\"position\":2,\"name\":\"Preise\"}]},{\"@type\":\"WebSite\",\"@id\":\"https:\/\/huisartsenspoedpostzeeland.nl\/de\/#website\",\"url\":\"https:\/\/huisartsenspoedpostzeeland.nl\/de\/\",\"name\":\"Huisartsenspoedpost Zeeland - Deutsch\",\"description\":\"\",\"potentialAction\":[{\"@type\":\"SearchAction\",\"target\":{\"@type\":\"EntryPoint\",\"urlTemplate\":\"https:\/\/huisartsenspoedpostzeeland.nl\/de\/?s={search_term_string}\"},\"query-input\":{\"@type\":\"PropertyValueSpecification\",\"valueRequired\":true,\"valueName\":\"search_term_string\"}}],\"inLanguage\":\"de\"}]}<\/script>\n<!-- \/ Yoast SEO plugin. -->","yoast_head_json":{"title":"Preise - Huisartsenspoedpost Zeeland - Deutsch","robots":{"index":"index","follow":"follow","max-snippet":"max-snippet:-1","max-image-preview":"max-image-preview:large","max-video-preview":"max-video-preview:-1"},"canonical":"https:\/\/huisartsenspoedpostzeeland.nl\/de\/grundsteuer\/","og_locale":"de_DE","og_type":"article","og_title":"Preise - Huisartsenspoedpost Zeeland - Deutsch","og_description":"Wenn Sie in den Niederlanden versichert sind, werden die Kosten an die Notrufstelle des Hausarztes erstattet, da dies im Basispaket enthalten ist. Touristen und Patienten, die nicht nachweisen k\u00f6nnen, dass sie versichert sind oder keine Europ\u00e4ische Krankenversicherungskarte (EHIC) besitzen, m\u00fcssen direkt beim Hausarzt au\u00dferhalb der \u00d6ffnungszeiten (mit Debitkarte) bezahlen. Sie k\u00f6nnen die Kosten bei ihrer Krankenkasse geltend machen. Unsere Preise im Jahr 2023 Festgelegt von der niederl\u00e4ndischen Gesundheitsbeh\u00f6rde in Euro: Beratung \u20ac 182,18Besuch \u20ac 273,27Triageconsult \u20ac 35,00 Haben Sie Fragen zu Ihrer Rechnung? Senden Sie eine E-Mail an&nbsp;administratie@dehuisartsenconnectie.nl&nbsp;und geben Sie die Rechnungs- und Debitorennummer an. Praktische Informationen Je nach Situation erhalten Sie eine: Bitte beachten Sie: An der Notrufstelle des Hausarztes k\u00f6nnen Sie [...]","og_url":"https:\/\/huisartsenspoedpostzeeland.nl\/de\/grundsteuer\/","og_site_name":"Huisartsenspoedpost Zeeland - Deutsch","article_modified_time":"2026-03-25T09:59:36+00:00","twitter_card":"summary_large_image","twitter_misc":{"Gesch\u00e4tzte Lesezeit":"2\u00a0Minuten"},"schema":{"@context":"https:\/\/schema.org","@graph":[{"@type":"WebPage","@id":"https:\/\/huisartsenspoedpostzeeland.nl\/de\/grundsteuer\/","url":"https:\/\/huisartsenspoedpostzeeland.nl\/de\/grundsteuer\/","name":"Preise - Huisartsenspoedpost Zeeland - Deutsch","isPartOf":{"@id":"https:\/\/huisartsenspoedpostzeeland.nl\/de\/#website"},"primaryImageOfPage":{"@id":"https:\/\/huisartsenspoedpostzeeland.nl\/de\/grundsteuer\/#primaryimage"},"image":{"@id":"https:\/\/huisartsenspoedpostzeeland.nl\/de\/grundsteuer\/#primaryimage"},"thumbnailUrl":"https:\/\/huisartsenspoedpostzeeland.nl\/wp-content\/uploads\/sites\/17\/2023\/07\/image.png","datePublished":"2023-07-13T08:58:38+00:00","dateModified":"2026-03-25T09:59:36+00:00","breadcrumb":{"@id":"https:\/\/huisartsenspoedpostzeeland.nl\/de\/grundsteuer\/#breadcrumb"},"inLanguage":"de","potentialAction":[{"@type":"ReadAction","target":["https:\/\/huisartsenspoedpostzeeland.nl\/de\/grundsteuer\/"]}]},{"@type":"ImageObject","inLanguage":"de","@id":"https:\/\/huisartsenspoedpostzeeland.nl\/de\/grundsteuer\/#primaryimage","url":"https:\/\/huisartsenspoedpostzeeland.nl\/wp-content\/uploads\/sites\/17\/2023\/07\/image.png","contentUrl":"https:\/\/huisartsenspoedpostzeeland.nl\/wp-content\/uploads\/sites\/17\/2023\/07\/image.png"},{"@type":"BreadcrumbList","@id":"https:\/\/huisartsenspoedpostzeeland.nl\/de\/grundsteuer\/#breadcrumb","itemListElement":[{"@type":"ListItem","position":1,"name":"Home","item":"https:\/\/huisartsenspoedpostzeeland.nl\/de\/"},{"@type":"ListItem","position":2,"name":"Preise"}]},{"@type":"WebSite","@id":"https:\/\/huisartsenspoedpostzeeland.nl\/de\/#website","url":"https:\/\/huisartsenspoedpostzeeland.nl\/de\/","name":"Huisartsenspoedpost Zeeland - Deutsch","description":"","potentialAction":[{"@type":"SearchAction","target":{"@type":"EntryPoint","urlTemplate":"https:\/\/huisartsenspoedpostzeeland.nl\/de\/?s={search_term_string}"},"query-input":{"@type":"PropertyValueSpecification","valueRequired":true,"valueName":"search_term_string"}}],"inLanguage":"de"}]}},"_links":{"self":[{"href":"https:\/\/huisartsenspoedpostzeeland.nl\/de\/wp-json\/wp\/v2\/pages\/10126","targetHints":{"allow":["GET"]}}],"collection":[{"href":"https:\/\/huisartsenspoedpostzeeland.nl\/de\/wp-json\/wp\/v2\/pages"}],"about":[{"href":"https:\/\/huisartsenspoedpostzeeland.nl\/de\/wp-json\/wp\/v2\/types\/page"}],"author":[{"embeddable":true,"href":"https:\/\/huisartsenspoedpostzeeland.nl\/de\/wp-json\/wp\/v2\/users\/37"}],"replies":[{"embeddable":true,"href":"https:\/\/huisartsenspoedpostzeeland.nl\/de\/wp-json\/wp\/v2\/comments?post=10126"}],"version-history":[{"count":7,"href":"https:\/\/huisartsenspoedpostzeeland.nl\/de\/wp-json\/wp\/v2\/pages\/10126\/revisions"}],"predecessor-version":[{"id":13413,"href":"https:\/\/huisartsenspoedpostzeeland.nl\/de\/wp-json\/wp\/v2\/pages\/10126\/revisions\/13413"}],"wp:attachment":[{"href":"https:\/\/huisartsenspoedpostzeeland.nl\/de\/wp-json\/wp\/v2\/media?parent=10126"}],"curies":[{"name":"wp","href":"https:\/\/api.w.org\/{rel}","templated":true}]}}