{"id":11030,"date":"2023-09-01T10:40:05","date_gmt":"2023-09-01T08:40:05","guid":{"rendered":"https:\/\/huisartsenspoedpostzeeland.nl\/?page_id=11030"},"modified":"2026-01-20T14:41:48","modified_gmt":"2026-01-20T13:41:48","slug":"mindd-privacy","status":"publish","type":"page","link":"https:\/\/huisartsenspoedpostzeeland.nl\/de\/mindd-privacy\/","title":{"rendered":"MINDD Privatsph\u00e4re"},"content":{"rendered":"\n\n\n<p><strong>Nachtrag: Der Selbsttriagedienst &#8222;Muss ich zum Arzt?&#8220;<\/strong><\/p>\n\n\n\n<p>Unsere Website nutzt den Selbsttriage-Service &#8222;Muss ich zum Arzt?&#8220; (im Folgenden als die App bezeichnet), entwickelt von MINDD B.V. in Apeldoorn. Die App hilft den Nutzern zu entscheiden, ob ein Kontakt mit einem Arzt oder Hausarzt notwendig ist. Da personenbezogene Daten in diesem Prozess verarbeitet werden, m\u00f6chten wir Sie dar\u00fcber informieren, wie Ihre Daten behandelt werden.<\/p>\n\n\n\n<p><strong>Datencontroller und gemeinsame Verarbeitung<\/strong><\/p>\n\n\n\n<p>Die App wird technisch und inhaltlich von MINDD B.V. verwaltet.<\/p>\n\n\n\n<p>Sowohl MINDD B.V. als auch&nbsp;<span>[naam klant\/organisatie]<\/span>&nbsp;verarbeiten pers\u00f6nliche Daten, die \u00fcber die App eingegeben werden:<\/p>\n\n\n\n<p>&nbsp; &nbsp; &nbsp;&nbsp;\u00b7 MINDD B.V. verarbeitet die Daten f\u00fcr den Betrieb, die Sicherheit, Analyse und Verbesserung der App.<\/p>\n\n\n\n<p>&nbsp; &nbsp; &nbsp;&nbsp; \u00b7<span>[Naam klant\/organisatie]<\/span>&nbsp;erh\u00e4lt die Ergebnisse der Triage zur Nachverfolgung der Pflegebed\u00fcrfnisse des Nutzers.<\/p>\n\n\n\n<p>In diesem Zusammenhang sind beide Parteien gemeinsame Verantwortliche im Sinne der Datenschutzverordnung (DSGVO).<\/p>\n\n\n\n<p>MINDD B.V. und&nbsp;<span>[naam klant]<\/span>&nbsp;haben dazu schriftliche Vereinbarungen in einer Kooperationsvereinbarung getroffen, in der die Verantwortlichkeiten f\u00fcr Sicherheit, Aufbewahrungsfristen und Rechte der betroffenen Personen festgelegt sind.<\/p>\n\n\n\n<p><strong>Welche Daten werden verarbeitet<\/strong><\/p>\n\n\n\n<p>Bei der Nutzung der App geben Sie pers\u00f6nliche Daten \u00fcber sich selbst oder \u00fcber jemand anderen ein. Die App verwendet einen einzigartigen Sitzungscode (UID), sodass nicht alle Daten auf eine einzelne Person zur\u00fcckverfolgt werden k\u00f6nnen.<\/p>\n\n\n\n<p>Die folgenden Daten werden \u00fcber die App verarbeitet und sind sowohl f\u00fcr MINDD B.V. als auch&nbsp; f\u00fcr<span>[naam klant]<\/span>sichtbar:<\/p>\n\n\n\n<p>&nbsp; &nbsp; &nbsp;&nbsp;\u00b7 Geschlecht<\/p>\n\n\n\n<p>&nbsp; &nbsp; &nbsp;&nbsp;\u00b7 Geburtsdatum<\/p>\n\n\n\n<p>&nbsp; &nbsp; &nbsp;&nbsp;\u00b7 Antworten w\u00e4hrend der Triage eingegeben<\/p>\n\n\n\n<p>&nbsp; &nbsp; &nbsp;&nbsp;\u00b7 Das Ergebnis der Triage (Dringlichkeit)<\/p>\n\n\n\n<p>Au\u00dferdem:<\/p>\n\n\n\n<p>&nbsp; &nbsp; &nbsp;&nbsp;\u00b7 Wenn Sie einen R\u00fcckrufantrag stellen, werden zus\u00e4tzliche Daten verarbeitet: Name, Telefonnummer, Adresse, Hausarzt, m\u00f6glicherweise ein Foto und die Beschreibung Ihrer Beschwerde.<\/p>\n\n\n\n<p>&nbsp; &nbsp;&nbsp;&nbsp; \u00b7 Diese R\u00fcckrufanfragen sind nur f\u00fcr&nbsp;<span>[naam klant]<\/span> (den angeschlossenen \u00c4rztlichen Notdienst Deutsch) sichtbar und werden nach 72 Stunden automatisch gel\u00f6scht.<\/p>\n\n\n\n<p>&nbsp; &nbsp; &nbsp;&nbsp;\u00b7 MINDD B.V. hat keinen Zugriff auf den Inhalt von R\u00fcckrufanfragen, kann aber technisch pr\u00fcfen, ob die \u00dcbertragung korrekt war.<\/p>\n\n\n\n<p><strong>Zwecke der Verarbeitung<\/strong><\/p>\n\n\n\n<p>Die personenbezogenen Daten werden zu folgenden Zwecken verarbeitet:<\/p>\n\n\n\n<p>&nbsp; &nbsp; &nbsp;&nbsp;\u00b7 Durchf\u00fchrung der Triage und angemessene Beratung geben.<\/p>\n\n\n\n<p>&nbsp; &nbsp; &nbsp;&nbsp;\u00b7 Triage-Ergebnisse werden zur Nachverfolgung an die angeschlossene Gesundheitsorganisation weitergeleitet.<\/p>\n\n\n\n<p>&nbsp; &nbsp; &nbsp;&nbsp;\u00b7 Verbesserung und Analyse der Qualit\u00e4t, Sicherheit und Leistung der App.<\/p>\n\n\n\n<p>&nbsp; &nbsp; &nbsp;&nbsp;\u00b7 Wissenschaftliche Forschung zur Nutzung und Wirksamkeit der App.<\/p>\n\n\n\n<p>Die Daten werden nicht f\u00fcr Marketingzwecke verwendet und au\u00dferhalb des unten beschriebenen Pflege- oder Forschungsrahmens nicht mit Dritten geteilt.<\/p>\n\n\n\n<p><strong>Wissenschaftliche Forschung<\/strong><\/p>\n\n\n\n<p>MINDD B.V. f\u00fchrt wissenschaftliche Forschung zum Betrieb der App in Zusammenarbeit mit Hausarztpraxen und Universit\u00e4ten durch. Zu diesem Zweck werden Triage-Daten in anonymisierter Form verwendet, sodass Einzelpersonen nicht zur\u00fcckverfolgt werden k\u00f6nnen. Die Forschungspartner erhalten daher keine pers\u00f6nlichen Daten, die auf einen Nutzer zur\u00fcckverfolgt werden k\u00f6nnen.<\/p>\n\n\n\n<p><strong>Datensicherheit<\/strong><\/p>\n\n\n\n<p>Die App verwendet ausschlie\u00dflich sichere (HTTPS)-Verbindungen. Sowohl MINDD B.V. als auch&nbsp;<span>[naam klant]<\/span>&nbsp;haben geeignete technische und organisatorische Ma\u00dfnahmen ergriffen, um pers\u00f6nliche Daten vor Verlust oder unbefugtem Zugriff zu sch\u00fctzen.<\/p>\n\n\n\n<p>Alle Daten werden im Europ\u00e4ischen Wirtschaftsraum (EWR) gespeichert.<\/p>\n\n\n\n<p><strong>Aufbewahrungszeiten<\/strong><\/p>\n\n\n\n<ul class=\"wp-block-list\">\n<li>Triage-Ergebnisse: werden von MINDD B.V. so lange gespeichert, wie dies f\u00fcr die Analyse und Verbesserung der App erforderlich ist, gem\u00e4\u00df der Hauptdatenschutzerkl\u00e4rung von MINDD.<\/li>\n\n\n\n<li>R\u00fcckrufanfragen: Bleiben bis zu 72 Stunden f\u00fcr&nbsp;<span>[naam klant]<\/span>&nbsp;sichtbar und werden dann automatisch gel\u00f6scht.<\/li>\n\n\n\n<li>Statistische und Forschungsdaten: werden nur anonymisiert aufbewahrt.<\/li>\n<\/ul>\n\n\n\n<p><strong>Informationen<\/strong><\/p>\n\n\n\n<p>Bei Fragen oder Anfragen zu Zugriff, Korrektur, L\u00f6schung oder Einschr\u00e4nkung der Verarbeitung wenden Sie sich bitte an: Die GP-Verbindung, <a href=\"mailto:info@dehuisartsenconnectie.nl\">info@dehuisartsenconnectie.nl<\/a> <\/p>\n\n\n\n<p>Weitere Informationen zur Sicherheit und Datenverarbeitung von MINDD finden Sie in der <a href=\"https:\/\/moetiknaardedokter.nl\/privacyverklaring\/\">Datenschutzerkl\u00e4rung von MINDD B.V.<\/a><\/p>\n\n\n\n<p><\/p>\n","protected":false},"excerpt":{"rendered":"<p>Bei der Nutzung der digitalen Selbsttriage von Muss ich zum Arzt?\u00a0Es gelten die folgenden Datenschutzbestimmungen.<\/p>\n","protected":false},"author":3,"featured_media":0,"parent":0,"menu_order":0,"comment_status":"closed","ping_status":"closed","template":"","meta":{"_acf_changed":false,"_trash_the_other_posts":false,"editor_notices":[],"footnotes":""},"class_list":["post-11030","page","type-page","status-publish","hentry"],"acf":[],"yoast_head":"<!-- This site is optimized with the Yoast SEO plugin v26.6 - https:\/\/yoast.com\/wordpress\/plugins\/seo\/ -->\n<title>MINDD Privatsph\u00e4re - Huisartsenspoedpost Zeeland - Deutsch<\/title>\n<meta name=\"robots\" content=\"index, follow, max-snippet:-1, max-image-preview:large, max-video-preview:-1\" \/>\n<link rel=\"canonical\" href=\"https:\/\/huisartsenspoedpostzeeland.nl\/de\/mindd-privacy\/\" \/>\n<meta property=\"og:locale\" content=\"de_DE\" \/>\n<meta property=\"og:type\" content=\"article\" \/>\n<meta property=\"og:title\" content=\"MINDD Privatsph\u00e4re - Huisartsenspoedpost Zeeland - Deutsch\" \/>\n<meta property=\"og:description\" content=\"Bei der Nutzung der digitalen Selbsttriage von Muss ich zum Arzt?\u00a0Es gelten die folgenden Datenschutzbestimmungen.\" \/>\n<meta property=\"og:url\" content=\"https:\/\/huisartsenspoedpostzeeland.nl\/de\/mindd-privacy\/\" \/>\n<meta property=\"og:site_name\" content=\"Huisartsenspoedpost Zeeland - Deutsch\" \/>\n<meta property=\"article:modified_time\" content=\"2026-01-20T13:41:48+00:00\" \/>\n<meta name=\"twitter:card\" content=\"summary_large_image\" \/>\n<meta name=\"twitter:label1\" content=\"Gesch\u00e4tzte Lesezeit\" \/>\n\t<meta name=\"twitter:data1\" content=\"1\u00a0Minute\" \/>\n<script type=\"application\/ld+json\" class=\"yoast-schema-graph\">{\"@context\":\"https:\/\/schema.org\",\"@graph\":[{\"@type\":\"WebPage\",\"@id\":\"https:\/\/huisartsenspoedpostzeeland.nl\/de\/mindd-privacy\/\",\"url\":\"https:\/\/huisartsenspoedpostzeeland.nl\/de\/mindd-privacy\/\",\"name\":\"MINDD Privatsph\u00e4re - Huisartsenspoedpost Zeeland - Deutsch\",\"isPartOf\":{\"@id\":\"https:\/\/huisartsenspoedpostzeeland.nl\/de\/#website\"},\"datePublished\":\"2023-09-01T08:40:05+00:00\",\"dateModified\":\"2026-01-20T13:41:48+00:00\",\"breadcrumb\":{\"@id\":\"https:\/\/huisartsenspoedpostzeeland.nl\/de\/mindd-privacy\/#breadcrumb\"},\"inLanguage\":\"de\",\"potentialAction\":[{\"@type\":\"ReadAction\",\"target\":[\"https:\/\/huisartsenspoedpostzeeland.nl\/de\/mindd-privacy\/\"]}]},{\"@type\":\"BreadcrumbList\",\"@id\":\"https:\/\/huisartsenspoedpostzeeland.nl\/de\/mindd-privacy\/#breadcrumb\",\"itemListElement\":[{\"@type\":\"ListItem\",\"position\":1,\"name\":\"Home\",\"item\":\"https:\/\/huisartsenspoedpostzeeland.nl\/de\/\"},{\"@type\":\"ListItem\",\"position\":2,\"name\":\"MINDD-Datenschutz\"}]},{\"@type\":\"WebSite\",\"@id\":\"https:\/\/huisartsenspoedpostzeeland.nl\/de\/#website\",\"url\":\"https:\/\/huisartsenspoedpostzeeland.nl\/de\/\",\"name\":\"Huisartsenspoedpost Zeeland - Deutsch\",\"description\":\"\",\"potentialAction\":[{\"@type\":\"SearchAction\",\"target\":{\"@type\":\"EntryPoint\",\"urlTemplate\":\"https:\/\/huisartsenspoedpostzeeland.nl\/de\/?s={search_term_string}\"},\"query-input\":{\"@type\":\"PropertyValueSpecification\",\"valueRequired\":true,\"valueName\":\"search_term_string\"}}],\"inLanguage\":\"de\"}]}<\/script>\n<!-- \/ Yoast SEO plugin. -->","yoast_head_json":{"title":"MINDD Privatsph\u00e4re - Huisartsenspoedpost Zeeland - Deutsch","robots":{"index":"index","follow":"follow","max-snippet":"max-snippet:-1","max-image-preview":"max-image-preview:large","max-video-preview":"max-video-preview:-1"},"canonical":"https:\/\/huisartsenspoedpostzeeland.nl\/de\/mindd-privacy\/","og_locale":"de_DE","og_type":"article","og_title":"MINDD Privatsph\u00e4re - Huisartsenspoedpost Zeeland - Deutsch","og_description":"Bei der Nutzung der digitalen Selbsttriage von Muss ich zum Arzt?\u00a0Es gelten die folgenden Datenschutzbestimmungen.","og_url":"https:\/\/huisartsenspoedpostzeeland.nl\/de\/mindd-privacy\/","og_site_name":"Huisartsenspoedpost Zeeland - Deutsch","article_modified_time":"2026-01-20T13:41:48+00:00","twitter_card":"summary_large_image","twitter_misc":{"Gesch\u00e4tzte Lesezeit":"1\u00a0Minute"},"schema":{"@context":"https:\/\/schema.org","@graph":[{"@type":"WebPage","@id":"https:\/\/huisartsenspoedpostzeeland.nl\/de\/mindd-privacy\/","url":"https:\/\/huisartsenspoedpostzeeland.nl\/de\/mindd-privacy\/","name":"MINDD Privatsph\u00e4re - Huisartsenspoedpost Zeeland - Deutsch","isPartOf":{"@id":"https:\/\/huisartsenspoedpostzeeland.nl\/de\/#website"},"datePublished":"2023-09-01T08:40:05+00:00","dateModified":"2026-01-20T13:41:48+00:00","breadcrumb":{"@id":"https:\/\/huisartsenspoedpostzeeland.nl\/de\/mindd-privacy\/#breadcrumb"},"inLanguage":"de","potentialAction":[{"@type":"ReadAction","target":["https:\/\/huisartsenspoedpostzeeland.nl\/de\/mindd-privacy\/"]}]},{"@type":"BreadcrumbList","@id":"https:\/\/huisartsenspoedpostzeeland.nl\/de\/mindd-privacy\/#breadcrumb","itemListElement":[{"@type":"ListItem","position":1,"name":"Home","item":"https:\/\/huisartsenspoedpostzeeland.nl\/de\/"},{"@type":"ListItem","position":2,"name":"MINDD-Datenschutz"}]},{"@type":"WebSite","@id":"https:\/\/huisartsenspoedpostzeeland.nl\/de\/#website","url":"https:\/\/huisartsenspoedpostzeeland.nl\/de\/","name":"Huisartsenspoedpost Zeeland - Deutsch","description":"","potentialAction":[{"@type":"SearchAction","target":{"@type":"EntryPoint","urlTemplate":"https:\/\/huisartsenspoedpostzeeland.nl\/de\/?s={search_term_string}"},"query-input":{"@type":"PropertyValueSpecification","valueRequired":true,"valueName":"search_term_string"}}],"inLanguage":"de"}]}},"_links":{"self":[{"href":"https:\/\/huisartsenspoedpostzeeland.nl\/de\/wp-json\/wp\/v2\/pages\/11030","targetHints":{"allow":["GET"]}}],"collection":[{"href":"https:\/\/huisartsenspoedpostzeeland.nl\/de\/wp-json\/wp\/v2\/pages"}],"about":[{"href":"https:\/\/huisartsenspoedpostzeeland.nl\/de\/wp-json\/wp\/v2\/types\/page"}],"author":[{"embeddable":true,"href":"https:\/\/huisartsenspoedpostzeeland.nl\/de\/wp-json\/wp\/v2\/users\/3"}],"replies":[{"embeddable":true,"href":"https:\/\/huisartsenspoedpostzeeland.nl\/de\/wp-json\/wp\/v2\/comments?post=11030"}],"version-history":[{"count":5,"href":"https:\/\/huisartsenspoedpostzeeland.nl\/de\/wp-json\/wp\/v2\/pages\/11030\/revisions"}],"predecessor-version":[{"id":13396,"href":"https:\/\/huisartsenspoedpostzeeland.nl\/de\/wp-json\/wp\/v2\/pages\/11030\/revisions\/13396"}],"wp:attachment":[{"href":"https:\/\/huisartsenspoedpostzeeland.nl\/de\/wp-json\/wp\/v2\/media?parent=11030"}],"curies":[{"name":"wp","href":"https:\/\/api.w.org\/{rel}","templated":true}]}}