{"id":9625,"date":"2023-06-22T11:50:20","date_gmt":"2023-06-22T09:50:20","guid":{"rendered":"https:\/\/huisartsenspoedpostzeeland.nl\/?page_id=9625"},"modified":"2024-05-13T11:53:10","modified_gmt":"2024-05-13T09:53:10","slug":"haben-sie-ein-kompliment","status":"publish","type":"page","link":"https:\/\/huisartsenspoedpostzeeland.nl\/de\/haben-sie-ein-kompliment\/","title":{"rendered":"Haben Sie ein Kompliment?"},"content":{"rendered":"\n\n\n<p>In der haus\u00e4rztlichen Notaufnahme bem\u00fchen sich Haus\u00e4rzte und Mitarbeiter um die bestm\u00f6gliche Versorgung. Wenn Sie das Gef\u00fchl haben, dass dies so gelaufen ist, w\u00fcrden die Mitarbeiter gerne von Ihnen h\u00f6ren. Sie k\u00f6nnen Ihr Kompliment melden, indem Sie auf die Schaltfl\u00e4che &#8222;Komplimentformular \u00f6ffnen&#8220; klicken. Wir sorgen daf\u00fcr, dass dies bei der richtigen Person landet.<\/p>\n\n\n\n<div class=\"wp-block-buttons is-layout-flex wp-block-buttons-is-layout-flex\">\n<div class=\"wp-block-button is-style-outline is-style-outline--1\"><a class=\"wp-block-button__link wp-element-button\" href=\"https:\/\/zhco-periscaldes.corpio.nl\/forms\/editFormPublic\/0\/form_id\/439\" target=\"_blank\" rel=\"noreferrer noopener\">Kompliment-Formular \u00f6ffnen<\/a><\/div>\n<\/div>\n\n\n\n<p><strong>Bitte beachten Sie!<\/strong> Sie k\u00f6nnen ein Kompliment&nbsp;nur \u00fcber dieses Formular einreichen. Wenn Sie <strong>Pflege ben\u00f6tigen<\/strong> oder eine medizinische Frage haben, sollten Sie sich an Ihren Hausarzt oder in dringenden F\u00e4llen abends, nachts und am Wochenende an die haus\u00e4rztliche Notaufnahme wenden.<\/p>\n","protected":false},"excerpt":{"rendered":"<p>In der haus\u00e4rztlichen Notaufnahme bem\u00fchen sich Haus\u00e4rzte und Mitarbeiter um die bestm\u00f6gliche Versorgung. Wenn Sie das Gef\u00fchl haben, dass dies so gelaufen ist, w\u00fcrden die Mitarbeiter gerne von Ihnen h\u00f6ren. Sie k\u00f6nnen Ihr Kompliment melden, indem Sie auf die Schaltfl\u00e4che &#8222;Komplimentformular \u00f6ffnen&#8220; klicken. Wir sorgen daf\u00fcr, dass dies bei der richtigen Person landet. Bitte beachten Sie! Sie k\u00f6nnen ein Kompliment&nbsp;nur \u00fcber dieses Formular einreichen. Wenn Sie Pflege ben\u00f6tigen oder eine medizinische Frage haben, sollten Sie sich an Ihren Hausarzt oder in dringenden F\u00e4llen abends, nachts und am Wochenende an die haus\u00e4rztliche Notaufnahme wenden.<\/p>\n","protected":false},"author":3,"featured_media":0,"parent":0,"menu_order":0,"comment_status":"closed","ping_status":"closed","template":"","meta":{"_acf_changed":false,"_trash_the_other_posts":false,"editor_notices":[],"footnotes":""},"class_list":["post-9625","page","type-page","status-publish","hentry"],"acf":[],"yoast_head":"<!-- This site is optimized with the Yoast SEO plugin v26.6 - https:\/\/yoast.com\/wordpress\/plugins\/seo\/ -->\n<title>Haben Sie ein Kompliment? - Huisartsenspoedpost Zeeland - Deutsch<\/title>\n<meta name=\"robots\" content=\"index, follow, max-snippet:-1, max-image-preview:large, max-video-preview:-1\" \/>\n<link rel=\"canonical\" href=\"https:\/\/huisartsenspoedpostzeeland.nl\/de\/haben-sie-ein-kompliment\/\" \/>\n<meta property=\"og:locale\" content=\"de_DE\" \/>\n<meta property=\"og:type\" content=\"article\" \/>\n<meta property=\"og:title\" content=\"Haben Sie ein Kompliment? - Huisartsenspoedpost Zeeland - Deutsch\" \/>\n<meta property=\"og:description\" content=\"In der haus\u00e4rztlichen Notaufnahme bem\u00fchen sich Haus\u00e4rzte und Mitarbeiter um die bestm\u00f6gliche Versorgung. Wenn Sie das Gef\u00fchl haben, dass dies so gelaufen ist, w\u00fcrden die Mitarbeiter gerne von Ihnen h\u00f6ren. Sie k\u00f6nnen Ihr Kompliment melden, indem Sie auf die Schaltfl\u00e4che &quot;Komplimentformular \u00f6ffnen&quot; klicken. Wir sorgen daf\u00fcr, dass dies bei der richtigen Person landet. Bitte beachten Sie! Sie k\u00f6nnen ein Kompliment&nbsp;nur \u00fcber dieses Formular einreichen. Wenn Sie Pflege ben\u00f6tigen oder eine medizinische Frage haben, sollten Sie sich an Ihren Hausarzt oder in dringenden F\u00e4llen abends, nachts und am Wochenende an die haus\u00e4rztliche Notaufnahme wenden.\" \/>\n<meta property=\"og:url\" content=\"https:\/\/huisartsenspoedpostzeeland.nl\/de\/haben-sie-ein-kompliment\/\" \/>\n<meta property=\"og:site_name\" content=\"Huisartsenspoedpost Zeeland - Deutsch\" \/>\n<meta property=\"article:modified_time\" content=\"2024-05-13T09:53:10+00:00\" \/>\n<meta name=\"twitter:card\" content=\"summary_large_image\" \/>\n<meta name=\"twitter:label1\" content=\"Gesch\u00e4tzte Lesezeit\" \/>\n\t<meta name=\"twitter:data1\" content=\"1\u00a0Minute\" \/>\n<script type=\"application\/ld+json\" class=\"yoast-schema-graph\">{\"@context\":\"https:\/\/schema.org\",\"@graph\":[{\"@type\":\"WebPage\",\"@id\":\"https:\/\/huisartsenspoedpostzeeland.nl\/de\/haben-sie-ein-kompliment\/\",\"url\":\"https:\/\/huisartsenspoedpostzeeland.nl\/de\/haben-sie-ein-kompliment\/\",\"name\":\"Haben Sie ein Kompliment? - Huisartsenspoedpost Zeeland - Deutsch\",\"isPartOf\":{\"@id\":\"https:\/\/huisartsenspoedpostzeeland.nl\/de\/#website\"},\"datePublished\":\"2023-06-22T09:50:20+00:00\",\"dateModified\":\"2024-05-13T09:53:10+00:00\",\"breadcrumb\":{\"@id\":\"https:\/\/huisartsenspoedpostzeeland.nl\/de\/haben-sie-ein-kompliment\/#breadcrumb\"},\"inLanguage\":\"de\",\"potentialAction\":[{\"@type\":\"ReadAction\",\"target\":[\"https:\/\/huisartsenspoedpostzeeland.nl\/de\/haben-sie-ein-kompliment\/\"]}]},{\"@type\":\"BreadcrumbList\",\"@id\":\"https:\/\/huisartsenspoedpostzeeland.nl\/de\/haben-sie-ein-kompliment\/#breadcrumb\",\"itemListElement\":[{\"@type\":\"ListItem\",\"position\":1,\"name\":\"Home\",\"item\":\"https:\/\/huisartsenspoedpostzeeland.nl\/de\/\"},{\"@type\":\"ListItem\",\"position\":2,\"name\":\"Haben Sie ein Kompliment?\"}]},{\"@type\":\"WebSite\",\"@id\":\"https:\/\/huisartsenspoedpostzeeland.nl\/de\/#website\",\"url\":\"https:\/\/huisartsenspoedpostzeeland.nl\/de\/\",\"name\":\"Huisartsenspoedpost Zeeland - Deutsch\",\"description\":\"\",\"potentialAction\":[{\"@type\":\"SearchAction\",\"target\":{\"@type\":\"EntryPoint\",\"urlTemplate\":\"https:\/\/huisartsenspoedpostzeeland.nl\/de\/?s={search_term_string}\"},\"query-input\":{\"@type\":\"PropertyValueSpecification\",\"valueRequired\":true,\"valueName\":\"search_term_string\"}}],\"inLanguage\":\"de\"}]}<\/script>\n<!-- \/ Yoast SEO plugin. -->","yoast_head_json":{"title":"Haben Sie ein Kompliment? - Huisartsenspoedpost Zeeland - Deutsch","robots":{"index":"index","follow":"follow","max-snippet":"max-snippet:-1","max-image-preview":"max-image-preview:large","max-video-preview":"max-video-preview:-1"},"canonical":"https:\/\/huisartsenspoedpostzeeland.nl\/de\/haben-sie-ein-kompliment\/","og_locale":"de_DE","og_type":"article","og_title":"Haben Sie ein Kompliment? - Huisartsenspoedpost Zeeland - Deutsch","og_description":"In der haus\u00e4rztlichen Notaufnahme bem\u00fchen sich Haus\u00e4rzte und Mitarbeiter um die bestm\u00f6gliche Versorgung. Wenn Sie das Gef\u00fchl haben, dass dies so gelaufen ist, w\u00fcrden die Mitarbeiter gerne von Ihnen h\u00f6ren. Sie k\u00f6nnen Ihr Kompliment melden, indem Sie auf die Schaltfl\u00e4che \"Komplimentformular \u00f6ffnen\" klicken. Wir sorgen daf\u00fcr, dass dies bei der richtigen Person landet. Bitte beachten Sie! Sie k\u00f6nnen ein Kompliment&nbsp;nur \u00fcber dieses Formular einreichen. Wenn Sie Pflege ben\u00f6tigen oder eine medizinische Frage haben, sollten Sie sich an Ihren Hausarzt oder in dringenden F\u00e4llen abends, nachts und am Wochenende an die haus\u00e4rztliche Notaufnahme wenden.","og_url":"https:\/\/huisartsenspoedpostzeeland.nl\/de\/haben-sie-ein-kompliment\/","og_site_name":"Huisartsenspoedpost Zeeland - Deutsch","article_modified_time":"2024-05-13T09:53:10+00:00","twitter_card":"summary_large_image","twitter_misc":{"Gesch\u00e4tzte Lesezeit":"1\u00a0Minute"},"schema":{"@context":"https:\/\/schema.org","@graph":[{"@type":"WebPage","@id":"https:\/\/huisartsenspoedpostzeeland.nl\/de\/haben-sie-ein-kompliment\/","url":"https:\/\/huisartsenspoedpostzeeland.nl\/de\/haben-sie-ein-kompliment\/","name":"Haben Sie ein Kompliment? - Huisartsenspoedpost Zeeland - Deutsch","isPartOf":{"@id":"https:\/\/huisartsenspoedpostzeeland.nl\/de\/#website"},"datePublished":"2023-06-22T09:50:20+00:00","dateModified":"2024-05-13T09:53:10+00:00","breadcrumb":{"@id":"https:\/\/huisartsenspoedpostzeeland.nl\/de\/haben-sie-ein-kompliment\/#breadcrumb"},"inLanguage":"de","potentialAction":[{"@type":"ReadAction","target":["https:\/\/huisartsenspoedpostzeeland.nl\/de\/haben-sie-ein-kompliment\/"]}]},{"@type":"BreadcrumbList","@id":"https:\/\/huisartsenspoedpostzeeland.nl\/de\/haben-sie-ein-kompliment\/#breadcrumb","itemListElement":[{"@type":"ListItem","position":1,"name":"Home","item":"https:\/\/huisartsenspoedpostzeeland.nl\/de\/"},{"@type":"ListItem","position":2,"name":"Haben Sie ein Kompliment?"}]},{"@type":"WebSite","@id":"https:\/\/huisartsenspoedpostzeeland.nl\/de\/#website","url":"https:\/\/huisartsenspoedpostzeeland.nl\/de\/","name":"Huisartsenspoedpost Zeeland - Deutsch","description":"","potentialAction":[{"@type":"SearchAction","target":{"@type":"EntryPoint","urlTemplate":"https:\/\/huisartsenspoedpostzeeland.nl\/de\/?s={search_term_string}"},"query-input":{"@type":"PropertyValueSpecification","valueRequired":true,"valueName":"search_term_string"}}],"inLanguage":"de"}]}},"_links":{"self":[{"href":"https:\/\/huisartsenspoedpostzeeland.nl\/de\/wp-json\/wp\/v2\/pages\/9625","targetHints":{"allow":["GET"]}}],"collection":[{"href":"https:\/\/huisartsenspoedpostzeeland.nl\/de\/wp-json\/wp\/v2\/pages"}],"about":[{"href":"https:\/\/huisartsenspoedpostzeeland.nl\/de\/wp-json\/wp\/v2\/types\/page"}],"author":[{"embeddable":true,"href":"https:\/\/huisartsenspoedpostzeeland.nl\/de\/wp-json\/wp\/v2\/users\/3"}],"replies":[{"embeddable":true,"href":"https:\/\/huisartsenspoedpostzeeland.nl\/de\/wp-json\/wp\/v2\/comments?post=9625"}],"version-history":[{"count":1,"href":"https:\/\/huisartsenspoedpostzeeland.nl\/de\/wp-json\/wp\/v2\/pages\/9625\/revisions"}],"predecessor-version":[{"id":12604,"href":"https:\/\/huisartsenspoedpostzeeland.nl\/de\/wp-json\/wp\/v2\/pages\/9625\/revisions\/12604"}],"wp:attachment":[{"href":"https:\/\/huisartsenspoedpostzeeland.nl\/de\/wp-json\/wp\/v2\/media?parent=9625"}],"curies":[{"name":"wp","href":"https:\/\/api.w.org\/{rel}","templated":true}]}}