{"id":9630,"date":"2023-06-22T11:54:26","date_gmt":"2023-06-22T09:54:26","guid":{"rendered":"https:\/\/huisartsenspoedpostzeeland.nl\/?page_id=9630"},"modified":"2024-05-13T14:23:23","modified_gmt":"2024-05-13T12:23:23","slug":"karrieren","status":"publish","type":"page","link":"https:\/\/huisartsenspoedpostzeeland.nl\/de\/karrieren\/","title":{"rendered":"Karrieren"},"content":{"rendered":"\n\n\n<p>Die Notrufstationen des Hausarztes Zeeland sind Teil von The GP Connection. Diese Prim\u00e4rversorgungsorganisation erleichtert den Haus\u00e4rzten in Zeeland oberhalb der Westerschelde vieles <\/p>\n\n\n\n<p>\n\n\n\n<p>Die Arzthelferinnen\/Triage-Krankenschwestern, die an den HAP-Standorten in Goes, Vlissingen und Zierikzee arbeiten, sind bei De huisartsenconnectie besch\u00e4ftigt. Die Mitarbeiter der Zentrale arbeiten in Heinkenszand. <\/p>\n\n\n\n<p>\n\n\n\n<p>\n\n\n\n<p><strong>Offene Stelle<\/strong><br>Wir suchen regelm\u00e4\u00dfig nach den haus\u00e4rztlichen Notrufstationen in Goes, Middelburg und Zierikzee:<br><a href=\"https:\/\/www.periscaldes.nl\/vacatures%20zhco-periscaldes\" target=\"_blank\" rel=\"noreferrer noopener\">Triage-Krankenschwestern (Arzthelferinnen\/Krankenschwestern)<\/a><br>M\u00f6chten Sie sich bewerben? Senden Sie Ihr Motivationsschreiben und Ihren Lebenslauf per E-Mail an <a href=\"mailto:personeelszaken@dehuisartsenconnectie.nl\" target=\"_blank\" rel=\"noreferrer noopener\">personeelszaken@dehuisartsenconnectie.nl<\/a><\/p>\n\n\n\n\n\n<p>\n\n\n\n<h2 class=\"wp-block-heading\" id=\"vacatures-voor-huisartsen\"><\/h2>\n\n\n\n\n\n<p>\n","protected":false},"excerpt":{"rendered":"<p>Die Notrufstationen des Hausarztes Zeeland sind Teil von The GP Connection. Diese Prim\u00e4rversorgungsorganisation erleichtert den Haus\u00e4rzten in Zeeland oberhalb der Westerschelde vieles Die Arzthelferinnen\/Triage-Krankenschwestern, die an den HAP-Standorten in Goes, Vlissingen und Zierikzee arbeiten, sind bei De huisartsenconnectie besch\u00e4ftigt. Die Mitarbeiter der Zentrale arbeiten in Heinkenszand. StellenangeboteWir suchen regelm\u00e4\u00dfig die haus\u00e4rztlichen Notfallstationen in Goes, Middelburg und Zierikzee f\u00fcr:Triage-Krankenschwestern (Arzthelferinnen\/Krankenschwestern)M\u00f6chten Sie sich bewerben? Senden Sie Ihr Motivationsschreiben und Ihren Lebenslauf per E-Mail an personeelszaken@dehuisartsenconnectie.nl<\/p>\n","protected":false},"author":3,"featured_media":0,"parent":0,"menu_order":0,"comment_status":"closed","ping_status":"closed","template":"","meta":{"_acf_changed":false,"_trash_the_other_posts":false,"editor_notices":[],"footnotes":""},"class_list":["post-9630","page","type-page","status-publish","hentry"],"acf":[],"yoast_head":"<!-- This site is optimized with the Yoast SEO plugin v26.6 - https:\/\/yoast.com\/wordpress\/plugins\/seo\/ -->\n<title>Karrieren - Huisartsenspoedpost Zeeland - Deutsch<\/title>\n<meta name=\"robots\" content=\"index, follow, max-snippet:-1, max-image-preview:large, max-video-preview:-1\" \/>\n<link rel=\"canonical\" href=\"https:\/\/huisartsenspoedpostzeeland.nl\/de\/karrieren\/\" \/>\n<meta property=\"og:locale\" content=\"de_DE\" \/>\n<meta property=\"og:type\" content=\"article\" \/>\n<meta property=\"og:title\" content=\"Karrieren - Huisartsenspoedpost Zeeland - Deutsch\" \/>\n<meta property=\"og:description\" content=\"Die Notrufstationen des Hausarztes Zeeland sind Teil von The GP Connection. Diese Prim\u00e4rversorgungsorganisation erleichtert den Haus\u00e4rzten in Zeeland oberhalb der Westerschelde vieles Die Arzthelferinnen\/Triage-Krankenschwestern, die an den HAP-Standorten in Goes, Vlissingen und Zierikzee arbeiten, sind bei De huisartsenconnectie besch\u00e4ftigt. Die Mitarbeiter der Zentrale arbeiten in Heinkenszand. StellenangeboteWir suchen regelm\u00e4\u00dfig die haus\u00e4rztlichen Notfallstationen in Goes, Middelburg und Zierikzee f\u00fcr:Triage-Krankenschwestern (Arzthelferinnen\/Krankenschwestern)M\u00f6chten Sie sich bewerben? Senden Sie Ihr Motivationsschreiben und Ihren Lebenslauf per E-Mail an personeelszaken@dehuisartsenconnectie.nl\" \/>\n<meta property=\"og:url\" content=\"https:\/\/huisartsenspoedpostzeeland.nl\/de\/karrieren\/\" \/>\n<meta property=\"og:site_name\" content=\"Huisartsenspoedpost Zeeland - Deutsch\" \/>\n<meta property=\"article:modified_time\" content=\"2024-05-13T12:23:23+00:00\" \/>\n<meta name=\"twitter:card\" content=\"summary_large_image\" \/>\n<meta name=\"twitter:label1\" content=\"Gesch\u00e4tzte Lesezeit\" \/>\n\t<meta name=\"twitter:data1\" content=\"1\u00a0Minute\" \/>\n<script type=\"application\/ld+json\" class=\"yoast-schema-graph\">{\"@context\":\"https:\/\/schema.org\",\"@graph\":[{\"@type\":\"WebPage\",\"@id\":\"https:\/\/huisartsenspoedpostzeeland.nl\/de\/karrieren\/\",\"url\":\"https:\/\/huisartsenspoedpostzeeland.nl\/de\/karrieren\/\",\"name\":\"Karrieren - Huisartsenspoedpost Zeeland - Deutsch\",\"isPartOf\":{\"@id\":\"https:\/\/huisartsenspoedpostzeeland.nl\/de\/#website\"},\"datePublished\":\"2023-06-22T09:54:26+00:00\",\"dateModified\":\"2024-05-13T12:23:23+00:00\",\"breadcrumb\":{\"@id\":\"https:\/\/huisartsenspoedpostzeeland.nl\/de\/karrieren\/#breadcrumb\"},\"inLanguage\":\"de\",\"potentialAction\":[{\"@type\":\"ReadAction\",\"target\":[\"https:\/\/huisartsenspoedpostzeeland.nl\/de\/karrieren\/\"]}]},{\"@type\":\"BreadcrumbList\",\"@id\":\"https:\/\/huisartsenspoedpostzeeland.nl\/de\/karrieren\/#breadcrumb\",\"itemListElement\":[{\"@type\":\"ListItem\",\"position\":1,\"name\":\"Home\",\"item\":\"https:\/\/huisartsenspoedpostzeeland.nl\/de\/\"},{\"@type\":\"ListItem\",\"position\":2,\"name\":\"Karrieren\"}]},{\"@type\":\"WebSite\",\"@id\":\"https:\/\/huisartsenspoedpostzeeland.nl\/de\/#website\",\"url\":\"https:\/\/huisartsenspoedpostzeeland.nl\/de\/\",\"name\":\"Huisartsenspoedpost Zeeland - Deutsch\",\"description\":\"\",\"potentialAction\":[{\"@type\":\"SearchAction\",\"target\":{\"@type\":\"EntryPoint\",\"urlTemplate\":\"https:\/\/huisartsenspoedpostzeeland.nl\/de\/?s={search_term_string}\"},\"query-input\":{\"@type\":\"PropertyValueSpecification\",\"valueRequired\":true,\"valueName\":\"search_term_string\"}}],\"inLanguage\":\"de\"}]}<\/script>\n<!-- \/ Yoast SEO plugin. -->","yoast_head_json":{"title":"Karrieren - Huisartsenspoedpost Zeeland - Deutsch","robots":{"index":"index","follow":"follow","max-snippet":"max-snippet:-1","max-image-preview":"max-image-preview:large","max-video-preview":"max-video-preview:-1"},"canonical":"https:\/\/huisartsenspoedpostzeeland.nl\/de\/karrieren\/","og_locale":"de_DE","og_type":"article","og_title":"Karrieren - Huisartsenspoedpost Zeeland - Deutsch","og_description":"Die Notrufstationen des Hausarztes Zeeland sind Teil von The GP Connection. Diese Prim\u00e4rversorgungsorganisation erleichtert den Haus\u00e4rzten in Zeeland oberhalb der Westerschelde vieles Die Arzthelferinnen\/Triage-Krankenschwestern, die an den HAP-Standorten in Goes, Vlissingen und Zierikzee arbeiten, sind bei De huisartsenconnectie besch\u00e4ftigt. Die Mitarbeiter der Zentrale arbeiten in Heinkenszand. StellenangeboteWir suchen regelm\u00e4\u00dfig die haus\u00e4rztlichen Notfallstationen in Goes, Middelburg und Zierikzee f\u00fcr:Triage-Krankenschwestern (Arzthelferinnen\/Krankenschwestern)M\u00f6chten Sie sich bewerben? Senden Sie Ihr Motivationsschreiben und Ihren Lebenslauf per E-Mail an personeelszaken@dehuisartsenconnectie.nl","og_url":"https:\/\/huisartsenspoedpostzeeland.nl\/de\/karrieren\/","og_site_name":"Huisartsenspoedpost Zeeland - Deutsch","article_modified_time":"2024-05-13T12:23:23+00:00","twitter_card":"summary_large_image","twitter_misc":{"Gesch\u00e4tzte Lesezeit":"1\u00a0Minute"},"schema":{"@context":"https:\/\/schema.org","@graph":[{"@type":"WebPage","@id":"https:\/\/huisartsenspoedpostzeeland.nl\/de\/karrieren\/","url":"https:\/\/huisartsenspoedpostzeeland.nl\/de\/karrieren\/","name":"Karrieren - Huisartsenspoedpost Zeeland - Deutsch","isPartOf":{"@id":"https:\/\/huisartsenspoedpostzeeland.nl\/de\/#website"},"datePublished":"2023-06-22T09:54:26+00:00","dateModified":"2024-05-13T12:23:23+00:00","breadcrumb":{"@id":"https:\/\/huisartsenspoedpostzeeland.nl\/de\/karrieren\/#breadcrumb"},"inLanguage":"de","potentialAction":[{"@type":"ReadAction","target":["https:\/\/huisartsenspoedpostzeeland.nl\/de\/karrieren\/"]}]},{"@type":"BreadcrumbList","@id":"https:\/\/huisartsenspoedpostzeeland.nl\/de\/karrieren\/#breadcrumb","itemListElement":[{"@type":"ListItem","position":1,"name":"Home","item":"https:\/\/huisartsenspoedpostzeeland.nl\/de\/"},{"@type":"ListItem","position":2,"name":"Karrieren"}]},{"@type":"WebSite","@id":"https:\/\/huisartsenspoedpostzeeland.nl\/de\/#website","url":"https:\/\/huisartsenspoedpostzeeland.nl\/de\/","name":"Huisartsenspoedpost Zeeland - Deutsch","description":"","potentialAction":[{"@type":"SearchAction","target":{"@type":"EntryPoint","urlTemplate":"https:\/\/huisartsenspoedpostzeeland.nl\/de\/?s={search_term_string}"},"query-input":{"@type":"PropertyValueSpecification","valueRequired":true,"valueName":"search_term_string"}}],"inLanguage":"de"}]}},"_links":{"self":[{"href":"https:\/\/huisartsenspoedpostzeeland.nl\/de\/wp-json\/wp\/v2\/pages\/9630","targetHints":{"allow":["GET"]}}],"collection":[{"href":"https:\/\/huisartsenspoedpostzeeland.nl\/de\/wp-json\/wp\/v2\/pages"}],"about":[{"href":"https:\/\/huisartsenspoedpostzeeland.nl\/de\/wp-json\/wp\/v2\/types\/page"}],"author":[{"embeddable":true,"href":"https:\/\/huisartsenspoedpostzeeland.nl\/de\/wp-json\/wp\/v2\/users\/3"}],"replies":[{"embeddable":true,"href":"https:\/\/huisartsenspoedpostzeeland.nl\/de\/wp-json\/wp\/v2\/comments?post=9630"}],"version-history":[{"count":3,"href":"https:\/\/huisartsenspoedpostzeeland.nl\/de\/wp-json\/wp\/v2\/pages\/9630\/revisions"}],"predecessor-version":[{"id":12845,"href":"https:\/\/huisartsenspoedpostzeeland.nl\/de\/wp-json\/wp\/v2\/pages\/9630\/revisions\/12845"}],"wp:attachment":[{"href":"https:\/\/huisartsenspoedpostzeeland.nl\/de\/wp-json\/wp\/v2\/media?parent=9630"}],"curies":[{"name":"wp","href":"https:\/\/api.w.org\/{rel}","templated":true}]}}