{"id":10051,"date":"2023-07-05T09:08:08","date_gmt":"2023-07-05T07:08:08","guid":{"rendered":"https:\/\/huisartsenspoedpostzeeland.nl\/?page_id=10051"},"modified":"2024-05-14T13:18:08","modified_gmt":"2024-05-14T11:18:08","slug":"jak-pracowac-ze-stacja-pogotowia-ratunkowego-lekarza-rodzinnego","status":"publish","type":"page","link":"https:\/\/huisartsenspoedpostzeeland.nl\/pl\/jak-pracowac-ze-stacja-pogotowia-ratunkowego-lekarza-rodzinnego\/","title":{"rendered":"Procedura"},"content":{"rendered":"\n<p><strong>Jak dzia\u0142a stacja pogotowia ratunkowego GP?<\/strong><\/p>\n\n\n\n\n\n<p><strong>Najpierw zapoznaj si\u0119 z pytaniami (Czy powinienem i\u015b\u0107 do lekarza?)<\/strong><\/p>\n\n\n\n<p>Nie mo\u017cesz po prostu wpa\u015b\u0107 na izb\u0119 przyj\u0119\u0107 lekarza rodzinnego. Stacja pogotowia GP jest przeznaczona tylko dla reklamacji, kt\u00f3re nie mog\u0105 czeka\u0107 do nast\u0119pnego dnia roboczego. Najpierw zapoznaj si\u0119 z kilkoma pytaniami na tej stronie, aby oceni\u0107, czy musisz si\u0119 z nami skontaktowa\u0107. Wtedy otrzymasz potrzebn\u0105 pomoc tak szybko, jak to mo\u017cliwe. Je\u015bli zostaniesz poinformowany, aby zadzwoni\u0107 i zadzwonisz pod numer stacji alarmowej GP De Bevelanden (Goes), Schouwen-Duiveland (Zierikzee) lub Walcheren (Middelburg), us\u0142yszysz kr\u00f3tkie menu. W przypadku sytuacji potencjalnie zagra\u017caj\u0105cej \u017cyciu wybierz 1. Pomo\u017cemy Ci w pierwszej kolejno\u015bci.<\/p>\n\n\n\n<p><strong>Informacje pod r\u0119k\u0105 podczas rozmowy telefonicznej<\/strong><\/p>\n\n\n\n<p>Czy dzwonisz do stacji ratunkowej lekarza rodzinnego? Nast\u0119pnie upewnij si\u0119, \u017ce masz pod r\u0119k\u0105 nast\u0119puj\u0105ce informacje:<\/p>\n\n\n\n<ul class=\"wp-block-list\">\n<li>numer BSN (Citizen Service Number). Jest to zapisane w dokumencie to\u017csamo\u015bci (paszporcie, dowodzie osobistym lub prawie jazdy) i sk\u0142ada si\u0119 z 9 cyfr;<\/li>\n\n\n\n<li>data urodzenia, adres i numer telefonu;<\/li>\n\n\n\n<li>nazw\u0119 lekarza rodzinnego lub przychodni lekarza rodzinnego.<\/li>\n<\/ul>\n\n\n\n<p>Przez telefon mo\u017cesz r\u00f3wnie\u017c zapyta\u0107 o:<\/p>\n\n\n\n<ul class=\"wp-block-list\">\n<li>histori\u0119 choroby (w zakresie, w jakim jest to istotne dla wniosku o pomoc);<\/li>\n\n\n\n<li>wszelkie leki, kt\u00f3re mo\u017cesz przyjmowa\u0107.<\/li>\n<\/ul>\n\n\n\n<p>Stacja ratunkowa lekarza rodzinnego mo\u017ce przegl\u0105da\u0107 podsumowanie dokumentacji medycznej swojego lekarza rodzinnego za po\u015brednictwem LSP (krajowego punktu prze\u0142\u0105czania). Mo\u017cesz wyrazi\u0107 na to zgod\u0119 za po\u015brednictwem&nbsp;<a href=\"http:\/\/www.volgjezorg.nl\" target=\"_blank\" rel=\"noreferrer noopener\">www.volgjezorg.nl<\/a>&nbsp;lub w\u0142asnego lekarza rodzinnego.<\/p>\n\n\n\n<p><strong>Wzywasz kogo\u015b innego?<\/strong><\/p>\n\n\n\n<p>Je\u015bli to mo\u017cliwe, popro\u015b pacjenta o samodzielny kontakt ze stacj\u0105 ratunkow\u0105 lekarza rodzinnego. Czy nie jest to mo\u017cliwe? Nast\u0119pnie podaj wszystkie dane osoby, kt\u00f3ra potrzebuje pomocy. Upewnij si\u0119 r\u00f3wnie\u017c, \u017ce jeste\u015b w pobli\u017cu pacjenta, gdy dzwonisz. Nast\u0119pnie mo\u017cesz jak najlepiej opisa\u0107 reklamacje. Zdarza si\u0119, \u017ce piel\u0119gniarka tria\u017cowa (asystentka lekarza lub piel\u0119gniarka) chce r\u00f3wnie\u017c sama zada\u0107 pacjentowi kilka pyta\u0144. <\/p>\n\n\n\n<p><strong>Czego mo\u017cesz si\u0119 spodziewa\u0107?<\/strong><\/p>\n\n\n\n<p>Kiedy zadzwonisz, otrzymasz piel\u0119gniark\u0119 tria\u017cow\u0105 przez telefon. Piel\u0119gniarka tria\u017cowa posiada rozleg\u0142\u0105 wiedz\u0119 medyczn\u0105 i jest specjalnie przeszkolona, aby szybko okre\u015bli\u0107, jak powa\u017cne s\u0105 objawy i co jest potrzebne. W razie potrzeby zostanie to zrobione w porozumieniu z lekarzem pierwszego kontaktu, kt\u00f3ry dy\u017curuje w punkcie ratunkowym lekarza rodzinnego. Dost\u0119pne s\u0105 nast\u0119puj\u0105ce opcje:<\/p>\n\n\n\n<ol class=\"wp-block-list\">\n<li><strong>Porada telefoniczna.<\/strong> Otrzymasz wyja\u015bnienie i porad\u0119 telefoniczn\u0105 od triagisty (sprawdzone nast\u0119pnie przez lekarza rodzinnego).&nbsp;Nazywa si\u0119 to r\u00f3wnie\u017c konsultacj\u0105 tria\u017cow\u0105.<\/li>\n\n\n\n<li><strong>Konsultacja.<\/strong> Piel\u0119gniarka&nbsp;&nbsp;tria\u017cowa um\u00f3wi&nbsp;Ci\u0119 na wizyt\u0119 w punkcie ratunkowym lekarza rodzinnego.&nbsp;Tam zbada Ci\u0119&nbsp;lekarz rodzinny lub piel\u0119gniarka specjalna\/asystent&nbsp;lekarza&nbsp;.<\/li>\n\n\n\n<li><strong>Konsultacja telefoniczna.<\/strong> Lekarz rodzinny lub piel\u0119gniarka\/asystent lekarza oddzwoni. Nazywa si\u0119 to r\u00f3wnie\u017c konsultacj\u0105 cyfrow\u0105, za po\u015brednictwem wideorozmowy lub telefonu.<\/li>\n\n\n\n<li><strong>Wizyty<\/strong>. Lekarz rodzinny odwiedzi Ci\u0119&nbsp;w domu.&nbsp;Wizyta jest mo\u017cliwa tylko wtedy, gdy nie mo\u017cesz przyj\u015b\u0107 do lekarza rodzinnego poza godzinami pracy z powod\u00f3w medycznych.&nbsp;<\/li>\n<\/ol>\n\n\n\n<p><strong>Przepisy<\/strong><\/p>\n\n\n\n<p>Zazwyczaj pacjenci umawiaj\u0105 si\u0119 na powt\u00f3rne recepty u swojego lekarza rodzinnego. Tylko w nag\u0142ych przypadkach lekarz dy\u017curny mo\u017ce przepisa\u0107 powt\u00f3rn\u0105 recept\u0119. Nast\u0119pnie lekarz przepisze tyle lek\u00f3w, ile potrzeba, a\u017c do nast\u0119pnej godziny konsultacji z lekarzem rodzinnym. Za dodatkow\u0105 op\u0142at\u0105 pobierana jest dodatkowa op\u0142ata poza godzinami pracy biura.<\/p>\n","protected":false},"excerpt":{"rendered":"<p>Jak dzia\u0142a stacja pogotowia ratunkowego GP? Najpierw zapoznaj si\u0119 z pytaniami (Czy powinienem i\u015b\u0107 do lekarza?) Nie mo\u017cesz po prostu wpa\u015b\u0107 na izb\u0119 przyj\u0119\u0107 lekarza rodzinnego. Stacja pogotowia GP jest przeznaczona tylko dla reklamacji, kt\u00f3re nie mog\u0105 czeka\u0107 do nast\u0119pnego dnia roboczego. Najpierw zapoznaj si\u0119 z kilkoma pytaniami na tej stronie, aby oceni\u0107, czy musisz si\u0119 z nami skontaktowa\u0107. Wtedy otrzymasz potrzebn\u0105 pomoc tak szybko, jak to mo\u017cliwe. Je\u015bli zostaniesz poinformowany, aby zadzwoni\u0107 i zadzwonisz pod numer stacji alarmowej GP De Bevelanden (Goes), Schouwen-Duiveland (Zierikzee) lub Walcheren (Middelburg), us\u0142yszysz kr\u00f3tkie menu. W przypadku sytuacji potencjalnie zagra\u017caj\u0105cej \u017cyciu wybierz 1. Pomagamy [&#8230;]<\/p>\n","protected":false},"author":37,"featured_media":0,"parent":0,"menu_order":0,"comment_status":"closed","ping_status":"closed","template":"","meta":{"_acf_changed":false,"_trash_the_other_posts":false,"editor_notices":[],"footnotes":""},"class_list":["post-10051","page","type-page","status-publish","hentry"],"acf":[],"yoast_head":"<!-- This site is optimized with the Yoast SEO plugin v26.6 - https:\/\/yoast.com\/wordpress\/plugins\/seo\/ -->\n<title>Procedura - Huisartsenspoedpost Zeeland - Polski<\/title>\n<meta name=\"robots\" content=\"index, follow, max-snippet:-1, max-image-preview:large, max-video-preview:-1\" \/>\n<link rel=\"canonical\" href=\"https:\/\/huisartsenspoedpostzeeland.nl\/pl\/jak-pracowac-ze-stacja-pogotowia-ratunkowego-lekarza-rodzinnego\/\" \/>\n<meta property=\"og:locale\" content=\"pl_PL\" \/>\n<meta property=\"og:type\" content=\"article\" \/>\n<meta property=\"og:title\" content=\"Procedura - Huisartsenspoedpost Zeeland - Polski\" \/>\n<meta property=\"og:description\" content=\"Jak dzia\u0142a stacja pogotowia ratunkowego GP? Najpierw zapoznaj si\u0119 z pytaniami (Czy powinienem i\u015b\u0107 do lekarza?) Nie mo\u017cesz po prostu wpa\u015b\u0107 na izb\u0119 przyj\u0119\u0107 lekarza rodzinnego. Stacja pogotowia GP jest przeznaczona tylko dla reklamacji, kt\u00f3re nie mog\u0105 czeka\u0107 do nast\u0119pnego dnia roboczego. Najpierw zapoznaj si\u0119 z kilkoma pytaniami na tej stronie, aby oceni\u0107, czy musisz si\u0119 z nami skontaktowa\u0107. Wtedy otrzymasz potrzebn\u0105 pomoc tak szybko, jak to mo\u017cliwe. Je\u015bli zostaniesz poinformowany, aby zadzwoni\u0107 i zadzwonisz pod numer stacji alarmowej GP De Bevelanden (Goes), Schouwen-Duiveland (Zierikzee) lub Walcheren (Middelburg), us\u0142yszysz kr\u00f3tkie menu. W przypadku sytuacji potencjalnie zagra\u017caj\u0105cej \u017cyciu wybierz 1. Pomagamy [...]\" \/>\n<meta property=\"og:url\" content=\"https:\/\/huisartsenspoedpostzeeland.nl\/pl\/jak-pracowac-ze-stacja-pogotowia-ratunkowego-lekarza-rodzinnego\/\" \/>\n<meta property=\"og:site_name\" content=\"Huisartsenspoedpost Zeeland - Polski\" \/>\n<meta property=\"article:modified_time\" content=\"2024-05-14T11:18:08+00:00\" \/>\n<meta name=\"twitter:card\" content=\"summary_large_image\" \/>\n<meta name=\"twitter:label1\" content=\"Szacowany czas czytania\" \/>\n\t<meta name=\"twitter:data1\" content=\"3 minuty\" \/>\n<script type=\"application\/ld+json\" class=\"yoast-schema-graph\">{\"@context\":\"https:\/\/schema.org\",\"@graph\":[{\"@type\":\"WebPage\",\"@id\":\"https:\/\/huisartsenspoedpostzeeland.nl\/pl\/jak-pracowac-ze-stacja-pogotowia-ratunkowego-lekarza-rodzinnego\/\",\"url\":\"https:\/\/huisartsenspoedpostzeeland.nl\/pl\/jak-pracowac-ze-stacja-pogotowia-ratunkowego-lekarza-rodzinnego\/\",\"name\":\"Procedura - Huisartsenspoedpost Zeeland - Polski\",\"isPartOf\":{\"@id\":\"https:\/\/huisartsenspoedpostzeeland.nl\/pl\/#website\"},\"datePublished\":\"2023-07-05T07:08:08+00:00\",\"dateModified\":\"2024-05-14T11:18:08+00:00\",\"breadcrumb\":{\"@id\":\"https:\/\/huisartsenspoedpostzeeland.nl\/pl\/jak-pracowac-ze-stacja-pogotowia-ratunkowego-lekarza-rodzinnego\/#breadcrumb\"},\"inLanguage\":\"pl-PL\",\"potentialAction\":[{\"@type\":\"ReadAction\",\"target\":[\"https:\/\/huisartsenspoedpostzeeland.nl\/pl\/jak-pracowac-ze-stacja-pogotowia-ratunkowego-lekarza-rodzinnego\/\"]}]},{\"@type\":\"BreadcrumbList\",\"@id\":\"https:\/\/huisartsenspoedpostzeeland.nl\/pl\/jak-pracowac-ze-stacja-pogotowia-ratunkowego-lekarza-rodzinnego\/#breadcrumb\",\"itemListElement\":[{\"@type\":\"ListItem\",\"position\":1,\"name\":\"Home\",\"item\":\"https:\/\/huisartsenspoedpostzeeland.nl\/pl\/\"},{\"@type\":\"ListItem\",\"position\":2,\"name\":\"Procedura\"}]},{\"@type\":\"WebSite\",\"@id\":\"https:\/\/huisartsenspoedpostzeeland.nl\/pl\/#website\",\"url\":\"https:\/\/huisartsenspoedpostzeeland.nl\/pl\/\",\"name\":\"Huisartsenspoedpost Zeeland - Polski\",\"description\":\"\",\"potentialAction\":[{\"@type\":\"SearchAction\",\"target\":{\"@type\":\"EntryPoint\",\"urlTemplate\":\"https:\/\/huisartsenspoedpostzeeland.nl\/pl\/?s={search_term_string}\"},\"query-input\":{\"@type\":\"PropertyValueSpecification\",\"valueRequired\":true,\"valueName\":\"search_term_string\"}}],\"inLanguage\":\"pl-PL\"}]}<\/script>\n<!-- \/ Yoast SEO plugin. -->","yoast_head_json":{"title":"Procedura - Huisartsenspoedpost Zeeland - Polski","robots":{"index":"index","follow":"follow","max-snippet":"max-snippet:-1","max-image-preview":"max-image-preview:large","max-video-preview":"max-video-preview:-1"},"canonical":"https:\/\/huisartsenspoedpostzeeland.nl\/pl\/jak-pracowac-ze-stacja-pogotowia-ratunkowego-lekarza-rodzinnego\/","og_locale":"pl_PL","og_type":"article","og_title":"Procedura - Huisartsenspoedpost Zeeland - Polski","og_description":"Jak dzia\u0142a stacja pogotowia ratunkowego GP? Najpierw zapoznaj si\u0119 z pytaniami (Czy powinienem i\u015b\u0107 do lekarza?) Nie mo\u017cesz po prostu wpa\u015b\u0107 na izb\u0119 przyj\u0119\u0107 lekarza rodzinnego. Stacja pogotowia GP jest przeznaczona tylko dla reklamacji, kt\u00f3re nie mog\u0105 czeka\u0107 do nast\u0119pnego dnia roboczego. Najpierw zapoznaj si\u0119 z kilkoma pytaniami na tej stronie, aby oceni\u0107, czy musisz si\u0119 z nami skontaktowa\u0107. Wtedy otrzymasz potrzebn\u0105 pomoc tak szybko, jak to mo\u017cliwe. Je\u015bli zostaniesz poinformowany, aby zadzwoni\u0107 i zadzwonisz pod numer stacji alarmowej GP De Bevelanden (Goes), Schouwen-Duiveland (Zierikzee) lub Walcheren (Middelburg), us\u0142yszysz kr\u00f3tkie menu. W przypadku sytuacji potencjalnie zagra\u017caj\u0105cej \u017cyciu wybierz 1. Pomagamy [...]","og_url":"https:\/\/huisartsenspoedpostzeeland.nl\/pl\/jak-pracowac-ze-stacja-pogotowia-ratunkowego-lekarza-rodzinnego\/","og_site_name":"Huisartsenspoedpost Zeeland - Polski","article_modified_time":"2024-05-14T11:18:08+00:00","twitter_card":"summary_large_image","twitter_misc":{"Szacowany czas czytania":"3 minuty"},"schema":{"@context":"https:\/\/schema.org","@graph":[{"@type":"WebPage","@id":"https:\/\/huisartsenspoedpostzeeland.nl\/pl\/jak-pracowac-ze-stacja-pogotowia-ratunkowego-lekarza-rodzinnego\/","url":"https:\/\/huisartsenspoedpostzeeland.nl\/pl\/jak-pracowac-ze-stacja-pogotowia-ratunkowego-lekarza-rodzinnego\/","name":"Procedura - Huisartsenspoedpost Zeeland - Polski","isPartOf":{"@id":"https:\/\/huisartsenspoedpostzeeland.nl\/pl\/#website"},"datePublished":"2023-07-05T07:08:08+00:00","dateModified":"2024-05-14T11:18:08+00:00","breadcrumb":{"@id":"https:\/\/huisartsenspoedpostzeeland.nl\/pl\/jak-pracowac-ze-stacja-pogotowia-ratunkowego-lekarza-rodzinnego\/#breadcrumb"},"inLanguage":"pl-PL","potentialAction":[{"@type":"ReadAction","target":["https:\/\/huisartsenspoedpostzeeland.nl\/pl\/jak-pracowac-ze-stacja-pogotowia-ratunkowego-lekarza-rodzinnego\/"]}]},{"@type":"BreadcrumbList","@id":"https:\/\/huisartsenspoedpostzeeland.nl\/pl\/jak-pracowac-ze-stacja-pogotowia-ratunkowego-lekarza-rodzinnego\/#breadcrumb","itemListElement":[{"@type":"ListItem","position":1,"name":"Home","item":"https:\/\/huisartsenspoedpostzeeland.nl\/pl\/"},{"@type":"ListItem","position":2,"name":"Procedura"}]},{"@type":"WebSite","@id":"https:\/\/huisartsenspoedpostzeeland.nl\/pl\/#website","url":"https:\/\/huisartsenspoedpostzeeland.nl\/pl\/","name":"Huisartsenspoedpost Zeeland - Polski","description":"","potentialAction":[{"@type":"SearchAction","target":{"@type":"EntryPoint","urlTemplate":"https:\/\/huisartsenspoedpostzeeland.nl\/pl\/?s={search_term_string}"},"query-input":{"@type":"PropertyValueSpecification","valueRequired":true,"valueName":"search_term_string"}}],"inLanguage":"pl-PL"}]}},"_links":{"self":[{"href":"https:\/\/huisartsenspoedpostzeeland.nl\/pl\/wp-json\/wp\/v2\/pages\/10051","targetHints":{"allow":["GET"]}}],"collection":[{"href":"https:\/\/huisartsenspoedpostzeeland.nl\/pl\/wp-json\/wp\/v2\/pages"}],"about":[{"href":"https:\/\/huisartsenspoedpostzeeland.nl\/pl\/wp-json\/wp\/v2\/types\/page"}],"author":[{"embeddable":true,"href":"https:\/\/huisartsenspoedpostzeeland.nl\/pl\/wp-json\/wp\/v2\/users\/37"}],"replies":[{"embeddable":true,"href":"https:\/\/huisartsenspoedpostzeeland.nl\/pl\/wp-json\/wp\/v2\/comments?post=10051"}],"version-history":[{"count":3,"href":"https:\/\/huisartsenspoedpostzeeland.nl\/pl\/wp-json\/wp\/v2\/pages\/10051\/revisions"}],"predecessor-version":[{"id":12738,"href":"https:\/\/huisartsenspoedpostzeeland.nl\/pl\/wp-json\/wp\/v2\/pages\/10051\/revisions\/12738"}],"wp:attachment":[{"href":"https:\/\/huisartsenspoedpostzeeland.nl\/pl\/wp-json\/wp\/v2\/media?parent=10051"}],"curies":[{"name":"wp","href":"https:\/\/api.w.org\/{rel}","templated":true}]}}