{"id":10078,"date":"2023-07-11T15:06:12","date_gmt":"2023-07-11T13:06:12","guid":{"rendered":"https:\/\/huisartsenspoedpostzeeland.nl\/?page_id=10078"},"modified":"2024-05-14T11:25:38","modified_gmt":"2024-05-14T09:25:38","slug":"belg","status":"publish","type":"page","link":"https:\/\/huisartsenspoedpostzeeland.nl\/pl\/belg\/","title":{"rendered":"Belg"},"content":{"rendered":"\n\n\n<div id=\"mindd_widget_embedded\"><\/div>\n<script src=\"https:\/\/moetiknaardedokter.azurewebsites.net\/embed\/index.js\" type=\"text\/javascript\"><\/script>\n<script type=\"text\/javascript\">\n\twindow.addEventListener('DOMContentLoaded', function() {\n\t\twindow.mindd.init({\n\t\t\tApiKey: 'XXb\/K5kLU9X4HuKM8HjXueS8A+JPM2BY',\n\t\t\ttarget: '#mindd_widget_embedded',\n\t\t\ttype: 'widget',\t\t\t\n\t\t\topen: false,\n\t\t\tdefaultLanguageCode: 'BE',\n\t\t\tmodalDisplayMode: 'full',\n\t\t\twidget_showWelcomeText: true,\n\t\t\twidget_background: 'transparent',\n\t\t\twidget_foreground: '#fff',\n\t\t\tlabels: {\n\t\t\t\tQuestionWhatGender: null\n\t\t\t},\n\t\t\tbranding: {\n\t\t\t\ttermsOfUseUrl: '\/gebruiksvoorwaarden\/',\n\t\t\t\tlayout: null,\n\t\t\t\tname: '',\n\t\t\t\tphone_label: '',\n\t\t\t\tphone_number: '',\n\t\t\t}\n\t\t});\n\t});\n<\/script>\n\n\n\n<h2 class=\"wp-block-heading\">Witamy w Huisartsenspoedpost Zeeland!<\/h2>\n\n\n\n<p>Witamy na stronie&nbsp;internetowej GP Emergency Post, cz\u0119\u015bci The GP Connection.<br>Je\u015bli pilnie potrzebujesz lekarza rodzinnego wieczorem, w nocy, w weekend lub w \u015bwi\u0119to pa\u0144stwowe, zadzwo\u0144 pod numer telefonu stacji alarmowej lekarza rodzinnego w Twojej okolicy. Nie ma mo\u017cliwo\u015bci wej\u015bcia bez wcze\u015bniejszego um\u00f3wienia si\u0119.<\/p>\n\n\n\n<h2 class=\"wp-block-heading\">Intensywna terapia<\/h2>\n\n\n\n<p>Stacja pogotowia lekarza rodzinnego s\u0142u\u017cy tylko do opieki lekarza rodzinnego w nag\u0142ych wypadkach wieczorami, nocami,&nbsp;w weekendy i \u015bwi\u0119ta, kt\u00f3re nie mog\u0105 czeka\u0107 do nast\u0119pnej godziny konsultacji w\u0142asnego lekarza rodzinnego.<\/p>\n\n\n\n<h2 class=\"wp-block-heading\">Godziny otwarcia<\/h2>\n\n\n\n<p>Us\u0142uga lekarza rodzinnego poza godzinami pracy jest dost\u0119pna od poniedzia\u0142ku do pi\u0105tku w godzinach od 17:00 do 8:00. W soboty i niedziele oraz w \u015bwi\u0119ta pa\u0144stwowe lekarz rodzinny jest czynny 24 godziny na dob\u0119. Prosimy o uprzednie skontaktowanie si\u0119 z nami telefonicznie w celu um\u00f3wienia si\u0119 na spotkanie.<\/p>\n\n\n\n<p>Potrzebujesz karetki pogotowia? Zadzwo\u0144 pod numer 112.<\/p>\n\n\n\n<h2 class=\"wp-block-heading\">Linia zaj\u0119ta<\/h2>\n\n\n\n<p>Dzwonisz w czasie, gdy wszystkie linie s\u0105 zaj\u0119te? Wtedy zostaniesz umieszczony w kolejce. W takim przypadku nale\u017cy spokojnie poczeka\u0107, a piel\u0119gniarka tria\u017cowa porozmawia z Tob\u0105 tak szybko, jak to mo\u017cliwe.<\/p>\n\n\n\n<h2 class=\"wp-block-heading\">Linia alarmowa<\/h2>\n\n\n\n<p>Pilnie potrzebujesz pomocy? Nast\u0119pnie naci\u015bnij 1, a zostaniesz przeniesiony bezpo\u015brednio na lini\u0119 alarmow\u0105.<\/p>\n\n\n\n<h2 class=\"wp-block-heading\">Sejf w Zelandii<\/h2>\n\n\n\n<p>Je\u015bli dojdzie do sytuacji kryzysowej, w kt\u00f3r\u0105 zaanga\u017cowane s\u0105 r\u00f3wnie\u017c inne organizacje opieki zdrowotnej i Zeeland Safety Region, najnowsze informacje mo\u017cna znale\u017a\u0107 na <a href=\"https:\/\/www.zeelandveilig.nl\/\" target=\"_blank\" rel=\"noreferrer noopener\">stronie Zeeland_Veilig<\/a><\/p>\n\n\n\n<p>\n","protected":false},"excerpt":{"rendered":"<p>Witamy w Huisartsenspoedpost Zeeland! Witamy na stronie&nbsp;internetowej GP Emergency Post, cz\u0119\u015bci The GP Connection. Je\u015bli pilnie potrzebujesz lekarza rodzinnego wieczorem, w nocy, w weekend lub w \u015bwi\u0119to pa\u0144stwowe, zadzwo\u0144 pod numer telefonu stacji alarmowej lekarza rodzinnego w Twojej okolicy. Nie ma mo\u017cliwo\u015bci wej\u015bcia bez wcze\u015bniejszego um\u00f3wienia si\u0119. Intensywna terapia Stacja pogotowia lekarza rodzinnego s\u0142u\u017cy tylko do opieki lekarza rodzinnego w nag\u0142ych wypadkach wieczorami, nocami,&nbsp;w weekendy i \u015bwi\u0119ta, kt\u00f3re nie mog\u0105 czeka\u0107 do nast\u0119pnej godziny konsultacji z lekarzem rodzinnym. Us\u0142uga lekarza rodzinnego poza godzinami pracy jest dost\u0119pna od poniedzia\u0142ku do pi\u0105tku w godzinach od 17:00 do 8:00. W soboty i niedziele oraz w dni urz\u0119dowe [&#8230;]<\/p>\n","protected":false},"author":3,"featured_media":0,"parent":0,"menu_order":0,"comment_status":"closed","ping_status":"closed","template":"","meta":{"_acf_changed":false,"_trash_the_other_posts":false,"editor_notices":[],"footnotes":""},"class_list":["post-10078","page","type-page","status-publish","hentry"],"acf":[],"yoast_head":"<!-- This site is optimized with the Yoast SEO plugin v26.6 - https:\/\/yoast.com\/wordpress\/plugins\/seo\/ -->\n<title>Belg - Huisartsenspoedpost Zeeland - Polski<\/title>\n<meta name=\"robots\" content=\"index, follow, max-snippet:-1, max-image-preview:large, max-video-preview:-1\" \/>\n<link rel=\"canonical\" href=\"https:\/\/huisartsenspoedpostzeeland.nl\/pl\/belg\/\" \/>\n<meta property=\"og:locale\" content=\"pl_PL\" \/>\n<meta property=\"og:type\" content=\"article\" \/>\n<meta property=\"og:title\" content=\"Belg - Huisartsenspoedpost Zeeland - Polski\" \/>\n<meta property=\"og:description\" content=\"Witamy w Huisartsenspoedpost Zeeland! Witamy na stronie&nbsp;internetowej GP Emergency Post, cz\u0119\u015bci The GP Connection. Je\u015bli pilnie potrzebujesz lekarza rodzinnego wieczorem, w nocy, w weekend lub w \u015bwi\u0119to pa\u0144stwowe, zadzwo\u0144 pod numer telefonu stacji alarmowej lekarza rodzinnego w Twojej okolicy. Nie ma mo\u017cliwo\u015bci wej\u015bcia bez wcze\u015bniejszego um\u00f3wienia si\u0119. Intensywna terapia Stacja pogotowia lekarza rodzinnego s\u0142u\u017cy tylko do opieki lekarza rodzinnego w nag\u0142ych wypadkach wieczorami, nocami,&nbsp;w weekendy i \u015bwi\u0119ta, kt\u00f3re nie mog\u0105 czeka\u0107 do nast\u0119pnej godziny konsultacji z lekarzem rodzinnym. Us\u0142uga lekarza rodzinnego poza godzinami pracy jest dost\u0119pna od poniedzia\u0142ku do pi\u0105tku w godzinach od 17:00 do 8:00. W soboty i niedziele oraz w dni urz\u0119dowe [...]\" \/>\n<meta property=\"og:url\" content=\"https:\/\/huisartsenspoedpostzeeland.nl\/pl\/belg\/\" \/>\n<meta property=\"og:site_name\" content=\"Huisartsenspoedpost Zeeland - Polski\" \/>\n<meta property=\"article:modified_time\" content=\"2024-05-14T09:25:38+00:00\" \/>\n<meta name=\"twitter:card\" content=\"summary_large_image\" \/>\n<script type=\"application\/ld+json\" class=\"yoast-schema-graph\">{\"@context\":\"https:\/\/schema.org\",\"@graph\":[{\"@type\":\"WebPage\",\"@id\":\"https:\/\/huisartsenspoedpostzeeland.nl\/pl\/belg\/\",\"url\":\"https:\/\/huisartsenspoedpostzeeland.nl\/pl\/belg\/\",\"name\":\"Belg - Huisartsenspoedpost Zeeland - Polski\",\"isPartOf\":{\"@id\":\"https:\/\/huisartsenspoedpostzeeland.nl\/pl\/#website\"},\"datePublished\":\"2023-07-11T13:06:12+00:00\",\"dateModified\":\"2024-05-14T09:25:38+00:00\",\"breadcrumb\":{\"@id\":\"https:\/\/huisartsenspoedpostzeeland.nl\/pl\/belg\/#breadcrumb\"},\"inLanguage\":\"pl-PL\",\"potentialAction\":[{\"@type\":\"ReadAction\",\"target\":[\"https:\/\/huisartsenspoedpostzeeland.nl\/pl\/belg\/\"]}]},{\"@type\":\"BreadcrumbList\",\"@id\":\"https:\/\/huisartsenspoedpostzeeland.nl\/pl\/belg\/#breadcrumb\",\"itemListElement\":[{\"@type\":\"ListItem\",\"position\":1,\"name\":\"Home\",\"item\":\"https:\/\/huisartsenspoedpostzeeland.nl\/pl\/\"},{\"@type\":\"ListItem\",\"position\":2,\"name\":\"Belg\"}]},{\"@type\":\"WebSite\",\"@id\":\"https:\/\/huisartsenspoedpostzeeland.nl\/pl\/#website\",\"url\":\"https:\/\/huisartsenspoedpostzeeland.nl\/pl\/\",\"name\":\"Huisartsenspoedpost Zeeland - Polski\",\"description\":\"\",\"potentialAction\":[{\"@type\":\"SearchAction\",\"target\":{\"@type\":\"EntryPoint\",\"urlTemplate\":\"https:\/\/huisartsenspoedpostzeeland.nl\/pl\/?s={search_term_string}\"},\"query-input\":{\"@type\":\"PropertyValueSpecification\",\"valueRequired\":true,\"valueName\":\"search_term_string\"}}],\"inLanguage\":\"pl-PL\"}]}<\/script>\n<!-- \/ Yoast SEO plugin. -->","yoast_head_json":{"title":"Belg - Huisartsenspoedpost Zeeland - Polski","robots":{"index":"index","follow":"follow","max-snippet":"max-snippet:-1","max-image-preview":"max-image-preview:large","max-video-preview":"max-video-preview:-1"},"canonical":"https:\/\/huisartsenspoedpostzeeland.nl\/pl\/belg\/","og_locale":"pl_PL","og_type":"article","og_title":"Belg - Huisartsenspoedpost Zeeland - Polski","og_description":"Witamy w Huisartsenspoedpost Zeeland! Witamy na stronie&nbsp;internetowej GP Emergency Post, cz\u0119\u015bci The GP Connection. Je\u015bli pilnie potrzebujesz lekarza rodzinnego wieczorem, w nocy, w weekend lub w \u015bwi\u0119to pa\u0144stwowe, zadzwo\u0144 pod numer telefonu stacji alarmowej lekarza rodzinnego w Twojej okolicy. Nie ma mo\u017cliwo\u015bci wej\u015bcia bez wcze\u015bniejszego um\u00f3wienia si\u0119. Intensywna terapia Stacja pogotowia lekarza rodzinnego s\u0142u\u017cy tylko do opieki lekarza rodzinnego w nag\u0142ych wypadkach wieczorami, nocami,&nbsp;w weekendy i \u015bwi\u0119ta, kt\u00f3re nie mog\u0105 czeka\u0107 do nast\u0119pnej godziny konsultacji z lekarzem rodzinnym. Us\u0142uga lekarza rodzinnego poza godzinami pracy jest dost\u0119pna od poniedzia\u0142ku do pi\u0105tku w godzinach od 17:00 do 8:00. W soboty i niedziele oraz w dni urz\u0119dowe [...]","og_url":"https:\/\/huisartsenspoedpostzeeland.nl\/pl\/belg\/","og_site_name":"Huisartsenspoedpost Zeeland - Polski","article_modified_time":"2024-05-14T09:25:38+00:00","twitter_card":"summary_large_image","schema":{"@context":"https:\/\/schema.org","@graph":[{"@type":"WebPage","@id":"https:\/\/huisartsenspoedpostzeeland.nl\/pl\/belg\/","url":"https:\/\/huisartsenspoedpostzeeland.nl\/pl\/belg\/","name":"Belg - Huisartsenspoedpost Zeeland - Polski","isPartOf":{"@id":"https:\/\/huisartsenspoedpostzeeland.nl\/pl\/#website"},"datePublished":"2023-07-11T13:06:12+00:00","dateModified":"2024-05-14T09:25:38+00:00","breadcrumb":{"@id":"https:\/\/huisartsenspoedpostzeeland.nl\/pl\/belg\/#breadcrumb"},"inLanguage":"pl-PL","potentialAction":[{"@type":"ReadAction","target":["https:\/\/huisartsenspoedpostzeeland.nl\/pl\/belg\/"]}]},{"@type":"BreadcrumbList","@id":"https:\/\/huisartsenspoedpostzeeland.nl\/pl\/belg\/#breadcrumb","itemListElement":[{"@type":"ListItem","position":1,"name":"Home","item":"https:\/\/huisartsenspoedpostzeeland.nl\/pl\/"},{"@type":"ListItem","position":2,"name":"Belg"}]},{"@type":"WebSite","@id":"https:\/\/huisartsenspoedpostzeeland.nl\/pl\/#website","url":"https:\/\/huisartsenspoedpostzeeland.nl\/pl\/","name":"Huisartsenspoedpost Zeeland - Polski","description":"","potentialAction":[{"@type":"SearchAction","target":{"@type":"EntryPoint","urlTemplate":"https:\/\/huisartsenspoedpostzeeland.nl\/pl\/?s={search_term_string}"},"query-input":{"@type":"PropertyValueSpecification","valueRequired":true,"valueName":"search_term_string"}}],"inLanguage":"pl-PL"}]}},"_links":{"self":[{"href":"https:\/\/huisartsenspoedpostzeeland.nl\/pl\/wp-json\/wp\/v2\/pages\/10078","targetHints":{"allow":["GET"]}}],"collection":[{"href":"https:\/\/huisartsenspoedpostzeeland.nl\/pl\/wp-json\/wp\/v2\/pages"}],"about":[{"href":"https:\/\/huisartsenspoedpostzeeland.nl\/pl\/wp-json\/wp\/v2\/types\/page"}],"author":[{"embeddable":true,"href":"https:\/\/huisartsenspoedpostzeeland.nl\/pl\/wp-json\/wp\/v2\/users\/3"}],"replies":[{"embeddable":true,"href":"https:\/\/huisartsenspoedpostzeeland.nl\/pl\/wp-json\/wp\/v2\/comments?post=10078"}],"version-history":[{"count":1,"href":"https:\/\/huisartsenspoedpostzeeland.nl\/pl\/wp-json\/wp\/v2\/pages\/10078\/revisions"}],"predecessor-version":[{"id":12616,"href":"https:\/\/huisartsenspoedpostzeeland.nl\/pl\/wp-json\/wp\/v2\/pages\/10078\/revisions\/12616"}],"wp:attachment":[{"href":"https:\/\/huisartsenspoedpostzeeland.nl\/pl\/wp-json\/wp\/v2\/media?parent=10078"}],"curies":[{"name":"wp","href":"https:\/\/api.w.org\/{rel}","templated":true}]}}