{"id":10089,"date":"2023-07-11T15:14:39","date_gmt":"2023-07-11T13:14:39","guid":{"rendered":"https:\/\/huisartsenspoedpostzeeland.nl\/?page_id=10089"},"modified":"2024-05-14T11:25:43","modified_gmt":"2024-05-14T09:25:43","slug":"angielski","status":"publish","type":"page","link":"https:\/\/huisartsenspoedpostzeeland.nl\/pl\/angielski\/","title":{"rendered":"Angielski"},"content":{"rendered":"\n\n\n<div id=\"mindd_widget_embedded\"><\/div>\n<script src=\"https:\/\/moetiknaardedokter.azurewebsites.net\/embed\/index.js\" type=\"text\/javascript\"><\/script>\n<script type=\"text\/javascript\">\n\twindow.addEventListener('DOMContentLoaded', function() {\n\t\twindow.mindd.init({\n\t\t\tApiKey: 'XXb\/K5kLU9X4HuKM8HjXueS8A+JPM2BY',\n\t\t\ttarget: '#mindd_widget_embedded',\n\t\t\ttype: 'widget',\t\t\t\n\t\t\topen: false,\n\t\t\tdefaultLanguageCode: 'EN',\n\t\t\tmodalDisplayMode: 'full',\n\t\t\twidget_showWelcomeText: true,\n\t\t\twidget_background: 'transparent',\n\t\t\twidget_foreground: '#fff',\n\t\t\tlabels: {\n\t\t\t\tQuestionWhatGender: null\n\t\t\t},\n\t\t\tbranding: {\n\t\t\t\ttermsOfUseUrl: '\/gebruiksvoorwaarden\/',\n\t\t\t\tlayout: null,\n\t\t\t\tname: '',\n\t\t\t\tphone_label: '',\n\t\t\t\tphone_number: '',\n\t\t\t}\n\t\t});\n\t});\n<\/script>\n\n\n\n\n<h2 class=\"wp-block-heading\">Witamy w przychodni lekarza rodzinnego poza godzinami pracy w Zelandii!<\/h2>\n\n\n\n<p>NIE id\u017a do lekarza rodzinnego lub jednostki lekarza rodzinnego bez um\u00f3wionej wizyty. Musisz ZAWSZE zadzwoni\u0107 pierwszy!<\/p>\n\n\n\n<p>Poza godzinami pracy biura (od poniedzia\u0142ku do pi\u0105tku od 17:00 do 08:00, w soboty i niedziele oraz \u015bwi\u0119ta): zadzwo\u0144 do lekarza rodzinnego<\/p>\n\n\n\n<p>Je\u015bli potrzebujesz karetki pogotowia, zadzwo\u0144 pod numer 112.<\/p>\n","protected":false},"excerpt":{"rendered":"<p>Witamy w przychodni lekarza rodzinnego poza godzinami pracy w Zelandii! NIE id\u017a do lekarza rodzinnego lub jednostki lekarza rodzinnego bez um\u00f3wionej wizyty. Musisz ZAWSZE zadzwoni\u0107 pierwszy! Poza godzinami pracy biura (od poniedzia\u0142ku do pi\u0105tku od 17:00 do 08:00, w soboty i niedziele oraz \u015bwi\u0119ta): zadzwo\u0144 do lekarza rodzinnego Je\u015bli potrzebujesz karetki, zadzwo\u0144 pod numer 112.<\/p>\n","protected":false},"author":3,"featured_media":0,"parent":0,"menu_order":0,"comment_status":"closed","ping_status":"closed","template":"","meta":{"_acf_changed":false,"_trash_the_other_posts":false,"editor_notices":[],"footnotes":""},"class_list":["post-10089","page","type-page","status-publish","hentry"],"acf":[],"yoast_head":"<!-- This site is optimized with the Yoast SEO plugin v26.6 - https:\/\/yoast.com\/wordpress\/plugins\/seo\/ -->\n<title>Angielski - Huisartsenspoedpost Zeeland - Polski<\/title>\n<meta name=\"robots\" content=\"index, follow, max-snippet:-1, max-image-preview:large, max-video-preview:-1\" \/>\n<link rel=\"canonical\" href=\"https:\/\/huisartsenspoedpostzeeland.nl\/pl\/angielski\/\" \/>\n<meta property=\"og:locale\" content=\"pl_PL\" \/>\n<meta property=\"og:type\" content=\"article\" \/>\n<meta property=\"og:title\" content=\"Angielski - Huisartsenspoedpost Zeeland - Polski\" \/>\n<meta property=\"og:description\" content=\"Witamy w przychodni lekarza rodzinnego poza godzinami pracy w Zelandii! NIE id\u017a do lekarza rodzinnego lub jednostki lekarza rodzinnego bez um\u00f3wionej wizyty. Musisz ZAWSZE zadzwoni\u0107 pierwszy! Poza godzinami pracy biura (od poniedzia\u0142ku do pi\u0105tku od 17:00 do 08:00, w soboty i niedziele oraz \u015bwi\u0119ta): zadzwo\u0144 do lekarza rodzinnego Je\u015bli potrzebujesz karetki, zadzwo\u0144 pod numer 112.\" \/>\n<meta property=\"og:url\" content=\"https:\/\/huisartsenspoedpostzeeland.nl\/pl\/angielski\/\" \/>\n<meta property=\"og:site_name\" content=\"Huisartsenspoedpost Zeeland - Polski\" \/>\n<meta property=\"article:modified_time\" content=\"2024-05-14T09:25:43+00:00\" \/>\n<meta name=\"twitter:card\" content=\"summary_large_image\" \/>\n<meta name=\"twitter:label1\" content=\"Szacowany czas czytania\" \/>\n\t<meta name=\"twitter:data1\" content=\"1 minuta\" \/>\n<script type=\"application\/ld+json\" class=\"yoast-schema-graph\">{\"@context\":\"https:\/\/schema.org\",\"@graph\":[{\"@type\":\"WebPage\",\"@id\":\"https:\/\/huisartsenspoedpostzeeland.nl\/pl\/angielski\/\",\"url\":\"https:\/\/huisartsenspoedpostzeeland.nl\/pl\/angielski\/\",\"name\":\"Angielski - Huisartsenspoedpost Zeeland - Polski\",\"isPartOf\":{\"@id\":\"https:\/\/huisartsenspoedpostzeeland.nl\/pl\/#website\"},\"datePublished\":\"2023-07-11T13:14:39+00:00\",\"dateModified\":\"2024-05-14T09:25:43+00:00\",\"breadcrumb\":{\"@id\":\"https:\/\/huisartsenspoedpostzeeland.nl\/pl\/angielski\/#breadcrumb\"},\"inLanguage\":\"pl-PL\",\"potentialAction\":[{\"@type\":\"ReadAction\",\"target\":[\"https:\/\/huisartsenspoedpostzeeland.nl\/pl\/angielski\/\"]}]},{\"@type\":\"BreadcrumbList\",\"@id\":\"https:\/\/huisartsenspoedpostzeeland.nl\/pl\/angielski\/#breadcrumb\",\"itemListElement\":[{\"@type\":\"ListItem\",\"position\":1,\"name\":\"Home\",\"item\":\"https:\/\/huisartsenspoedpostzeeland.nl\/pl\/\"},{\"@type\":\"ListItem\",\"position\":2,\"name\":\"Angielski\"}]},{\"@type\":\"WebSite\",\"@id\":\"https:\/\/huisartsenspoedpostzeeland.nl\/pl\/#website\",\"url\":\"https:\/\/huisartsenspoedpostzeeland.nl\/pl\/\",\"name\":\"Huisartsenspoedpost Zeeland - Polski\",\"description\":\"\",\"potentialAction\":[{\"@type\":\"SearchAction\",\"target\":{\"@type\":\"EntryPoint\",\"urlTemplate\":\"https:\/\/huisartsenspoedpostzeeland.nl\/pl\/?s={search_term_string}\"},\"query-input\":{\"@type\":\"PropertyValueSpecification\",\"valueRequired\":true,\"valueName\":\"search_term_string\"}}],\"inLanguage\":\"pl-PL\"}]}<\/script>\n<!-- \/ Yoast SEO plugin. -->","yoast_head_json":{"title":"Angielski - Huisartsenspoedpost Zeeland - Polski","robots":{"index":"index","follow":"follow","max-snippet":"max-snippet:-1","max-image-preview":"max-image-preview:large","max-video-preview":"max-video-preview:-1"},"canonical":"https:\/\/huisartsenspoedpostzeeland.nl\/pl\/angielski\/","og_locale":"pl_PL","og_type":"article","og_title":"Angielski - Huisartsenspoedpost Zeeland - Polski","og_description":"Witamy w przychodni lekarza rodzinnego poza godzinami pracy w Zelandii! NIE id\u017a do lekarza rodzinnego lub jednostki lekarza rodzinnego bez um\u00f3wionej wizyty. Musisz ZAWSZE zadzwoni\u0107 pierwszy! Poza godzinami pracy biura (od poniedzia\u0142ku do pi\u0105tku od 17:00 do 08:00, w soboty i niedziele oraz \u015bwi\u0119ta): zadzwo\u0144 do lekarza rodzinnego Je\u015bli potrzebujesz karetki, zadzwo\u0144 pod numer 112.","og_url":"https:\/\/huisartsenspoedpostzeeland.nl\/pl\/angielski\/","og_site_name":"Huisartsenspoedpost Zeeland - Polski","article_modified_time":"2024-05-14T09:25:43+00:00","twitter_card":"summary_large_image","twitter_misc":{"Szacowany czas czytania":"1 minuta"},"schema":{"@context":"https:\/\/schema.org","@graph":[{"@type":"WebPage","@id":"https:\/\/huisartsenspoedpostzeeland.nl\/pl\/angielski\/","url":"https:\/\/huisartsenspoedpostzeeland.nl\/pl\/angielski\/","name":"Angielski - Huisartsenspoedpost Zeeland - Polski","isPartOf":{"@id":"https:\/\/huisartsenspoedpostzeeland.nl\/pl\/#website"},"datePublished":"2023-07-11T13:14:39+00:00","dateModified":"2024-05-14T09:25:43+00:00","breadcrumb":{"@id":"https:\/\/huisartsenspoedpostzeeland.nl\/pl\/angielski\/#breadcrumb"},"inLanguage":"pl-PL","potentialAction":[{"@type":"ReadAction","target":["https:\/\/huisartsenspoedpostzeeland.nl\/pl\/angielski\/"]}]},{"@type":"BreadcrumbList","@id":"https:\/\/huisartsenspoedpostzeeland.nl\/pl\/angielski\/#breadcrumb","itemListElement":[{"@type":"ListItem","position":1,"name":"Home","item":"https:\/\/huisartsenspoedpostzeeland.nl\/pl\/"},{"@type":"ListItem","position":2,"name":"Angielski"}]},{"@type":"WebSite","@id":"https:\/\/huisartsenspoedpostzeeland.nl\/pl\/#website","url":"https:\/\/huisartsenspoedpostzeeland.nl\/pl\/","name":"Huisartsenspoedpost Zeeland - Polski","description":"","potentialAction":[{"@type":"SearchAction","target":{"@type":"EntryPoint","urlTemplate":"https:\/\/huisartsenspoedpostzeeland.nl\/pl\/?s={search_term_string}"},"query-input":{"@type":"PropertyValueSpecification","valueRequired":true,"valueName":"search_term_string"}}],"inLanguage":"pl-PL"}]}},"_links":{"self":[{"href":"https:\/\/huisartsenspoedpostzeeland.nl\/pl\/wp-json\/wp\/v2\/pages\/10089","targetHints":{"allow":["GET"]}}],"collection":[{"href":"https:\/\/huisartsenspoedpostzeeland.nl\/pl\/wp-json\/wp\/v2\/pages"}],"about":[{"href":"https:\/\/huisartsenspoedpostzeeland.nl\/pl\/wp-json\/wp\/v2\/types\/page"}],"author":[{"embeddable":true,"href":"https:\/\/huisartsenspoedpostzeeland.nl\/pl\/wp-json\/wp\/v2\/users\/3"}],"replies":[{"embeddable":true,"href":"https:\/\/huisartsenspoedpostzeeland.nl\/pl\/wp-json\/wp\/v2\/comments?post=10089"}],"version-history":[{"count":1,"href":"https:\/\/huisartsenspoedpostzeeland.nl\/pl\/wp-json\/wp\/v2\/pages\/10089\/revisions"}],"predecessor-version":[{"id":12618,"href":"https:\/\/huisartsenspoedpostzeeland.nl\/pl\/wp-json\/wp\/v2\/pages\/10089\/revisions\/12618"}],"wp:attachment":[{"href":"https:\/\/huisartsenspoedpostzeeland.nl\/pl\/wp-json\/wp\/v2\/media?parent=10089"}],"curies":[{"name":"wp","href":"https:\/\/api.w.org\/{rel}","templated":true}]}}