{"id":10126,"date":"2023-07-13T10:58:38","date_gmt":"2023-07-13T08:58:38","guid":{"rendered":"https:\/\/huisartsenspoedpostzeeland.nl\/?page_id=10126"},"modified":"2026-03-25T10:59:37","modified_gmt":"2026-03-25T09:59:37","slug":"stawki","status":"publish","type":"page","link":"https:\/\/huisartsenspoedpostzeeland.nl\/pl\/stawki\/","title":{"rendered":"Ceny"},"content":{"rendered":"\n<p>Je\u015bli jeste\u015b ubezpieczony w Holandii, koszty w przychodni lekarskiej zostan\u0105 zwr\u00f3cone, poniewa\u017c jest to obj\u0119te podstawowym pakietem. Tury\u015bci i pacjenci, kt\u00f3rzy nie mog\u0105 udowodni\u0107 ubezpieczenia lub nie posiadaj\u0105 Europejskiej Karty Ubezpieczenia Zdrowotnego (EHIC), musz\u0105 zap\u0142aci\u0107 bezpo\u015brednio w przychodni lekarza rodzinnego (kart\u0105). Mog\u0105 zg\u0142asza\u0107 koszty od swojego ubezpieczyciela zdrowotnego. Czy nie jeste\u015b ubezpieczony w Holandii, ale czy mo\u017cesz okaza\u0107 wa\u017cn\u0105 kart\u0119 EHIC przy stanowisku? Wtedy mo\u017cemy wys\u0142a\u0107 faktur\u0119 do Twojej firmy ubezpieczeniowej.<br><\/p>\n\n\n\n<p><\/p>\n\n\n\n<h2 class=\"wp-block-heading\">Nasze stawki w 2026 roku<\/h2>\n\n\n\n<p><em>Ustalane przez Holenderski Urz\u0105d Opieki Zdrowotnej w euro:<\/em><\/p>\n\n\n\n<p>Konsultacje \u20ac 218,99<br>Wizyta 328,49 \u20ac<br>Konsultacje triage \u20ac 35,00 \u20ac<\/p>\n\n\n\n<p>Masz pytania dotycz\u0105ce faktury? Wy\u015blij do <a href=\"mailto:administratie@dehuisartsenconnectie.nl\" target=\"_blank\" rel=\"noreferrer noopener\">administratie@dehuisartsenconnectie.nl<\/a>&nbsp;i podaj&nbsp;faktur\u0119 oraz numer d\u0142u\u017cnika.<\/p>\n\n\n\n<figure class=\"wp-block-image size-full\"><img decoding=\"async\" width=\"806\" height=\"152\" src=\"https:\/\/huisartsenspoedpostzeeland.nl\/wp-content\/uploads\/sites\/17\/2023\/07\/image.png\" alt=\"\" class=\"wp-image-10127\" srcset=\"https:\/\/huisartsenspoedpostzeeland.nl\/pl\/wp-content\/uploads\/sites\/132\/2023\/07\/image.png 806w, https:\/\/huisartsenspoedpostzeeland.nl\/pl\/wp-content\/uploads\/sites\/132\/2023\/07\/image-300x57.png 300w, https:\/\/huisartsenspoedpostzeeland.nl\/pl\/wp-content\/uploads\/sites\/132\/2023\/07\/image-768x145.png 768w\" sizes=\"(max-width: 806px) 100vw, 806px\" \/><\/figure>\n\n\n\n<p class=\"has-medium-font-size\"><strong>Informacje praktyczne<\/strong><\/p>\n\n\n\n<p>W zale\u017cno\u015bci od Twojej sytuacji, otrzymasz nast\u0119puj\u0105ce:<\/p>\n\n\n\n<ol class=\"wp-block-list\">\n<li><strong>Porady telefoniczne.<\/strong> Otrzymasz wyja\u015bnienie i telefoniczn\u0105 porad\u0119 od triagisty (p\u00f3\u017aniej sprawdzon\u0105 przez lekarza rodzinnego).&nbsp;To r\u00f3wnie\u017c <em>nazywa si\u0119 konsultacj\u0105 triage<\/em> .<\/li>\n\n\n\n<li><strong>Konsultacja.<\/strong> Piel\u0119gniarka&nbsp;&nbsp;triage um\u00f3wi&nbsp;wizyt\u0119 w ambulancie lekarza rodzinnego.&nbsp;Tam lekarz rodzinny lub specjalista\/asystent&nbsp;lekarza b\u0119dzie&nbsp;Ci\u0119 bada\u0142.&nbsp;<\/li>\n\n\n\n<li><strong>Konsultacja telefoniczna.<\/strong> Lekarz rodzinny lub specjalista\/asystent lekarza oddzwoni. Nazywa si\u0119 to <em>r\u00f3wnie\u017c konsultacj\u0105 cyfrow\u0105<\/em> , kt\u00f3ra odbywa si\u0119 przez rozmowy wideo lub telefonicznie.<\/li>\n\n\n\n<li><strong>Go\u015bcie<\/strong>. Lekarz rodzinny odwiedzi ci\u0119&nbsp;w domu.&nbsp;Wizyta jest mo\u017cliwa tylko wtedy, gdy nie mo\u017cesz przyj\u015b\u0107 do punktu lekarskiego z powod\u00f3w medycznych.&nbsp;<\/li>\n<\/ol>\n\n\n\n<p>Prosimy pami\u0119ta\u0107: w przychodni lekarza rodzinnego mo\u017cna zap\u0142aci\u0107 tylko kart\u0105!<\/p>\n","protected":false},"excerpt":{"rendered":"<p>Je\u015bli jeste\u015b ubezpieczony w Holandii, koszty zostan\u0105 zwr\u00f3cone do punktu ratunkowego lekarza rodzinnego, poniewa\u017c jest to obj\u0119te pakietem podstawowym. Tury\u015bci i pacjenci, kt\u00f3rzy nie mog\u0105 udowodni\u0107, \u017ce s\u0105 ubezpieczeni lub nie posiadaj\u0105 Europejskiej Karty Ubezpieczenia Zdrowotnego (EKUZ), musz\u0105 zap\u0142aci\u0107 bezpo\u015brednio w przychodni lekarskiej (kart\u0105 debetow\u0105). Mog\u0105 ubiega\u0107 si\u0119 o zwrot koszt\u00f3w od swojego ubezpieczyciela zdrowotnego. Nasze stawki w 2023 r. Ustalane przez Holenderski Urz\u0105d ds. Opieki Zdrowotnej w euro: Konsultacja \u20ac 182.18Wizyta \u20ac 273.27Triageconsult \u20ac 35.00 Masz pytania dotycz\u0105ce faktury? Wy\u015blij wiadomo\u015b\u0107 e-mail na adres&nbsp;administratie@dehuisartsenconnectie.nl&nbsp;i podaj numer faktury oraz numer d\u0142u\u017cnika. Informacje praktyczne W zale\u017cno\u015bci od sytuacji otrzymasz: Uwaga: w punkcie ratunkowym lekarza rodzinnego mo\u017cesz [&#8230;]<\/p>\n","protected":false},"author":37,"featured_media":0,"parent":0,"menu_order":0,"comment_status":"closed","ping_status":"closed","template":"","meta":{"_acf_changed":false,"_trash_the_other_posts":false,"editor_notices":[],"footnotes":""},"class_list":["post-10126","page","type-page","status-publish","hentry"],"acf":[],"yoast_head":"<!-- This site is optimized with the Yoast SEO plugin v26.6 - https:\/\/yoast.com\/wordpress\/plugins\/seo\/ -->\n<title>Ceny - Huisartsenspoedpost Zeeland - Polski<\/title>\n<meta name=\"robots\" content=\"index, follow, max-snippet:-1, max-image-preview:large, max-video-preview:-1\" \/>\n<link rel=\"canonical\" href=\"https:\/\/huisartsenspoedpostzeeland.nl\/pl\/stawki\/\" \/>\n<meta property=\"og:locale\" content=\"pl_PL\" \/>\n<meta property=\"og:type\" content=\"article\" \/>\n<meta property=\"og:title\" content=\"Ceny - Huisartsenspoedpost Zeeland - Polski\" \/>\n<meta property=\"og:description\" content=\"Je\u015bli jeste\u015b ubezpieczony w Holandii, koszty zostan\u0105 zwr\u00f3cone do punktu ratunkowego lekarza rodzinnego, poniewa\u017c jest to obj\u0119te pakietem podstawowym. Tury\u015bci i pacjenci, kt\u00f3rzy nie mog\u0105 udowodni\u0107, \u017ce s\u0105 ubezpieczeni lub nie posiadaj\u0105 Europejskiej Karty Ubezpieczenia Zdrowotnego (EKUZ), musz\u0105 zap\u0142aci\u0107 bezpo\u015brednio w przychodni lekarskiej (kart\u0105 debetow\u0105). Mog\u0105 ubiega\u0107 si\u0119 o zwrot koszt\u00f3w od swojego ubezpieczyciela zdrowotnego. Nasze stawki w 2023 r. Ustalane przez Holenderski Urz\u0105d ds. Opieki Zdrowotnej w euro: Konsultacja \u20ac 182.18Wizyta \u20ac 273.27Triageconsult \u20ac 35.00 Masz pytania dotycz\u0105ce faktury? Wy\u015blij wiadomo\u015b\u0107 e-mail na adres&nbsp;administratie@dehuisartsenconnectie.nl&nbsp;i podaj numer faktury oraz numer d\u0142u\u017cnika. Informacje praktyczne W zale\u017cno\u015bci od sytuacji otrzymasz: Uwaga: w punkcie ratunkowym lekarza rodzinnego mo\u017cesz [...]\" \/>\n<meta property=\"og:url\" content=\"https:\/\/huisartsenspoedpostzeeland.nl\/pl\/stawki\/\" \/>\n<meta property=\"og:site_name\" content=\"Huisartsenspoedpost Zeeland - Polski\" \/>\n<meta property=\"article:modified_time\" content=\"2026-03-25T09:59:37+00:00\" \/>\n<meta name=\"twitter:card\" content=\"summary_large_image\" \/>\n<meta name=\"twitter:label1\" content=\"Szacowany czas czytania\" \/>\n\t<meta name=\"twitter:data1\" content=\"2 minuty\" \/>\n<script type=\"application\/ld+json\" class=\"yoast-schema-graph\">{\"@context\":\"https:\/\/schema.org\",\"@graph\":[{\"@type\":\"WebPage\",\"@id\":\"https:\/\/huisartsenspoedpostzeeland.nl\/pl\/stawki\/\",\"url\":\"https:\/\/huisartsenspoedpostzeeland.nl\/pl\/stawki\/\",\"name\":\"Ceny - Huisartsenspoedpost Zeeland - Polski\",\"isPartOf\":{\"@id\":\"https:\/\/huisartsenspoedpostzeeland.nl\/pl\/#website\"},\"primaryImageOfPage\":{\"@id\":\"https:\/\/huisartsenspoedpostzeeland.nl\/pl\/stawki\/#primaryimage\"},\"image\":{\"@id\":\"https:\/\/huisartsenspoedpostzeeland.nl\/pl\/stawki\/#primaryimage\"},\"thumbnailUrl\":\"https:\/\/huisartsenspoedpostzeeland.nl\/wp-content\/uploads\/sites\/17\/2023\/07\/image.png\",\"datePublished\":\"2023-07-13T08:58:38+00:00\",\"dateModified\":\"2026-03-25T09:59:37+00:00\",\"breadcrumb\":{\"@id\":\"https:\/\/huisartsenspoedpostzeeland.nl\/pl\/stawki\/#breadcrumb\"},\"inLanguage\":\"pl-PL\",\"potentialAction\":[{\"@type\":\"ReadAction\",\"target\":[\"https:\/\/huisartsenspoedpostzeeland.nl\/pl\/stawki\/\"]}]},{\"@type\":\"ImageObject\",\"inLanguage\":\"pl-PL\",\"@id\":\"https:\/\/huisartsenspoedpostzeeland.nl\/pl\/stawki\/#primaryimage\",\"url\":\"https:\/\/huisartsenspoedpostzeeland.nl\/wp-content\/uploads\/sites\/17\/2023\/07\/image.png\",\"contentUrl\":\"https:\/\/huisartsenspoedpostzeeland.nl\/wp-content\/uploads\/sites\/17\/2023\/07\/image.png\"},{\"@type\":\"BreadcrumbList\",\"@id\":\"https:\/\/huisartsenspoedpostzeeland.nl\/pl\/stawki\/#breadcrumb\",\"itemListElement\":[{\"@type\":\"ListItem\",\"position\":1,\"name\":\"Home\",\"item\":\"https:\/\/huisartsenspoedpostzeeland.nl\/pl\/\"},{\"@type\":\"ListItem\",\"position\":2,\"name\":\"Stawki\"}]},{\"@type\":\"WebSite\",\"@id\":\"https:\/\/huisartsenspoedpostzeeland.nl\/pl\/#website\",\"url\":\"https:\/\/huisartsenspoedpostzeeland.nl\/pl\/\",\"name\":\"Huisartsenspoedpost Zeeland - Polski\",\"description\":\"\",\"potentialAction\":[{\"@type\":\"SearchAction\",\"target\":{\"@type\":\"EntryPoint\",\"urlTemplate\":\"https:\/\/huisartsenspoedpostzeeland.nl\/pl\/?s={search_term_string}\"},\"query-input\":{\"@type\":\"PropertyValueSpecification\",\"valueRequired\":true,\"valueName\":\"search_term_string\"}}],\"inLanguage\":\"pl-PL\"}]}<\/script>\n<!-- \/ Yoast SEO plugin. -->","yoast_head_json":{"title":"Ceny - Huisartsenspoedpost Zeeland - Polski","robots":{"index":"index","follow":"follow","max-snippet":"max-snippet:-1","max-image-preview":"max-image-preview:large","max-video-preview":"max-video-preview:-1"},"canonical":"https:\/\/huisartsenspoedpostzeeland.nl\/pl\/stawki\/","og_locale":"pl_PL","og_type":"article","og_title":"Ceny - Huisartsenspoedpost Zeeland - Polski","og_description":"Je\u015bli jeste\u015b ubezpieczony w Holandii, koszty zostan\u0105 zwr\u00f3cone do punktu ratunkowego lekarza rodzinnego, poniewa\u017c jest to obj\u0119te pakietem podstawowym. Tury\u015bci i pacjenci, kt\u00f3rzy nie mog\u0105 udowodni\u0107, \u017ce s\u0105 ubezpieczeni lub nie posiadaj\u0105 Europejskiej Karty Ubezpieczenia Zdrowotnego (EKUZ), musz\u0105 zap\u0142aci\u0107 bezpo\u015brednio w przychodni lekarskiej (kart\u0105 debetow\u0105). Mog\u0105 ubiega\u0107 si\u0119 o zwrot koszt\u00f3w od swojego ubezpieczyciela zdrowotnego. Nasze stawki w 2023 r. Ustalane przez Holenderski Urz\u0105d ds. Opieki Zdrowotnej w euro: Konsultacja \u20ac 182.18Wizyta \u20ac 273.27Triageconsult \u20ac 35.00 Masz pytania dotycz\u0105ce faktury? Wy\u015blij wiadomo\u015b\u0107 e-mail na adres&nbsp;administratie@dehuisartsenconnectie.nl&nbsp;i podaj numer faktury oraz numer d\u0142u\u017cnika. Informacje praktyczne W zale\u017cno\u015bci od sytuacji otrzymasz: Uwaga: w punkcie ratunkowym lekarza rodzinnego mo\u017cesz [...]","og_url":"https:\/\/huisartsenspoedpostzeeland.nl\/pl\/stawki\/","og_site_name":"Huisartsenspoedpost Zeeland - Polski","article_modified_time":"2026-03-25T09:59:37+00:00","twitter_card":"summary_large_image","twitter_misc":{"Szacowany czas czytania":"2 minuty"},"schema":{"@context":"https:\/\/schema.org","@graph":[{"@type":"WebPage","@id":"https:\/\/huisartsenspoedpostzeeland.nl\/pl\/stawki\/","url":"https:\/\/huisartsenspoedpostzeeland.nl\/pl\/stawki\/","name":"Ceny - Huisartsenspoedpost Zeeland - Polski","isPartOf":{"@id":"https:\/\/huisartsenspoedpostzeeland.nl\/pl\/#website"},"primaryImageOfPage":{"@id":"https:\/\/huisartsenspoedpostzeeland.nl\/pl\/stawki\/#primaryimage"},"image":{"@id":"https:\/\/huisartsenspoedpostzeeland.nl\/pl\/stawki\/#primaryimage"},"thumbnailUrl":"https:\/\/huisartsenspoedpostzeeland.nl\/wp-content\/uploads\/sites\/17\/2023\/07\/image.png","datePublished":"2023-07-13T08:58:38+00:00","dateModified":"2026-03-25T09:59:37+00:00","breadcrumb":{"@id":"https:\/\/huisartsenspoedpostzeeland.nl\/pl\/stawki\/#breadcrumb"},"inLanguage":"pl-PL","potentialAction":[{"@type":"ReadAction","target":["https:\/\/huisartsenspoedpostzeeland.nl\/pl\/stawki\/"]}]},{"@type":"ImageObject","inLanguage":"pl-PL","@id":"https:\/\/huisartsenspoedpostzeeland.nl\/pl\/stawki\/#primaryimage","url":"https:\/\/huisartsenspoedpostzeeland.nl\/wp-content\/uploads\/sites\/17\/2023\/07\/image.png","contentUrl":"https:\/\/huisartsenspoedpostzeeland.nl\/wp-content\/uploads\/sites\/17\/2023\/07\/image.png"},{"@type":"BreadcrumbList","@id":"https:\/\/huisartsenspoedpostzeeland.nl\/pl\/stawki\/#breadcrumb","itemListElement":[{"@type":"ListItem","position":1,"name":"Home","item":"https:\/\/huisartsenspoedpostzeeland.nl\/pl\/"},{"@type":"ListItem","position":2,"name":"Stawki"}]},{"@type":"WebSite","@id":"https:\/\/huisartsenspoedpostzeeland.nl\/pl\/#website","url":"https:\/\/huisartsenspoedpostzeeland.nl\/pl\/","name":"Huisartsenspoedpost Zeeland - Polski","description":"","potentialAction":[{"@type":"SearchAction","target":{"@type":"EntryPoint","urlTemplate":"https:\/\/huisartsenspoedpostzeeland.nl\/pl\/?s={search_term_string}"},"query-input":{"@type":"PropertyValueSpecification","valueRequired":true,"valueName":"search_term_string"}}],"inLanguage":"pl-PL"}]}},"_links":{"self":[{"href":"https:\/\/huisartsenspoedpostzeeland.nl\/pl\/wp-json\/wp\/v2\/pages\/10126","targetHints":{"allow":["GET"]}}],"collection":[{"href":"https:\/\/huisartsenspoedpostzeeland.nl\/pl\/wp-json\/wp\/v2\/pages"}],"about":[{"href":"https:\/\/huisartsenspoedpostzeeland.nl\/pl\/wp-json\/wp\/v2\/types\/page"}],"author":[{"embeddable":true,"href":"https:\/\/huisartsenspoedpostzeeland.nl\/pl\/wp-json\/wp\/v2\/users\/37"}],"replies":[{"embeddable":true,"href":"https:\/\/huisartsenspoedpostzeeland.nl\/pl\/wp-json\/wp\/v2\/comments?post=10126"}],"version-history":[{"count":7,"href":"https:\/\/huisartsenspoedpostzeeland.nl\/pl\/wp-json\/wp\/v2\/pages\/10126\/revisions"}],"predecessor-version":[{"id":13304,"href":"https:\/\/huisartsenspoedpostzeeland.nl\/pl\/wp-json\/wp\/v2\/pages\/10126\/revisions\/13304"}],"wp:attachment":[{"href":"https:\/\/huisartsenspoedpostzeeland.nl\/pl\/wp-json\/wp\/v2\/media?parent=10126"}],"curies":[{"name":"wp","href":"https:\/\/api.w.org\/{rel}","templated":true}]}}