{"id":9622,"date":"2023-06-22T11:49:18","date_gmt":"2023-06-22T09:49:18","guid":{"rendered":"https:\/\/huisartsenspoedpostzeeland.nl\/?page_id=9622"},"modified":"2025-11-27T08:45:49","modified_gmt":"2025-11-27T07:45:49","slug":"mam-skarge","status":"publish","type":"page","link":"https:\/\/huisartsenspoedpostzeeland.nl\/pl\/mam-skarge\/","title":{"rendered":"Masz jak\u0105\u015b skarg\u0119?"},"content":{"rendered":"\n\n\n<p>Je\u015bli uwa\u017casz, \u017ce nie by\u0142e\u015b odpowiednio traktowany przez lekarza rodzinnego lub pracownika stacji medycznej, mo\u017cesz z\u0142o\u017cy\u0107 skarg\u0119. <strong> Prosimy pami\u0119ta\u0107: <\/strong>ten formularz dotyczy punkt\u00f3w ratunkowych lekarzy rodzinnych w Goes, Middelburg i Zierikzee! Czy masz skarg\u0119 na punkt medyczny lekarza rodzinnego w Zeeuws-Vlaanderen? Nast\u0119pnie przejd\u017a do: <a href=\"https:\/\/huisartsenpostzvl.nl\/\" target=\"_blank\" rel=\"noreferrer noopener\">huisartsenpostzvl.nl<\/a><\/p>\n\n\n\n<h2 class=\"wp-block-heading\">Skarga<\/h2>\n\n\n\n<p>Mo\u017cesz wype\u0142ni\u0107 cyfrowy formularz skargi, klikaj\u0105c przycisk &#8222;<em>Otw\u00f3rz formularz skargi<\/em>&#8221; poni\u017cej. <\/p>\n\n\n\n<div class=\"wp-block-buttons is-layout-flex wp-block-buttons-is-layout-flex\">\n<div class=\"wp-block-button is-style-outline is-style-outline--1\"><a class=\"wp-block-button__link wp-element-button\" href=\"https:\/\/dehuisartsenconnectie.corpio.nl\/index.cfm\/klachtenformulier\" target=\"_blank\" rel=\"noreferrer noopener\">Otwarty formularz skargi<\/a><\/div>\n<\/div>\n\n\n\n<h3 class=\"wp-block-heading\">Kontynuacja:<\/h3>\n\n\n\n<p>Prosimy&nbsp;osob\u0119, do kt\u00f3rej dotyczy skarga, aby zadzwoni\u0142a do Ciebie.  Je\u015bli skarga dotyczy kt\u00f3rego\u015b z naszych pracownik\u00f3w, zostanie do Ciebie wezwany przez kierownika przychodni lekarskiej. <\/p>\n\n\n\n<p>Je\u015bli skarga dotyczy lekarza rodzinnego, zostanie do Ciebie wezwany przez tego lekarza.&nbsp;Lekarz rodzinny lub kierownik zadzwoni do Ciebie w ci\u0105gu 7 dni roboczych od otrzymania skargi, aby wsp\u00f3lnie rozwi\u0105za\u0107 spraw\u0119.<\/p>\n\n\n\n<p>Aby wyci\u0105gn\u0105\u0107 wnioski z ka\u017cdej skargi i zapobiec jej powt\u00f3rzeniu, rejestrujemy ka\u017cd\u0105 skarg\u0119. Oczywi\u015bcie zadbamy o Twoj\u0105 prywatno\u015b\u0107 z najwy\u017csz\u0105 trosk\u0105.<\/p>\n\n\n\n<p>&gt; Tutaj mo\u017cesz zobaczy\u0107&nbsp;po\u0142\u0105czenie&nbsp;<a href=\"https:\/\/huisartsenspoedpostzeeland.nl\/wp-content\/uploads\/sites\/17\/2024\/02\/Klachtenregeling-ZHCo-PS-14-06-2022.pdf\" target=\"_blank\" rel=\"noreferrer noopener\">Klachtenregeling_De GP<\/a>.<\/p>\n\n\n\n<p>&gt; Zobacz <a href=\"https:\/\/huisartsenspoedpostzeeland.nl\/wp-content\/uploads\/sites\/17\/2025\/11\/20221852-P_Klachtenfolder_V2-nieuw_LR-1.pdf\" target=\"_blank\" rel=\"noreferrer noopener\">nasz\u0105 ulotk\u0119 dotycz\u0105c\u0105 skarg.<\/a><\/p>\n\n\n\n<p>&gt; Wi\u0119cej informacji o Fundacji ds. Skarg i Spor\u00f3w w Podstawowej Opiece Zdrowotnej (SKGE) mo\u017cna znale\u017a\u0107 <a href=\"https:\/\/www.skge.nl\/\" target=\"_blank\" rel=\"noreferrer noopener\">tutaj<\/a>.<\/p>\n\n\n\n<p><br><\/p>\n","protected":false},"excerpt":{"rendered":"<p>Je\u015bli uwa\u017casz, \u017ce nie zosta\u0142e\u015b odpowiednio potraktowany przez lekarza rodzinnego lub pracownika pogotowia ratunkowego, mo\u017cesz z\u0142o\u017cy\u0107 skarg\u0119. Uwaga: ten formularz dotyczy centr\u00f3w ratunkowych lekarzy rodzinnych w Goes, Middelburgu i Zierikzee! Czy chcesz z\u0142o\u017cy\u0107 skarg\u0119 na punkt ratunkowy dla lekarzy rodzinnych w Zeeuws-Vlaanderen? Nast\u0119pnie przejd\u017a do: huisartsenpostzvl.nl Z\u0142\u00f3\u017c skarg\u0119 Mo\u017cesz wype\u0142ni\u0107 cyfrowy formularz skargi, klikaj\u0105c przycisk &#8222;Otw\u00f3rz formularz skargi&#8221; poni\u017cej. Dalsze dzia\u0142ania: Prosimy&nbsp;osob\u0119, kt\u00f3rej dotyczy skarga, o kontakt telefoniczny. Je\u015bli skarga dotyczy jednego z naszych pracownik\u00f3w, zadzwoni do Ciebie kierownik pogotowia lekarskiego. Czy skarga [&#8230;]<\/p>\n","protected":false},"author":3,"featured_media":0,"parent":0,"menu_order":0,"comment_status":"closed","ping_status":"closed","template":"","meta":{"_acf_changed":false,"_trash_the_other_posts":false,"editor_notices":[],"footnotes":""},"class_list":["post-9622","page","type-page","status-publish","hentry"],"acf":[],"yoast_head":"<!-- This site is optimized with the Yoast SEO plugin v26.6 - https:\/\/yoast.com\/wordpress\/plugins\/seo\/ -->\n<title>Masz jak\u0105\u015b skarg\u0119? - Huisartsenspoedpost Zeeland - Polski<\/title>\n<meta name=\"robots\" content=\"index, follow, max-snippet:-1, max-image-preview:large, max-video-preview:-1\" \/>\n<link rel=\"canonical\" href=\"https:\/\/huisartsenspoedpostzeeland.nl\/pl\/czy-masz-skarge\/\" \/>\n<meta property=\"og:locale\" content=\"pl_PL\" \/>\n<meta property=\"og:type\" content=\"article\" \/>\n<meta property=\"og:title\" content=\"Masz jak\u0105\u015b skarg\u0119? - Huisartsenspoedpost Zeeland - Polski\" \/>\n<meta property=\"og:description\" content=\"Je\u015bli uwa\u017casz, \u017ce nie zosta\u0142e\u015b odpowiednio potraktowany przez lekarza rodzinnego lub pracownika pogotowia ratunkowego, mo\u017cesz z\u0142o\u017cy\u0107 skarg\u0119. Uwaga: ten formularz dotyczy centr\u00f3w ratunkowych lekarzy rodzinnych w Goes, Middelburgu i Zierikzee! Czy chcesz z\u0142o\u017cy\u0107 skarg\u0119 na punkt ratunkowy dla lekarzy rodzinnych w Zeeuws-Vlaanderen? Nast\u0119pnie przejd\u017a do: huisartsenpostzvl.nl Z\u0142\u00f3\u017c skarg\u0119 Mo\u017cesz wype\u0142ni\u0107 cyfrowy formularz skargi, klikaj\u0105c przycisk &quot;Otw\u00f3rz formularz skargi&quot; poni\u017cej. Dalsze dzia\u0142ania: Prosimy&nbsp;osob\u0119, kt\u00f3rej dotyczy skarga, o kontakt telefoniczny. Je\u015bli skarga dotyczy jednego z naszych pracownik\u00f3w, zadzwoni do Ciebie kierownik pogotowia lekarskiego. Czy skarga [...]\" \/>\n<meta property=\"og:url\" content=\"https:\/\/huisartsenspoedpostzeeland.nl\/pl\/czy-masz-skarge\/\" \/>\n<meta property=\"og:site_name\" content=\"Huisartsenspoedpost Zeeland - Polski\" \/>\n<meta property=\"article:modified_time\" content=\"2025-11-27T07:45:49+00:00\" \/>\n<meta name=\"twitter:card\" content=\"summary_large_image\" \/>\n<meta name=\"twitter:label1\" content=\"Szacowany czas czytania\" \/>\n\t<meta name=\"twitter:data1\" content=\"2 minuty\" \/>\n<script type=\"application\/ld+json\" class=\"yoast-schema-graph\">{\"@context\":\"https:\/\/schema.org\",\"@graph\":[{\"@type\":\"WebPage\",\"@id\":\"https:\/\/huisartsenspoedpostzeeland.nl\/pl\/czy-masz-skarge\/\",\"url\":\"https:\/\/huisartsenspoedpostzeeland.nl\/pl\/czy-masz-skarge\/\",\"name\":\"Masz jak\u0105\u015b skarg\u0119? - Huisartsenspoedpost Zeeland - Polski\",\"isPartOf\":{\"@id\":\"https:\/\/huisartsenspoedpostzeeland.nl\/pl\/#website\"},\"datePublished\":\"2023-06-22T09:49:18+00:00\",\"dateModified\":\"2025-11-27T07:45:49+00:00\",\"breadcrumb\":{\"@id\":\"https:\/\/huisartsenspoedpostzeeland.nl\/pl\/czy-masz-skarge\/#breadcrumb\"},\"inLanguage\":\"pl-PL\",\"potentialAction\":[{\"@type\":\"ReadAction\",\"target\":[\"https:\/\/huisartsenspoedpostzeeland.nl\/pl\/czy-masz-skarge\/\"]}]},{\"@type\":\"BreadcrumbList\",\"@id\":\"https:\/\/huisartsenspoedpostzeeland.nl\/pl\/czy-masz-skarge\/#breadcrumb\",\"itemListElement\":[{\"@type\":\"ListItem\",\"position\":1,\"name\":\"Home\",\"item\":\"https:\/\/huisartsenspoedpostzeeland.nl\/pl\/\"},{\"@type\":\"ListItem\",\"position\":2,\"name\":\"Chcesz z\u0142o\u017cy\u0107 skarg\u0119?\"}]},{\"@type\":\"WebSite\",\"@id\":\"https:\/\/huisartsenspoedpostzeeland.nl\/pl\/#website\",\"url\":\"https:\/\/huisartsenspoedpostzeeland.nl\/pl\/\",\"name\":\"Huisartsenspoedpost Zeeland - Polski\",\"description\":\"\",\"potentialAction\":[{\"@type\":\"SearchAction\",\"target\":{\"@type\":\"EntryPoint\",\"urlTemplate\":\"https:\/\/huisartsenspoedpostzeeland.nl\/pl\/?s={search_term_string}\"},\"query-input\":{\"@type\":\"PropertyValueSpecification\",\"valueRequired\":true,\"valueName\":\"search_term_string\"}}],\"inLanguage\":\"pl-PL\"}]}<\/script>\n<!-- \/ Yoast SEO plugin. -->","yoast_head_json":{"title":"Masz jak\u0105\u015b skarg\u0119? - Huisartsenspoedpost Zeeland - Polski","robots":{"index":"index","follow":"follow","max-snippet":"max-snippet:-1","max-image-preview":"max-image-preview:large","max-video-preview":"max-video-preview:-1"},"canonical":"https:\/\/huisartsenspoedpostzeeland.nl\/pl\/czy-masz-skarge\/","og_locale":"pl_PL","og_type":"article","og_title":"Masz jak\u0105\u015b skarg\u0119? - Huisartsenspoedpost Zeeland - Polski","og_description":"Je\u015bli uwa\u017casz, \u017ce nie zosta\u0142e\u015b odpowiednio potraktowany przez lekarza rodzinnego lub pracownika pogotowia ratunkowego, mo\u017cesz z\u0142o\u017cy\u0107 skarg\u0119. Uwaga: ten formularz dotyczy centr\u00f3w ratunkowych lekarzy rodzinnych w Goes, Middelburgu i Zierikzee! Czy chcesz z\u0142o\u017cy\u0107 skarg\u0119 na punkt ratunkowy dla lekarzy rodzinnych w Zeeuws-Vlaanderen? Nast\u0119pnie przejd\u017a do: huisartsenpostzvl.nl Z\u0142\u00f3\u017c skarg\u0119 Mo\u017cesz wype\u0142ni\u0107 cyfrowy formularz skargi, klikaj\u0105c przycisk \"Otw\u00f3rz formularz skargi\" poni\u017cej. Dalsze dzia\u0142ania: Prosimy&nbsp;osob\u0119, kt\u00f3rej dotyczy skarga, o kontakt telefoniczny. Je\u015bli skarga dotyczy jednego z naszych pracownik\u00f3w, zadzwoni do Ciebie kierownik pogotowia lekarskiego. Czy skarga [...]","og_url":"https:\/\/huisartsenspoedpostzeeland.nl\/pl\/czy-masz-skarge\/","og_site_name":"Huisartsenspoedpost Zeeland - Polski","article_modified_time":"2025-11-27T07:45:49+00:00","twitter_card":"summary_large_image","twitter_misc":{"Szacowany czas czytania":"2 minuty"},"schema":{"@context":"https:\/\/schema.org","@graph":[{"@type":"WebPage","@id":"https:\/\/huisartsenspoedpostzeeland.nl\/pl\/czy-masz-skarge\/","url":"https:\/\/huisartsenspoedpostzeeland.nl\/pl\/czy-masz-skarge\/","name":"Masz jak\u0105\u015b skarg\u0119? - Huisartsenspoedpost Zeeland - Polski","isPartOf":{"@id":"https:\/\/huisartsenspoedpostzeeland.nl\/pl\/#website"},"datePublished":"2023-06-22T09:49:18+00:00","dateModified":"2025-11-27T07:45:49+00:00","breadcrumb":{"@id":"https:\/\/huisartsenspoedpostzeeland.nl\/pl\/czy-masz-skarge\/#breadcrumb"},"inLanguage":"pl-PL","potentialAction":[{"@type":"ReadAction","target":["https:\/\/huisartsenspoedpostzeeland.nl\/pl\/czy-masz-skarge\/"]}]},{"@type":"BreadcrumbList","@id":"https:\/\/huisartsenspoedpostzeeland.nl\/pl\/czy-masz-skarge\/#breadcrumb","itemListElement":[{"@type":"ListItem","position":1,"name":"Home","item":"https:\/\/huisartsenspoedpostzeeland.nl\/pl\/"},{"@type":"ListItem","position":2,"name":"Chcesz z\u0142o\u017cy\u0107 skarg\u0119?"}]},{"@type":"WebSite","@id":"https:\/\/huisartsenspoedpostzeeland.nl\/pl\/#website","url":"https:\/\/huisartsenspoedpostzeeland.nl\/pl\/","name":"Huisartsenspoedpost Zeeland - Polski","description":"","potentialAction":[{"@type":"SearchAction","target":{"@type":"EntryPoint","urlTemplate":"https:\/\/huisartsenspoedpostzeeland.nl\/pl\/?s={search_term_string}"},"query-input":{"@type":"PropertyValueSpecification","valueRequired":true,"valueName":"search_term_string"}}],"inLanguage":"pl-PL"}]}},"_links":{"self":[{"href":"https:\/\/huisartsenspoedpostzeeland.nl\/pl\/wp-json\/wp\/v2\/pages\/9622","targetHints":{"allow":["GET"]}}],"collection":[{"href":"https:\/\/huisartsenspoedpostzeeland.nl\/pl\/wp-json\/wp\/v2\/pages"}],"about":[{"href":"https:\/\/huisartsenspoedpostzeeland.nl\/pl\/wp-json\/wp\/v2\/types\/page"}],"author":[{"embeddable":true,"href":"https:\/\/huisartsenspoedpostzeeland.nl\/pl\/wp-json\/wp\/v2\/users\/3"}],"replies":[{"embeddable":true,"href":"https:\/\/huisartsenspoedpostzeeland.nl\/pl\/wp-json\/wp\/v2\/comments?post=9622"}],"version-history":[{"count":6,"href":"https:\/\/huisartsenspoedpostzeeland.nl\/pl\/wp-json\/wp\/v2\/pages\/9622\/revisions"}],"predecessor-version":[{"id":13280,"href":"https:\/\/huisartsenspoedpostzeeland.nl\/pl\/wp-json\/wp\/v2\/pages\/9622\/revisions\/13280"}],"wp:attachment":[{"href":"https:\/\/huisartsenspoedpostzeeland.nl\/pl\/wp-json\/wp\/v2\/media?parent=9622"}],"curies":[{"name":"wp","href":"https:\/\/api.w.org\/{rel}","templated":true}]}}