{"id":9625,"date":"2023-06-22T11:50:20","date_gmt":"2023-06-22T09:50:20","guid":{"rendered":"https:\/\/huisartsenspoedpostzeeland.nl\/?page_id=9625"},"modified":"2024-05-14T11:25:20","modified_gmt":"2024-05-14T09:25:20","slug":"mam-komplement","status":"publish","type":"page","link":"https:\/\/huisartsenspoedpostzeeland.nl\/pl\/mam-komplement\/","title":{"rendered":"Czy masz komplement?"},"content":{"rendered":"\n\n\n<p>W punkcie ratunkowym lekarzy rodzinnych i personel staraj\u0105 si\u0119 zapewni\u0107 najlepsz\u0105 mo\u017cliw\u0105 opiek\u0119. Je\u015bli uwa\u017casz, \u017ce tak w\u0142a\u015bnie si\u0119 sta\u0142o, pracownicy chcieliby us\u0142ysze\u0107 od Ciebie. Mo\u017cesz zg\u0142osi\u0107 sw\u00f3j komplement, klikaj\u0105c przycisk &#8222;Otw\u00f3rz formularz komplementu&#8221;; Dbamy o to, aby trafi\u0142o to do w\u0142a\u015bciwej osoby.<\/p>\n\n\n\n<div class=\"wp-block-buttons is-layout-flex wp-block-buttons-is-layout-flex\">\n<div class=\"wp-block-button is-style-outline is-style-outline--1\"><a class=\"wp-block-button__link wp-element-button\" href=\"https:\/\/zhco-periscaldes.corpio.nl\/forms\/editFormPublic\/0\/form_id\/439\" target=\"_blank\" rel=\"noreferrer noopener\">Otw\u00f3rz formularz komplementu<\/a><\/div>\n<\/div>\n\n\n\n<p><strong>Uwaga!<\/strong> Mo\u017cesz przes\u0142a\u0107 komplement&nbsp;tylko za po\u015brednictwem tego formularza. Je\u015bli <strong>potrzebujesz opieki<\/strong> lub masz pytanie medyczne, powiniene\u015b skontaktowa\u0107 si\u0119 ze swoim lekarzem rodzinnym lub, w nag\u0142ych przypadkach wieczorem, w nocy i w weekendy, ze stacj\u0105 pogotowia ratunkowego lekarza rodzinnego.<\/p>\n","protected":false},"excerpt":{"rendered":"<p>W punkcie ratunkowym lekarzy rodzinnych i personel staraj\u0105 si\u0119 zapewni\u0107 najlepsz\u0105 mo\u017cliw\u0105 opiek\u0119. Je\u015bli uwa\u017casz, \u017ce tak w\u0142a\u015bnie si\u0119 sta\u0142o, pracownicy chcieliby us\u0142ysze\u0107 od Ciebie. Mo\u017cesz zg\u0142osi\u0107 sw\u00f3j komplement, klikaj\u0105c przycisk &#8222;Otw\u00f3rz formularz komplementu&#8221;; Dbamy o to, aby trafi\u0142o to do w\u0142a\u015bciwej osoby. Uwaga! Mo\u017cesz przes\u0142a\u0107 komplement&nbsp;tylko za po\u015brednictwem tego formularza. Je\u015bli potrzebujesz opieki lub masz pytanie medyczne, powiniene\u015b skontaktowa\u0107 si\u0119 ze swoim lekarzem rodzinnym lub, w nag\u0142ych przypadkach wieczorem, w nocy i w weekendy, ze stacj\u0105 pogotowia ratunkowego lekarza rodzinnego.<\/p>\n","protected":false},"author":3,"featured_media":0,"parent":0,"menu_order":0,"comment_status":"closed","ping_status":"closed","template":"","meta":{"_acf_changed":false,"_trash_the_other_posts":false,"editor_notices":[],"footnotes":""},"class_list":["post-9625","page","type-page","status-publish","hentry"],"acf":[],"yoast_head":"<!-- This site is optimized with the Yoast SEO plugin v26.6 - https:\/\/yoast.com\/wordpress\/plugins\/seo\/ -->\n<title>Czy masz komplement? - Huisartsenspoedpost Zeeland - Polski<\/title>\n<meta name=\"robots\" content=\"index, follow, max-snippet:-1, max-image-preview:large, max-video-preview:-1\" \/>\n<link rel=\"canonical\" href=\"https:\/\/huisartsenspoedpostzeeland.nl\/pl\/mam-komplement\/\" \/>\n<meta property=\"og:locale\" content=\"pl_PL\" \/>\n<meta property=\"og:type\" content=\"article\" \/>\n<meta property=\"og:title\" content=\"Czy masz komplement? - Huisartsenspoedpost Zeeland - Polski\" \/>\n<meta property=\"og:description\" content=\"W punkcie ratunkowym lekarzy rodzinnych i personel staraj\u0105 si\u0119 zapewni\u0107 najlepsz\u0105 mo\u017cliw\u0105 opiek\u0119. Je\u015bli uwa\u017casz, \u017ce tak w\u0142a\u015bnie si\u0119 sta\u0142o, pracownicy chcieliby us\u0142ysze\u0107 od Ciebie. Mo\u017cesz zg\u0142osi\u0107 sw\u00f3j komplement, klikaj\u0105c przycisk &quot;Otw\u00f3rz formularz komplementu&quot;; Dbamy o to, aby trafi\u0142o to do w\u0142a\u015bciwej osoby. Uwaga! Mo\u017cesz przes\u0142a\u0107 komplement&nbsp;tylko za po\u015brednictwem tego formularza. Je\u015bli potrzebujesz opieki lub masz pytanie medyczne, powiniene\u015b skontaktowa\u0107 si\u0119 ze swoim lekarzem rodzinnym lub, w nag\u0142ych przypadkach wieczorem, w nocy i w weekendy, ze stacj\u0105 pogotowia ratunkowego lekarza rodzinnego.\" \/>\n<meta property=\"og:url\" content=\"https:\/\/huisartsenspoedpostzeeland.nl\/pl\/mam-komplement\/\" \/>\n<meta property=\"og:site_name\" content=\"Huisartsenspoedpost Zeeland - Polski\" \/>\n<meta property=\"article:modified_time\" content=\"2024-05-14T09:25:20+00:00\" \/>\n<meta name=\"twitter:card\" content=\"summary_large_image\" \/>\n<meta name=\"twitter:label1\" content=\"Szacowany czas czytania\" \/>\n\t<meta name=\"twitter:data1\" content=\"1 minuta\" \/>\n<script type=\"application\/ld+json\" class=\"yoast-schema-graph\">{\"@context\":\"https:\/\/schema.org\",\"@graph\":[{\"@type\":\"WebPage\",\"@id\":\"https:\/\/huisartsenspoedpostzeeland.nl\/pl\/mam-komplement\/\",\"url\":\"https:\/\/huisartsenspoedpostzeeland.nl\/pl\/mam-komplement\/\",\"name\":\"Czy masz komplement? - Huisartsenspoedpost Zeeland - Polski\",\"isPartOf\":{\"@id\":\"https:\/\/huisartsenspoedpostzeeland.nl\/pl\/#website\"},\"datePublished\":\"2023-06-22T09:50:20+00:00\",\"dateModified\":\"2024-05-14T09:25:20+00:00\",\"breadcrumb\":{\"@id\":\"https:\/\/huisartsenspoedpostzeeland.nl\/pl\/mam-komplement\/#breadcrumb\"},\"inLanguage\":\"pl-PL\",\"potentialAction\":[{\"@type\":\"ReadAction\",\"target\":[\"https:\/\/huisartsenspoedpostzeeland.nl\/pl\/mam-komplement\/\"]}]},{\"@type\":\"BreadcrumbList\",\"@id\":\"https:\/\/huisartsenspoedpostzeeland.nl\/pl\/mam-komplement\/#breadcrumb\",\"itemListElement\":[{\"@type\":\"ListItem\",\"position\":1,\"name\":\"Home\",\"item\":\"https:\/\/huisartsenspoedpostzeeland.nl\/pl\/\"},{\"@type\":\"ListItem\",\"position\":2,\"name\":\"Czy masz komplement?\"}]},{\"@type\":\"WebSite\",\"@id\":\"https:\/\/huisartsenspoedpostzeeland.nl\/pl\/#website\",\"url\":\"https:\/\/huisartsenspoedpostzeeland.nl\/pl\/\",\"name\":\"Huisartsenspoedpost Zeeland - Polski\",\"description\":\"\",\"potentialAction\":[{\"@type\":\"SearchAction\",\"target\":{\"@type\":\"EntryPoint\",\"urlTemplate\":\"https:\/\/huisartsenspoedpostzeeland.nl\/pl\/?s={search_term_string}\"},\"query-input\":{\"@type\":\"PropertyValueSpecification\",\"valueRequired\":true,\"valueName\":\"search_term_string\"}}],\"inLanguage\":\"pl-PL\"}]}<\/script>\n<!-- \/ Yoast SEO plugin. -->","yoast_head_json":{"title":"Czy masz komplement? - Huisartsenspoedpost Zeeland - Polski","robots":{"index":"index","follow":"follow","max-snippet":"max-snippet:-1","max-image-preview":"max-image-preview:large","max-video-preview":"max-video-preview:-1"},"canonical":"https:\/\/huisartsenspoedpostzeeland.nl\/pl\/mam-komplement\/","og_locale":"pl_PL","og_type":"article","og_title":"Czy masz komplement? - Huisartsenspoedpost Zeeland - Polski","og_description":"W punkcie ratunkowym lekarzy rodzinnych i personel staraj\u0105 si\u0119 zapewni\u0107 najlepsz\u0105 mo\u017cliw\u0105 opiek\u0119. Je\u015bli uwa\u017casz, \u017ce tak w\u0142a\u015bnie si\u0119 sta\u0142o, pracownicy chcieliby us\u0142ysze\u0107 od Ciebie. Mo\u017cesz zg\u0142osi\u0107 sw\u00f3j komplement, klikaj\u0105c przycisk \"Otw\u00f3rz formularz komplementu\"; Dbamy o to, aby trafi\u0142o to do w\u0142a\u015bciwej osoby. Uwaga! Mo\u017cesz przes\u0142a\u0107 komplement&nbsp;tylko za po\u015brednictwem tego formularza. Je\u015bli potrzebujesz opieki lub masz pytanie medyczne, powiniene\u015b skontaktowa\u0107 si\u0119 ze swoim lekarzem rodzinnym lub, w nag\u0142ych przypadkach wieczorem, w nocy i w weekendy, ze stacj\u0105 pogotowia ratunkowego lekarza rodzinnego.","og_url":"https:\/\/huisartsenspoedpostzeeland.nl\/pl\/mam-komplement\/","og_site_name":"Huisartsenspoedpost Zeeland - Polski","article_modified_time":"2024-05-14T09:25:20+00:00","twitter_card":"summary_large_image","twitter_misc":{"Szacowany czas czytania":"1 minuta"},"schema":{"@context":"https:\/\/schema.org","@graph":[{"@type":"WebPage","@id":"https:\/\/huisartsenspoedpostzeeland.nl\/pl\/mam-komplement\/","url":"https:\/\/huisartsenspoedpostzeeland.nl\/pl\/mam-komplement\/","name":"Czy masz komplement? - Huisartsenspoedpost Zeeland - Polski","isPartOf":{"@id":"https:\/\/huisartsenspoedpostzeeland.nl\/pl\/#website"},"datePublished":"2023-06-22T09:50:20+00:00","dateModified":"2024-05-14T09:25:20+00:00","breadcrumb":{"@id":"https:\/\/huisartsenspoedpostzeeland.nl\/pl\/mam-komplement\/#breadcrumb"},"inLanguage":"pl-PL","potentialAction":[{"@type":"ReadAction","target":["https:\/\/huisartsenspoedpostzeeland.nl\/pl\/mam-komplement\/"]}]},{"@type":"BreadcrumbList","@id":"https:\/\/huisartsenspoedpostzeeland.nl\/pl\/mam-komplement\/#breadcrumb","itemListElement":[{"@type":"ListItem","position":1,"name":"Home","item":"https:\/\/huisartsenspoedpostzeeland.nl\/pl\/"},{"@type":"ListItem","position":2,"name":"Czy masz komplement?"}]},{"@type":"WebSite","@id":"https:\/\/huisartsenspoedpostzeeland.nl\/pl\/#website","url":"https:\/\/huisartsenspoedpostzeeland.nl\/pl\/","name":"Huisartsenspoedpost Zeeland - Polski","description":"","potentialAction":[{"@type":"SearchAction","target":{"@type":"EntryPoint","urlTemplate":"https:\/\/huisartsenspoedpostzeeland.nl\/pl\/?s={search_term_string}"},"query-input":{"@type":"PropertyValueSpecification","valueRequired":true,"valueName":"search_term_string"}}],"inLanguage":"pl-PL"}]}},"_links":{"self":[{"href":"https:\/\/huisartsenspoedpostzeeland.nl\/pl\/wp-json\/wp\/v2\/pages\/9625","targetHints":{"allow":["GET"]}}],"collection":[{"href":"https:\/\/huisartsenspoedpostzeeland.nl\/pl\/wp-json\/wp\/v2\/pages"}],"about":[{"href":"https:\/\/huisartsenspoedpostzeeland.nl\/pl\/wp-json\/wp\/v2\/types\/page"}],"author":[{"embeddable":true,"href":"https:\/\/huisartsenspoedpostzeeland.nl\/pl\/wp-json\/wp\/v2\/users\/3"}],"replies":[{"embeddable":true,"href":"https:\/\/huisartsenspoedpostzeeland.nl\/pl\/wp-json\/wp\/v2\/comments?post=9625"}],"version-history":[{"count":1,"href":"https:\/\/huisartsenspoedpostzeeland.nl\/pl\/wp-json\/wp\/v2\/pages\/9625\/revisions"}],"predecessor-version":[{"id":12610,"href":"https:\/\/huisartsenspoedpostzeeland.nl\/pl\/wp-json\/wp\/v2\/pages\/9625\/revisions\/12610"}],"wp:attachment":[{"href":"https:\/\/huisartsenspoedpostzeeland.nl\/pl\/wp-json\/wp\/v2\/media?parent=9625"}],"curies":[{"name":"wp","href":"https:\/\/api.w.org\/{rel}","templated":true}]}}