{"id":10072,"date":"2023-07-11T14:56:17","date_gmt":"2023-07-11T12:56:17","guid":{"rendered":"https:\/\/huisartsenspoedpostzeeland.nl\/?page_id=10072"},"modified":"2024-05-14T14:33:56","modified_gmt":"2024-05-14T12:33:56","slug":"%d1%84%d1%80%d0%b0%d0%bd%d1%81%d0%b5","status":"publish","type":"page","link":"https:\/\/huisartsenspoedpostzeeland.nl\/uk\/%d1%84%d1%80%d0%b0%d0%bd%d1%81%d0%b5\/","title":{"rendered":"\u0424\u0440\u0430\u043d\u0441\u0435"},"content":{"rendered":"\n\n\n<div id=\"mindd_widget_embedded\"><\/div>\n<script src=\"https:\/\/moetiknaardedokter.azurewebsites.net\/embed\/index.js\" type=\"text\/javascript\"><\/script>\n<script type=\"text\/javascript\">\n\twindow.addEventListener('DOMContentLoaded', function() {\n\t\twindow.mindd.init({\n\t\t\tApiKey: 'XXb\/K5kLU9X4HuKM8HjXueS8A+JPM2BY',\n\t\t\ttarget: '#mindd_widget_embedded',\n\t\t\ttype: 'widget',\t\t\t\n\t\t\topen: false,\n\t\t\tdefaultLanguageCode: 'EN',\n\t\t\tmodalDisplayMode: 'full',\n\t\t\twidget_showWelcomeText: true,\n\t\t\twidget_background: 'transparent',\n\t\t\twidget_foreground: '#fff',\n\t\t\tlabels: {\n\t\t\t\tQuestionWhatGender: null\n\t\t\t},\n\t\t\tbranding: {\n\t\t\t\ttermsOfUseUrl: '\/gebruiksvoorwaarden\/',\n\t\t\t\tlayout: null,\n\t\t\t\tname: '',\n\t\t\t\tphone_label: '',\n\t\t\t\tphone_number: '',\n\t\t\t}\n\t\t});\n\t});\n<\/script>\n\n\n\n\n<h2 class=\"wp-block-heading\"><strong>Bienvenu du poste m\u00e9dicale Zeeland<\/strong>!<\/h2>\n\n\n\n<p>Si vous avez besoin de consulter d&#8217; urgence m\u00e9decin le soir (17.00-08.00h), durant le weekend (Vendredi 17.00- Lundi 08.00h), ou un jour f\u00e9ri\u00e9, composez le num\u00e9ro de t\u00e9l\u00e9phone du poste medicale.<\/p>\n","protected":false},"excerpt":{"rendered":"<p>Bienvenu du poste m\u00e9dicale Zeeland! Si vous avez besoin de consulter d&#8217; urgence m\u00e9decin le soir (17.00-08.00h), durant le weekend (Vendredi 17.00- Lundi 08.00h), ou un jour f\u00e9ri\u00e9, composez le num\u00e9ro de t\u00e9l\u00e9phone du poste medicale.<\/p>\n","protected":false},"author":37,"featured_media":0,"parent":0,"menu_order":0,"comment_status":"closed","ping_status":"closed","template":"","meta":{"_acf_changed":false,"_trash_the_other_posts":false,"editor_notices":[],"footnotes":""},"class_list":["post-10072","page","type-page","status-publish","hentry"],"acf":[],"yoast_head":"<!-- This site is optimized with the Yoast SEO plugin v26.6 - https:\/\/yoast.com\/wordpress\/plugins\/seo\/ -->\n<title>\u0424\u0440\u0430\u043d\u0441\u0435 - Huisartsenspoedpost Zeeland - \u0423\u043a\u0440\u0430\u0457\u043d\u0441\u044c\u043a\u0438\u0439<\/title>\n<meta name=\"robots\" content=\"index, follow, max-snippet:-1, max-image-preview:large, max-video-preview:-1\" \/>\n<link rel=\"canonical\" href=\"https:\/\/huisartsenspoedpostzeeland.nl\/uk\/\u0444\u0440\u0430\u043d\u0441\u0435\/\" \/>\n<meta property=\"og:locale\" content=\"uk_UA\" \/>\n<meta property=\"og:type\" content=\"article\" \/>\n<meta property=\"og:title\" content=\"\u0424\u0440\u0430\u043d\u0441\u0435 - Huisartsenspoedpost Zeeland - \u0423\u043a\u0440\u0430\u0457\u043d\u0441\u044c\u043a\u0438\u0439\" \/>\n<meta property=\"og:description\" content=\"Bienvenu du poste m\u00e9dicale Zeeland! Si vous avez besoin de consulter d&#039; urgence m\u00e9decin le soir (17.00-08.00h), durant le weekend (Vendredi 17.00- Lundi 08.00h), ou un jour f\u00e9ri\u00e9, composez le num\u00e9ro de t\u00e9l\u00e9phone du poste medicale.\" \/>\n<meta property=\"og:url\" content=\"https:\/\/huisartsenspoedpostzeeland.nl\/uk\/\u0444\u0440\u0430\u043d\u0441\u0435\/\" \/>\n<meta property=\"og:site_name\" content=\"Huisartsenspoedpost Zeeland - \u0423\u043a\u0440\u0430\u0457\u043d\u0441\u044c\u043a\u0438\u0439\" \/>\n<meta property=\"article:modified_time\" content=\"2024-05-14T12:33:56+00:00\" \/>\n<meta name=\"twitter:card\" content=\"summary_large_image\" \/>\n<meta name=\"twitter:label1\" content=\"\u041f\u0440\u0438\u0431\u043b. \u0447\u0430\u0441 \u0447\u0438\u0442\u0430\u043d\u043d\u044f\" \/>\n\t<meta name=\"twitter:data1\" content=\"1 \u0445\u0432\u0438\u043b\u0438\u043d\u0430\" \/>\n<script type=\"application\/ld+json\" class=\"yoast-schema-graph\">{\"@context\":\"https:\/\/schema.org\",\"@graph\":[{\"@type\":\"WebPage\",\"@id\":\"https:\/\/huisartsenspoedpostzeeland.nl\/uk\/%d1%84%d1%80%d0%b0%d0%bd%d1%81%d0%b5\/\",\"url\":\"https:\/\/huisartsenspoedpostzeeland.nl\/uk\/%d1%84%d1%80%d0%b0%d0%bd%d1%81%d0%b5\/\",\"name\":\"\u0424\u0440\u0430\u043d\u0441\u0435 - Huisartsenspoedpost Zeeland - \u0423\u043a\u0440\u0430\u0457\u043d\u0441\u044c\u043a\u0438\u0439\",\"isPartOf\":{\"@id\":\"https:\/\/huisartsenspoedpostzeeland.nl\/uk\/#website\"},\"datePublished\":\"2023-07-11T12:56:17+00:00\",\"dateModified\":\"2024-05-14T12:33:56+00:00\",\"breadcrumb\":{\"@id\":\"https:\/\/huisartsenspoedpostzeeland.nl\/uk\/%d1%84%d1%80%d0%b0%d0%bd%d1%81%d0%b5\/#breadcrumb\"},\"inLanguage\":\"uk\",\"potentialAction\":[{\"@type\":\"ReadAction\",\"target\":[\"https:\/\/huisartsenspoedpostzeeland.nl\/uk\/%d1%84%d1%80%d0%b0%d0%bd%d1%81%d0%b5\/\"]}]},{\"@type\":\"BreadcrumbList\",\"@id\":\"https:\/\/huisartsenspoedpostzeeland.nl\/uk\/%d1%84%d1%80%d0%b0%d0%bd%d1%81%d0%b5\/#breadcrumb\",\"itemListElement\":[{\"@type\":\"ListItem\",\"position\":1,\"name\":\"Home\",\"item\":\"https:\/\/huisartsenspoedpostzeeland.nl\/uk\/\"},{\"@type\":\"ListItem\",\"position\":2,\"name\":\"\u0424\u0440\u0430\u043d\u0441\u0435\"}]},{\"@type\":\"WebSite\",\"@id\":\"https:\/\/huisartsenspoedpostzeeland.nl\/uk\/#website\",\"url\":\"https:\/\/huisartsenspoedpostzeeland.nl\/uk\/\",\"name\":\"Huisartsenspoedpost Zeeland - \u0423\u043a\u0440\u0430\u0457\u043d\u0441\u044c\u043a\u0438\u0439\",\"description\":\"\",\"potentialAction\":[{\"@type\":\"SearchAction\",\"target\":{\"@type\":\"EntryPoint\",\"urlTemplate\":\"https:\/\/huisartsenspoedpostzeeland.nl\/uk\/?s={search_term_string}\"},\"query-input\":{\"@type\":\"PropertyValueSpecification\",\"valueRequired\":true,\"valueName\":\"search_term_string\"}}],\"inLanguage\":\"uk\"}]}<\/script>\n<!-- \/ Yoast SEO plugin. -->","yoast_head_json":{"title":"\u0424\u0440\u0430\u043d\u0441\u0435 - Huisartsenspoedpost Zeeland - \u0423\u043a\u0440\u0430\u0457\u043d\u0441\u044c\u043a\u0438\u0439","robots":{"index":"index","follow":"follow","max-snippet":"max-snippet:-1","max-image-preview":"max-image-preview:large","max-video-preview":"max-video-preview:-1"},"canonical":"https:\/\/huisartsenspoedpostzeeland.nl\/uk\/\u0444\u0440\u0430\u043d\u0441\u0435\/","og_locale":"uk_UA","og_type":"article","og_title":"\u0424\u0440\u0430\u043d\u0441\u0435 - Huisartsenspoedpost Zeeland - \u0423\u043a\u0440\u0430\u0457\u043d\u0441\u044c\u043a\u0438\u0439","og_description":"Bienvenu du poste m\u00e9dicale Zeeland! Si vous avez besoin de consulter d' urgence m\u00e9decin le soir (17.00-08.00h), durant le weekend (Vendredi 17.00- Lundi 08.00h), ou un jour f\u00e9ri\u00e9, composez le num\u00e9ro de t\u00e9l\u00e9phone du poste medicale.","og_url":"https:\/\/huisartsenspoedpostzeeland.nl\/uk\/\u0444\u0440\u0430\u043d\u0441\u0435\/","og_site_name":"Huisartsenspoedpost Zeeland - \u0423\u043a\u0440\u0430\u0457\u043d\u0441\u044c\u043a\u0438\u0439","article_modified_time":"2024-05-14T12:33:56+00:00","twitter_card":"summary_large_image","twitter_misc":{"\u041f\u0440\u0438\u0431\u043b. \u0447\u0430\u0441 \u0447\u0438\u0442\u0430\u043d\u043d\u044f":"1 \u0445\u0432\u0438\u043b\u0438\u043d\u0430"},"schema":{"@context":"https:\/\/schema.org","@graph":[{"@type":"WebPage","@id":"https:\/\/huisartsenspoedpostzeeland.nl\/uk\/%d1%84%d1%80%d0%b0%d0%bd%d1%81%d0%b5\/","url":"https:\/\/huisartsenspoedpostzeeland.nl\/uk\/%d1%84%d1%80%d0%b0%d0%bd%d1%81%d0%b5\/","name":"\u0424\u0440\u0430\u043d\u0441\u0435 - Huisartsenspoedpost Zeeland - \u0423\u043a\u0440\u0430\u0457\u043d\u0441\u044c\u043a\u0438\u0439","isPartOf":{"@id":"https:\/\/huisartsenspoedpostzeeland.nl\/uk\/#website"},"datePublished":"2023-07-11T12:56:17+00:00","dateModified":"2024-05-14T12:33:56+00:00","breadcrumb":{"@id":"https:\/\/huisartsenspoedpostzeeland.nl\/uk\/%d1%84%d1%80%d0%b0%d0%bd%d1%81%d0%b5\/#breadcrumb"},"inLanguage":"uk","potentialAction":[{"@type":"ReadAction","target":["https:\/\/huisartsenspoedpostzeeland.nl\/uk\/%d1%84%d1%80%d0%b0%d0%bd%d1%81%d0%b5\/"]}]},{"@type":"BreadcrumbList","@id":"https:\/\/huisartsenspoedpostzeeland.nl\/uk\/%d1%84%d1%80%d0%b0%d0%bd%d1%81%d0%b5\/#breadcrumb","itemListElement":[{"@type":"ListItem","position":1,"name":"Home","item":"https:\/\/huisartsenspoedpostzeeland.nl\/uk\/"},{"@type":"ListItem","position":2,"name":"\u0424\u0440\u0430\u043d\u0441\u0435"}]},{"@type":"WebSite","@id":"https:\/\/huisartsenspoedpostzeeland.nl\/uk\/#website","url":"https:\/\/huisartsenspoedpostzeeland.nl\/uk\/","name":"Huisartsenspoedpost Zeeland - \u0423\u043a\u0440\u0430\u0457\u043d\u0441\u044c\u043a\u0438\u0439","description":"","potentialAction":[{"@type":"SearchAction","target":{"@type":"EntryPoint","urlTemplate":"https:\/\/huisartsenspoedpostzeeland.nl\/uk\/?s={search_term_string}"},"query-input":{"@type":"PropertyValueSpecification","valueRequired":true,"valueName":"search_term_string"}}],"inLanguage":"uk"}]}},"_links":{"self":[{"href":"https:\/\/huisartsenspoedpostzeeland.nl\/uk\/wp-json\/wp\/v2\/pages\/10072","targetHints":{"allow":["GET"]}}],"collection":[{"href":"https:\/\/huisartsenspoedpostzeeland.nl\/uk\/wp-json\/wp\/v2\/pages"}],"about":[{"href":"https:\/\/huisartsenspoedpostzeeland.nl\/uk\/wp-json\/wp\/v2\/types\/page"}],"author":[{"embeddable":true,"href":"https:\/\/huisartsenspoedpostzeeland.nl\/uk\/wp-json\/wp\/v2\/users\/37"}],"replies":[{"embeddable":true,"href":"https:\/\/huisartsenspoedpostzeeland.nl\/uk\/wp-json\/wp\/v2\/comments?post=10072"}],"version-history":[{"count":1,"href":"https:\/\/huisartsenspoedpostzeeland.nl\/uk\/wp-json\/wp\/v2\/pages\/10072\/revisions"}],"predecessor-version":[{"id":12613,"href":"https:\/\/huisartsenspoedpostzeeland.nl\/uk\/wp-json\/wp\/v2\/pages\/10072\/revisions\/12613"}],"wp:attachment":[{"href":"https:\/\/huisartsenspoedpostzeeland.nl\/uk\/wp-json\/wp\/v2\/media?parent=10072"}],"curies":[{"name":"wp","href":"https:\/\/api.w.org\/{rel}","templated":true}]}}